{"id":101,"date":"2025-07-09T01:51:57","date_gmt":"2025-07-09T01:51:57","guid":{"rendered":"https:\/\/hotpink-goldfish-701306.hostingersite.com\/?page_id=101"},"modified":"2025-10-21T07:36:28","modified_gmt":"2025-10-21T07:36:28","slug":"nuestra-historia","status":"publish","type":"page","link":"https:\/\/songyehairtools.com\/es\/nuestra-historia\/","title":{"rendered":"Nuestra Historia"},"content":{"rendered":"<div data-elementor-type=\"wp-page\" data-elementor-id=\"101\" class=\"elementor elementor-101\" data-elementor-post-type=\"page\">\n\t\t\t\t<div class=\"elementor-element elementor-element-4486702 e-flex e-con-boxed e-con e-parent\" data-id=\"4486702\" data-element_type=\"container\" data-e-type=\"container\" data-settings=\"{&quot;background_background&quot;:&quot;classic&quot;,&quot;shape_divider_bottom&quot;:&quot;triangle-asymmetrical&quot;}\">\n\t\t\t\t\t<div class=\"e-con-inner\">\n\t\t\t\t<div class=\"elementor-shape elementor-shape-bottom\" aria-hidden=\"true\" data-negative=\"false\">\n\t\t\t<svg xmlns=\"http:\/\/www.w3.org\/2000\/svg\" viewbox=\"0 0 1000 100\" preserveaspectratio=\"none\">\n\t<path class=\"elementor-shape-fill\" d=\"M738,99l262-93V0H0v5.6L738,99z\"\/>\n<\/svg>\t\t<\/div>\n\t\t<div class=\"elementor-element elementor-element-32f38f2f e-con-full e-flex e-con e-child\" data-id=\"32f38f2f\" data-element_type=\"container\" data-e-type=\"container\">\n\t\t<div class=\"elementor-element elementor-element-20cf01a2 e-con-full e-flex e-con e-child\" data-id=\"20cf01a2\" data-element_type=\"container\" data-e-type=\"container\" data-settings=\"{&quot;background_background&quot;:&quot;classic&quot;}\">\n\t\t\t\t<div class=\"elementor-element elementor-element-33d2ed34 elementor-widget__width-initial elementor-widget elementor-widget-heading\" data-id=\"33d2ed34\" data-element_type=\"widget\" data-e-type=\"widget\" data-settings=\"{&quot;_animation&quot;:&quot;none&quot;}\" data-widget_type=\"heading.default\">\n\t\t\t\t\t<h2 class=\"elementor-heading-title elementor-size-default\">Nuestra Historia<\/h2>\t\t\t\t<\/div>\n\t\t\t\t<\/div>\n\t\t\t\t<\/div>\n\t\t\t\t\t<\/div>\n\t\t\t\t<\/div>\n\t\t<div class=\"elementor-element elementor-element-6d41ea3f e-flex e-con-boxed e-con e-parent\" data-id=\"6d41ea3f\" data-element_type=\"container\" data-e-type=\"container\">\n\t\t\t\t\t<div class=\"e-con-inner\">\n\t\t<div class=\"elementor-element elementor-element-2d93f51d e-con-full e-flex e-con e-child\" data-id=\"2d93f51d\" data-element_type=\"container\" data-e-type=\"container\">\n\t\t\t\t<div class=\"elementor-element elementor-element-72bc2c79 elementor-widget elementor-widget-heading\" data-id=\"72bc2c79\" data-element_type=\"widget\" data-e-type=\"widget\" data-widget_type=\"heading.default\">\n\t\t\t\t\t<h2 class=\"elementor-heading-title elementor-size-default\">Songye Electrodom\u00e9sticos (SONGYE): Durante 19 A\u00f1os, Llevando Calor a Cada Cabello en el Mundo<\/h2>\t\t\t\t<\/div>\n\t\t\t\t<div class=\"elementor-element elementor-element-1accf7d3 elementor-widget elementor-widget-text-editor\" data-id=\"1accf7d3\" data-element_type=\"widget\" data-e-type=\"widget\" data-widget_type=\"text-editor.default\">\n\t\t\t\t\t\t\t\t\t<p>En el verano de 2005, en una antigua nave industrial en Hunan, unos j\u00f3venes colgaron un cartel ligeramente descolorido, y secadores de pelo desmontados estaban esparcidos sobre el banco de trabajo. El fundador Green Lan afirm\u00f3 con firmeza: \u201cLas herramientas no deber\u00edan tener la frialdad del metal\u2014deber\u00edan sentir el calor del cabello, igual que nosotros\u201d. Se agacharon en la peluquer\u00eda, observando cada movimiento de los estilistas y llenaron tres cuadernos con quejas de los clientes: \u2019El flujo de aire es demasiado difuso, dificultando el peinado de los rizos\u201c, \u201dLos botones son demasiado resbaladizos, es f\u00e1cil tocarlos accidentalmente con las manos mojadas\u201c\u2014estas molestias aparentemente menores se convirtieron en el plano inicial para la innovaci\u00f3n de Songye.<\/p><p>En 2008, al expandir la producci\u00f3n, Songye invirti\u00f3 decididamente en fabricaci\u00f3n automatizada de precisi\u00f3n. Las luces del laboratorio a menudo permanec\u00edan encendidas hasta altas horas de la noche mientras los ingenieros pul\u00edan repetidamente el alambre calefactor para ajustar la temperatura del aire en 0.5\u00b0C, y probaban la amortiguaci\u00f3n de los botones usando un modelo de mano humana hasta que el agarre se sent\u00eda natural. Lo que en su momento parec\u00eda una persistencia obsesiva, finalmente se convirti\u00f3 en detalles ocultos en cada secador de pelo.<\/p><p>En 2012, el primer lote de productos se envi\u00f3 al extranjero. Los estilistas europeos comentaron sobre el \u201cmenor ruido del viento y los rizos m\u00e1s d\u00f3ciles\u201d, mientras que los usuarios norteamericanos elogiaron que \u201cno resbala incluso con las manos mojadas\u201d. Esta retroalimentaci\u00f3n honesta es m\u00e1s valiosa que cualquier otro reconocimiento. M\u00e1s tarde, un cliente de Medio Oriente se quej\u00f3 de que el secador se calentaba demasiado al tacto. El equipo pas\u00f3 tres meses en una c\u00e1mara de simulaci\u00f3n a 40\u00b0C\u2014no para obtener una certificaci\u00f3n, sino simplemente para mantener el cabello m\u00e1s fresco, m\u00e1s fresco y a\u00fan m\u00e1s fresco.<\/p>\t\t\t\t\t\t\t\t<\/div>\n\t\t<div class=\"elementor-element elementor-element-1b96220b e-con-full e-flex e-con e-child\" data-id=\"1b96220b\" data-element_type=\"container\" data-e-type=\"container\" data-settings=\"{&quot;background_background&quot;:&quot;classic&quot;}\">\n\t\t\t\t<div class=\"elementor-element elementor-element-a3eabb2 elementor-widget elementor-widget-image\" data-id=\"a3eabb2\" data-element_type=\"widget\" data-e-type=\"widget\" data-widget_type=\"image.default\">\n\t\t\t\t\t\t\t\t\t\t\t\t\t\t\t<img fetchpriority=\"high\" decoding=\"async\" width=\"800\" height=\"533\" src=\"https:\/\/songyehairtools.com\/wp-content\/uploads\/2025\/09\/nuestra-historia.jpg\" class=\"attachment-large size-large wp-image-710\" alt=\"nuestra historia\" srcset=\"\" sizes=\"(max-width: 800px) 100vw, 800px\" title=\"\" data-srcset=\"\">\t\t\t\t\t\t\t\t\t\t\t\t\t\t\t<\/div>\n\t\t\t\t<\/div>\n\t\t<div class=\"elementor-element elementor-element-7607136e e-con-full e-flex e-con e-child\" data-id=\"7607136e\" data-element_type=\"container\" data-e-type=\"container\">\n\t\t\t\t<div class=\"elementor-element elementor-element-6fdf4219 elementor-widget elementor-widget-text-editor\" data-id=\"6fdf4219\" data-element_type=\"widget\" data-e-type=\"widget\" data-widget_type=\"text-editor.default\">\n\t\t\t\t\t\t\t\t\t<p>\u00a0<\/p><p>Hoy, dentro de la espaciosa f\u00e1brica de 5,000 metros cuadrados de Songye, seis l\u00edneas de producci\u00f3n inteligente funcionan sin problemas. La boquilla magn\u00e9tica gira 360\u00b0 para adaptarse a la curvatura del cabello asi\u00e1tico, y la funci\u00f3n de memoria de control de temperatura inteligente surge de las necesidades de los usuarios europeos. La sala de exposici\u00f3n est\u00e1 llena de experiencias de usuarios de todo el mundo: en un sal\u00f3n de Par\u00eds, el secador crea un sentido de ritual para una novia; en las calles de Tokio, una chica lo sostiene para una selfie, su cabello brillando en el aire c\u00e1lido.<\/p><p>\u201cNo hacemos herramientas; hacemos compa\u00f1eros\u201d, dice a menudo Green Lan. Desde su primer secador viejo desmontado hasta sus actuales ventas globales de millones, la historia de Matsuno durante estos diecinueve a\u00f1os ha permanecido simple: transformar las \u2019peque\u00f1as quejas\u201c de los usuarios en \u201dgrandes sorpresas\u201c del producto; con calidez en cada detalle, permitiendo que las herramientas realmente comprendan a las personas.<\/p><p>El plano para los pr\u00f3ximos diecinueve a\u00f1os ya se ha trazado en el laboratorio. Quiz\u00e1s ser\u00e1 una brisa m\u00e1s suave, quiz\u00e1s un bot\u00f3n m\u00e1s c\u00f3modo\u2014pero lo que permanece inalterado es la creencia original:<br \/>Dejar que las herramientas comprendan mejor a las personas.<\/p>\t\t\t\t\t\t\t\t<\/div>\n\t\t\t\t<\/div>\n\t\t\t\t<\/div>\n\t\t<div class=\"elementor-element elementor-element-31656ce7 e-con-full e-flex e-con e-child\" data-id=\"31656ce7\" data-element_type=\"container\" data-e-type=\"container\">\n\t\t<div class=\"elementor-element elementor-element-371a28f3 e-con-full e-flex e-con e-child\" data-id=\"371a28f3\" data-element_type=\"container\" data-e-type=\"container\" data-settings=\"{&quot;background_background&quot;:&quot;classic&quot;}\">\n\t\t\t\t<div class=\"elementor-element elementor-element-14d84f79 elementor-widget elementor-widget-heading\" data-id=\"14d84f79\" data-element_type=\"widget\" data-e-type=\"widget\" data-widget_type=\"heading.default\">\n\t\t\t\t\t<h2 class=\"elementor-heading-title elementor-size-default\">Nuestros Productos:<\/h2>\t\t\t\t<\/div>\n\t\t\t\t<div class=\"elementor-element elementor-element-4137cdfb elementor-icon-list--layout-traditional elementor-list-item-link-full_width elementor-widget elementor-widget-icon-list\" data-id=\"4137cdfb\" data-element_type=\"widget\" data-e-type=\"widget\" data-widget_type=\"icon-list.default\">\n\t\t\t\t\t\t\t<ul class=\"elementor-icon-list-items\">\n\t\t\t\t\t\t\t<li class=\"elementor-icon-list-item\">\n\t\t\t\t\t\t\t\t\t\t\t<a href=\"https:\/\/songyehairtools.com\/es\/categoria-producto\/secador-de-pelo-de-corriente-alterna\/\">\n\n\t\t\t\t\t\t\t\t\t\t\t\t<span class=\"elementor-icon-list-icon\">\n\t\t\t\t\t\t\t<svg aria-hidden=\"true\" class=\"e-font-icon-svg e-fas-chevron-right\" viewbox=\"0 0 320 512\" xmlns=\"http:\/\/www.w3.org\/2000\/svg\"><path d=\"M285.476 272.971L91.132 467.314c-9.373 9.373-24.569 9.373-33.941 0l-22.667-22.667c-9.357-9.357-9.375-24.522-.04-33.901L188.505 256 34.484 101.255c-9.335-9.379-9.317-24.544.04-33.901l22.667-22.667c9.373-9.373 24.569-9.373 33.941 0L285.475 239.03c9.373 9.372 9.373 24.568.001 33.941z\"><\/path><\/svg>\t\t\t\t\t\t<\/span>\n\t\t\t\t\t\t\t\t\t\t<span class=\"elementor-icon-list-text\">secador de pelo<\/span>\n\t\t\t\t\t\t\t\t\t\t\t<\/a>\n\t\t\t\t\t\t\t\t\t<\/li>\n\t\t\t\t\t\t\t\t<li class=\"elementor-icon-list-item\">\n\t\t\t\t\t\t\t\t\t\t\t<a href=\"https:\/\/songyehairtools.com\/es\/categoria-producto\/alisador-de-pelo\/\">\n\n\t\t\t\t\t\t\t\t\t\t\t\t<span class=\"elementor-icon-list-icon\">\n\t\t\t\t\t\t\t<svg aria-hidden=\"true\" class=\"e-font-icon-svg e-fas-chevron-right\" viewbox=\"0 0 320 512\" xmlns=\"http:\/\/www.w3.org\/2000\/svg\"><path d=\"M285.476 272.971L91.132 467.314c-9.373 9.373-24.569 9.373-33.941 0l-22.667-22.667c-9.357-9.357-9.375-24.522-.04-33.901L188.505 256 34.484 101.255c-9.335-9.379-9.317-24.544.04-33.901l22.667-22.667c9.373-9.373 24.569-9.373 33.941 0L285.475 239.03c9.373 9.372 9.373 24.568.001 33.941z\"><\/path><\/svg>\t\t\t\t\t\t<\/span>\n\t\t\t\t\t\t\t\t\t\t<span class=\"elementor-icon-list-text\">Alisador de pelo<\/span>\n\t\t\t\t\t\t\t\t\t\t\t<\/a>\n\t\t\t\t\t\t\t\t\t<\/li>\n\t\t\t\t\t\t\t\t<li class=\"elementor-icon-list-item\">\n\t\t\t\t\t\t\t\t\t\t\t<a href=\"https:\/\/songyehairtools.com\/es\/categoria-producto\/cepillo-de-aire-caliente\/\">\n\n\t\t\t\t\t\t\t\t\t\t\t\t<span class=\"elementor-icon-list-icon\">\n\t\t\t\t\t\t\t<svg aria-hidden=\"true\" class=\"e-font-icon-svg e-fas-chevron-right\" viewbox=\"0 0 320 512\" xmlns=\"http:\/\/www.w3.org\/2000\/svg\"><path d=\"M285.476 272.971L91.132 467.314c-9.373 9.373-24.569 9.373-33.941 0l-22.667-22.667c-9.357-9.357-9.375-24.522-.04-33.901L188.505 256 34.484 101.255c-9.335-9.379-9.317-24.544.04-33.901l22.667-22.667c9.373-9.373 24.569-9.373 33.941 0L285.475 239.03c9.373 9.372 9.373 24.568.001 33.941z\"><\/path><\/svg>\t\t\t\t\t\t<\/span>\n\t\t\t\t\t\t\t\t\t\t<span class=\"elementor-icon-list-text\">Cepillo de Aire Caliente<\/span>\n\t\t\t\t\t\t\t\t\t\t\t<\/a>\n\t\t\t\t\t\t\t\t\t<\/li>\n\t\t\t\t\t\t\t\t<li class=\"elementor-icon-list-item\">\n\t\t\t\t\t\t\t\t\t\t\t<span class=\"elementor-icon-list-icon\">\n\t\t\t\t\t\t\t<svg aria-hidden=\"true\" class=\"e-font-icon-svg e-fas-chevron-right\" viewbox=\"0 0 320 512\" xmlns=\"http:\/\/www.w3.org\/2000\/svg\"><path d=\"M285.476 272.971L91.132 467.314c-9.373 9.373-24.569 9.373-33.941 0l-22.667-22.667c-9.357-9.357-9.375-24.522-.04-33.901L188.505 256 34.484 101.255c-9.335-9.379-9.317-24.544.04-33.901l22.667-22.667c9.373-9.373 24.569-9.373 33.941 0L285.475 239.03c9.373 9.372 9.373 24.568.001 33.941z\"><\/path><\/svg>\t\t\t\t\t\t<\/span>\n\t\t\t\t\t\t\t\t\t\t<span class=\"elementor-icon-list-text\">Rizador de pelo<\/span>\n\t\t\t\t\t\t\t\t\t<\/li>\n\t\t\t\t\t\t\t\t<li class=\"elementor-icon-list-item\">\n\t\t\t\t\t\t\t\t\t\t\t<span class=\"elementor-icon-list-icon\">\n\t\t\t\t\t\t\t<svg aria-hidden=\"true\" class=\"e-font-icon-svg e-fas-chevron-right\" viewbox=\"0 0 320 512\" xmlns=\"http:\/\/www.w3.org\/2000\/svg\"><path d=\"M285.476 272.971L91.132 467.314c-9.373 9.373-24.569 9.373-33.941 0l-22.667-22.667c-9.357-9.357-9.375-24.522-.04-33.901L188.505 256 34.484 101.255c-9.335-9.379-9.317-24.544.04-33.901l22.667-22.667c9.373-9.373 24.569-9.373 33.941 0L285.475 239.03c9.373 9.372 9.373 24.568.001 33.941z\"><\/path><\/svg>\t\t\t\t\t\t<\/span>\n\t\t\t\t\t\t\t\t\t\t<span class=\"elementor-icon-list-text\">Cortapelos el\u00e9ctrico<\/span>\n\t\t\t\t\t\t\t\t\t<\/li>\n\t\t\t\t\t\t<\/ul>\n\t\t\t\t\t\t<\/div>\n\t\t\t\t<\/div>\n\t\t<div class=\"elementor-element elementor-element-61e8392c e-con-full e-flex e-con e-child\" data-id=\"61e8392c\" data-element_type=\"container\" data-e-type=\"container\" data-settings=\"{&quot;background_background&quot;:&quot;classic&quot;}\">\n\t\t\t\t<div class=\"elementor-element elementor-element-7bc873ac elementor-widget elementor-widget-heading\" data-id=\"7bc873ac\" data-element_type=\"widget\" data-e-type=\"widget\" data-widget_type=\"heading.default\">\n\t\t\t\t\t<h2 class=\"elementor-heading-title elementor-size-default\">P\u00f3ngase en Contacto con Nosotros<\/h2>\t\t\t\t<\/div>\n\t\t\t\t<div class=\"elementor-element elementor-element-6f1a7c10 elementor-widget__width-initial elementor-widget elementor-widget-text-editor\" data-id=\"6f1a7c10\" data-element_type=\"widget\" data-e-type=\"widget\" data-widget_type=\"text-editor.default\">\n\t\t\t\t\t\t\t\t\t<p>Si tiene alguna pregunta, por favor cont\u00e1ctenos para obtener ayuda. Tambi\u00e9n le proporcionaremos la cotizaci\u00f3n m\u00e1s reciente.<\/p>\t\t\t\t\t\t\t\t<\/div>\n\t\t\t\t<div class=\"elementor-element elementor-element-5b6dea59 elementor-widget elementor-widget-button\" data-id=\"5b6dea59\" data-element_type=\"widget\" data-e-type=\"widget\" data-widget_type=\"button.default\">\n\t\t\t\t\t\t\t\t\t\t<a class=\"elementor-button elementor-button-link elementor-size-sm\" href=\"https:\/\/songyehairtools.com\/es\/contacto\/\">\n\t\t\t\t\t\t<span class=\"elementor-button-content-wrapper\">\n\t\t\t\t\t\t\t\t\t<span class=\"elementor-button-text\">Cont\u00e1ctenos<\/span>\n\t\t\t\t\t<\/span>\n\t\t\t\t\t<\/a>\n\t\t\t\t\t\t\t\t<\/div>\n\t\t\t\t<\/div>\n\t\t\t\t<\/div>\n\t\t\t\t\t<\/div>\n\t\t\t\t<\/div>\n\t\t\t\t<\/div>","protected":false},"excerpt":{"rendered":"<p>Our Story Songye Electric Appliances (SONGYE): For 19 Years, Bringing Warmth to Every Hair Around the World In the summer of 2005, in an old factory building in Hunan, a few young people hung a slightly faded sign, and disassembled old hair dryers were scattered on the workbench. Founder Green Lan firmly stated, &#8220;Tools shouldn&#8217;t [&hellip;]<\/p>\n","protected":false},"author":1,"featured_media":0,"parent":0,"menu_order":0,"comment_status":"closed","ping_status":"closed","template":"elementor_header_footer","meta":{"footnotes":""},"class_list":["post-101","page","type-page","status-publish","hentry"],"_links":{"self":[{"href":"https:\/\/songyehairtools.com\/es\/wp-json\/wp\/v2\/pages\/101","targetHints":{"allow":["GET"]}}],"collection":[{"href":"https:\/\/songyehairtools.com\/es\/wp-json\/wp\/v2\/pages"}],"about":[{"href":"https:\/\/songyehairtools.com\/es\/wp-json\/wp\/v2\/types\/page"}],"author":[{"embeddable":true,"href":"https:\/\/songyehairtools.com\/es\/wp-json\/wp\/v2\/users\/1"}],"replies":[{"embeddable":true,"href":"https:\/\/songyehairtools.com\/es\/wp-json\/wp\/v2\/comments?post=101"}],"version-history":[{"count":43,"href":"https:\/\/songyehairtools.com\/es\/wp-json\/wp\/v2\/pages\/101\/revisions"}],"predecessor-version":[{"id":860,"href":"https:\/\/songyehairtools.com\/es\/wp-json\/wp\/v2\/pages\/101\/revisions\/860"}],"wp:attachment":[{"href":"https:\/\/songyehairtools.com\/es\/wp-json\/wp\/v2\/media?parent=101"}],"curies":[{"name":"wp","href":"https:\/\/api.w.org\/{rel}","templated":true}]}}