{"id":97,"date":"2025-07-09T01:51:07","date_gmt":"2025-07-09T01:51:07","guid":{"rendered":"https:\/\/hotpink-goldfish-701306.hostingersite.com\/?page_id=97"},"modified":"2025-10-21T07:12:49","modified_gmt":"2025-10-21T07:12:49","slug":"acerca-de","status":"publish","type":"page","link":"https:\/\/songyehairtools.com\/es\/acerca-de\/","title":{"rendered":"Acerca de"},"content":{"rendered":"<div data-elementor-type=\"wp-page\" data-elementor-id=\"97\" class=\"elementor elementor-97\" data-elementor-post-type=\"page\">\n\t\t\t\t<div class=\"elementor-element elementor-element-5874d43c e-flex e-con-boxed e-con e-parent\" data-id=\"5874d43c\" data-element_type=\"container\" data-e-type=\"container\" data-settings=\"{&quot;background_background&quot;:&quot;classic&quot;,&quot;shape_divider_bottom&quot;:&quot;triangle-asymmetrical&quot;}\">\n\t\t\t\t\t<div class=\"e-con-inner\">\n\t\t\t\t<div class=\"elementor-shape elementor-shape-bottom\" aria-hidden=\"true\" data-negative=\"false\">\n\t\t\t<svg xmlns=\"http:\/\/www.w3.org\/2000\/svg\" viewbox=\"0 0 1000 100\" preserveaspectratio=\"none\">\n\t<path class=\"elementor-shape-fill\" d=\"M738,99l262-93V0H0v5.6L738,99z\"\/>\n<\/svg>\t\t<\/div>\n\t\t<div class=\"elementor-element elementor-element-2ebc2980 e-con-full e-flex e-con e-child\" data-id=\"2ebc2980\" data-element_type=\"container\" data-e-type=\"container\" data-settings=\"{&quot;background_background&quot;:&quot;classic&quot;}\">\n\t\t<div class=\"elementor-element elementor-element-32e80222 e-con-full e-flex e-con e-child\" data-id=\"32e80222\" data-element_type=\"container\" data-e-type=\"container\" data-settings=\"{&quot;background_background&quot;:&quot;classic&quot;}\">\n\t\t\t\t<div class=\"elementor-element elementor-element-54614c0c elementor-widget__width-initial elementor-widget elementor-widget-heading\" data-id=\"54614c0c\" data-element_type=\"widget\" data-e-type=\"widget\" data-settings=\"{&quot;_animation&quot;:&quot;none&quot;}\" data-widget_type=\"heading.default\">\n\t\t\t\t\t<h2 class=\"elementor-heading-title elementor-size-default\">Sobre nosotros<\/h2>\t\t\t\t<\/div>\n\t\t\t\t<\/div>\n\t\t\t\t<\/div>\n\t\t\t\t\t<\/div>\n\t\t\t\t<\/div>\n\t\t<div class=\"elementor-element elementor-element-634e287 e-flex e-con-boxed e-con e-parent\" data-id=\"634e287\" data-element_type=\"container\" data-e-type=\"container\">\n\t\t\t\t\t<div class=\"e-con-inner\">\n\t\t<div class=\"elementor-element elementor-element-78030fd e-con-full e-flex e-con e-child\" data-id=\"78030fd\" data-element_type=\"container\" data-e-type=\"container\">\n\t\t\t\t<div class=\"elementor-element elementor-element-92a5b51 elementor-widget elementor-widget-heading\" data-id=\"92a5b51\" data-element_type=\"widget\" data-e-type=\"widget\" data-widget_type=\"heading.default\">\n\t\t\t\t\t<h2 class=\"elementor-heading-title elementor-size-default\">Sobre nosotros<\/h2>\t\t\t\t<\/div>\n\t\t\t\t<div class=\"elementor-element elementor-element-d9b1aa6 elementor-widget__width-initial elementor-widget elementor-widget-heading\" data-id=\"d9b1aa6\" data-element_type=\"widget\" data-e-type=\"widget\" data-widget_type=\"heading.default\">\n\t\t\t\t\t<h1 class=\"elementor-heading-title elementor-size-default\">Songye Electric Appliances Co., Ltd<\/h1>\t\t\t\t<\/div>\n\t\t\t\t<div class=\"elementor-element elementor-element-d197c73 elementor-widget__width-initial elementor-widget elementor-widget-text-editor\" data-id=\"d197c73\" data-element_type=\"widget\" data-e-type=\"widget\" data-widget_type=\"text-editor.default\">\n\t\t\t\t\t\t\t\t\t<p>Llevamos m\u00e1s de 19 a\u00f1os en la industria, especializ\u00e1ndonos en <br \/>secadores, alisadores, rizadores, cepillos estilizadores, <br \/>y cortapelos, etc.<\/p>\t\t\t\t\t\t\t\t<\/div>\n\t\t<div class=\"elementor-element elementor-element-5ae954a e-con-full e-flex e-con e-child\" data-id=\"5ae954a\" data-element_type=\"container\" data-e-type=\"container\">\n\t\t\t\t<div class=\"elementor-element elementor-element-e22df2d elementor-widget__width-initial elementor-widget elementor-widget-text-editor\" data-id=\"e22df2d\" data-element_type=\"widget\" data-e-type=\"widget\" data-widget_type=\"text-editor.default\">\n\t\t\t\t\t\t\t\t\t<p>Nuestra f\u00e1brica en Hunan, China, cuenta con tres l\u00edneas de producci\u00f3n autom\u00e1ticas y una capacidad de producci\u00f3n de 100,000 unidades al mes. Contamos con un equipo de I+D profesional y aceptamos pedidos OEM\/ODM.<\/p>\t\t\t\t\t\t\t\t<\/div>\n\t\t\t\t<\/div>\n\t\t<div class=\"elementor-element elementor-element-a7c6d63 e-con-full animated-slow e-flex elementor-invisible e-con e-child\" data-id=\"a7c6d63\" data-element_type=\"container\" data-e-type=\"container\" data-settings=\"{&quot;background_background&quot;:&quot;classic&quot;,&quot;animation&quot;:&quot;fadeInRight&quot;}\">\n\t\t<div class=\"elementor-element elementor-element-5866d83 e-con-full e-flex e-con e-child\" data-id=\"5866d83\" data-element_type=\"container\" data-e-type=\"container\">\n\t\t\t\t<div class=\"elementor-element elementor-element-f658681 elementor-widget elementor-widget-counter\" data-id=\"f658681\" data-element_type=\"widget\" data-e-type=\"widget\" data-widget_type=\"counter.default\">\n\t\t\t\t\t\t\t<div class=\"elementor-counter\">\n\t\t\t<div class=\"elementor-counter-title\">a\u00f1os<\/div>\t\t\t<div class=\"elementor-counter-number-wrapper\">\n\t\t\t\t<span class=\"elementor-counter-number-prefix\"><\/span>\n\t\t\t\t<span class=\"elementor-counter-number\" data-duration=\"2000\" data-to-value=\"19\" data-from-value=\"0\" data-delimiter=\",\">0<\/span>\n\t\t\t\t<span class=\"elementor-counter-number-suffix\"><\/span>\n\t\t\t<\/div>\n\t\t<\/div>\n\t\t\t\t\t\t<\/div>\n\t\t\t\t<\/div>\n\t\t<div class=\"elementor-element elementor-element-06462f5 e-con-full e-flex e-con e-child\" data-id=\"06462f5\" data-element_type=\"container\" data-e-type=\"container\">\n\t\t\t\t<div class=\"elementor-element elementor-element-d73fb84 elementor-widget elementor-widget-counter\" data-id=\"d73fb84\" data-element_type=\"widget\" data-e-type=\"widget\" data-widget_type=\"counter.default\">\n\t\t\t\t\t\t\t<div class=\"elementor-counter\">\n\t\t\t<div class=\"elementor-counter-title\">capacidad de producci\u00f3n<\/div>\t\t\t<div class=\"elementor-counter-number-wrapper\">\n\t\t\t\t<span class=\"elementor-counter-number-prefix\"><\/span>\n\t\t\t\t<span class=\"elementor-counter-number\" data-duration=\"2000\" data-to-value=\"100000\" data-from-value=\"0\" data-delimiter=\",\">0<\/span>\n\t\t\t\t<span class=\"elementor-counter-number-suffix\">+<\/span>\n\t\t\t<\/div>\n\t\t<\/div>\n\t\t\t\t\t\t<\/div>\n\t\t\t\t<\/div>\n\t\t\t\t<\/div>\n\t\t\t\t<\/div>\n\t\t<div class=\"elementor-element elementor-element-c292622 e-con-full e-flex e-con e-child\" data-id=\"c292622\" data-element_type=\"container\" data-e-type=\"container\" data-settings=\"{&quot;background_background&quot;:&quot;classic&quot;}\">\n\t\t<div class=\"elementor-element elementor-element-d2ed258 e-con-full e-flex e-con e-child\" data-id=\"d2ed258\" data-element_type=\"container\" data-e-type=\"container\">\n\t\t<div class=\"elementor-element elementor-element-887d2b3 e-con-full animated-slow e-flex elementor-invisible e-con e-child\" data-id=\"887d2b3\" data-element_type=\"container\" data-e-type=\"container\" data-settings=\"{&quot;background_background&quot;:&quot;classic&quot;,&quot;animation&quot;:&quot;fadeInUp&quot;}\">\n\t\t\t\t<\/div>\n\t\t<div class=\"elementor-element elementor-element-5b2e220 e-con-full animated-slow e-flex elementor-invisible e-con e-child\" data-id=\"5b2e220\" data-element_type=\"container\" data-e-type=\"container\" data-settings=\"{&quot;background_background&quot;:&quot;classic&quot;,&quot;animation&quot;:&quot;fadeInLeft&quot;}\">\n\t\t\t\t<\/div>\n\t\t\t\t<\/div>\n\t\t<div class=\"elementor-element elementor-element-97d9228 e-con-full e-flex e-con e-child\" data-id=\"97d9228\" data-element_type=\"container\" data-e-type=\"container\">\n\t\t<div class=\"elementor-element elementor-element-e2b4745 e-con-full animated-slow e-flex elementor-invisible e-con e-child\" data-id=\"e2b4745\" data-element_type=\"container\" data-e-type=\"container\" data-settings=\"{&quot;background_background&quot;:&quot;classic&quot;,&quot;animation&quot;:&quot;fadeInRight&quot;}\">\n\t\t\t\t<\/div>\n\t\t<div class=\"elementor-element elementor-element-2a8de4b e-con-full animated-slow e-flex elementor-invisible e-con e-child\" data-id=\"2a8de4b\" data-element_type=\"container\" data-e-type=\"container\" data-settings=\"{&quot;background_background&quot;:&quot;classic&quot;,&quot;animation&quot;:&quot;fadeInUp&quot;}\">\n\t\t\t\t<\/div>\n\t\t\t\t<\/div>\n\t\t\t\t<\/div>\n\t\t\t\t\t<\/div>\n\t\t\t\t<\/div>\n\t\t<div class=\"elementor-element elementor-element-15b9ebfe e-flex e-con-boxed e-con e-parent\" data-id=\"15b9ebfe\" data-element_type=\"container\" data-e-type=\"container\" data-settings=\"{&quot;background_background&quot;:&quot;classic&quot;}\">\n\t\t\t\t\t<div class=\"e-con-inner\">\n\t\t<div class=\"elementor-element elementor-element-15534a0f e-con-full e-flex e-con e-child\" data-id=\"15534a0f\" data-element_type=\"container\" data-e-type=\"container\">\n\t\t<div class=\"elementor-element elementor-element-97f8576 e-con-full e-flex e-con e-child\" data-id=\"97f8576\" data-element_type=\"container\" data-e-type=\"container\">\n\t\t\t\t<div class=\"elementor-element elementor-element-74624852 elementor-widget elementor-widget-heading\" data-id=\"74624852\" data-element_type=\"widget\" data-e-type=\"widget\" data-widget_type=\"heading.default\">\n\t\t\t\t\t<h2 class=\"elementor-heading-title elementor-size-default\">Nuestro Valor<\/h2>\t\t\t\t<\/div>\n\t\t\t\t<div class=\"elementor-element elementor-element-6eb64e58 elementor-widget__width-initial elementor-widget elementor-widget-heading\" data-id=\"6eb64e58\" data-element_type=\"widget\" data-e-type=\"widget\" data-widget_type=\"heading.default\">\n\t\t\t\t\t<h1 class=\"elementor-heading-title elementor-size-default\">La artesan\u00eda crea la peluquer\u00eda, las herramientas ganan el futuro<\/h1>\t\t\t\t<\/div>\n\t\t\t\t<\/div>\n\t\t<div class=\"elementor-element elementor-element-24381ca e-con-full e-flex e-con e-child\" data-id=\"24381ca\" data-element_type=\"container\" data-e-type=\"container\">\n\t\t\t\t<div class=\"elementor-element elementor-element-11bb3f9b elementor-widget__width-initial elementor-widget elementor-widget-text-editor\" data-id=\"11bb3f9b\" data-element_type=\"widget\" data-e-type=\"widget\" data-widget_type=\"text-editor.default\">\n\t\t\t\t\t\t\t\t\t<p>Pulimos cada herramienta de peluquer\u00eda con dedicaci\u00f3n y definimos el futuro de la industria con calidad e innovaci\u00f3n<\/p>\t\t\t\t\t\t\t\t<\/div>\n\t\t\t\t<\/div>\n\t\t\t\t<\/div>\n\t\t<div class=\"elementor-element elementor-element-4a50e0bf e-con-full e-flex e-con e-child\" data-id=\"4a50e0bf\" data-element_type=\"container\" data-e-type=\"container\">\n\t\t<div class=\"elementor-element elementor-element-6c5d85af e-con-full e-flex e-con e-child\" data-id=\"6c5d85af\" data-element_type=\"container\" data-e-type=\"container\">\n\t\t<div class=\"elementor-element elementor-element-685ccd36 e-con-full e-flex e-con e-child\" data-id=\"685ccd36\" data-element_type=\"container\" data-e-type=\"container\">\n\t\t\t\t<div class=\"elementor-element elementor-element-35519fa elementor-position-left elementor-vertical-align-top elementor-vertical-align-top elementor-widget elementor-widget-image-box\" data-id=\"35519fa\" data-element_type=\"widget\" data-e-type=\"widget\" data-widget_type=\"image-box.default\">\n\t\t\t\t\t<div class=\"elementor-image-box-wrapper\"><figure class=\"elementor-image-box-img\"><img fetchpriority=\"high\" decoding=\"async\" width=\"577\" height=\"577\" src=\"https:\/\/songyehairtools.com\/wp-content\/uploads\/2025\/07\/tool-repair-adjustment-maintenance-fix.png\" class=\"attachment-full size-full wp-image-65\" alt=\"\" title=\"\" srcset=\"https:\/\/songyehairtools.com\/wp-content\/uploads\/2025\/07\/tool-repair-adjustment-maintenance-fix.png 577w, https:\/\/songyehairtools.com\/wp-content\/uploads\/2025\/07\/tool-repair-adjustment-maintenance-fix-300x300.png 300w, https:\/\/songyehairtools.com\/wp-content\/uploads\/2025\/07\/tool-repair-adjustment-maintenance-fix-150x150.png 150w\" sizes=\"(max-width: 577px) 100vw, 577px\" \/><\/figure><div class=\"elementor-image-box-content\"><h3 class=\"elementor-image-box-title\">Visi\u00f3n<\/h3><p class=\"elementor-image-box-description\">Convertirnos en el referente de la industria global de herramientas de peluquer\u00eda, para que cada herramienta pueda crear un peinado m\u00e1s perfecto.<\/p><\/div><\/div>\t\t\t\t<\/div>\n\t\t\t\t<\/div>\n\t\t<div class=\"elementor-element elementor-element-6a1cbd16 e-con-full e-flex e-con e-child\" data-id=\"6a1cbd16\" data-element_type=\"container\" data-e-type=\"container\">\n\t\t\t\t<div class=\"elementor-element elementor-element-41b6c160 elementor-position-left elementor-vertical-align-top elementor-vertical-align-top elementor-widget elementor-widget-image-box\" data-id=\"41b6c160\" data-element_type=\"widget\" data-e-type=\"widget\" data-widget_type=\"image-box.default\">\n\t\t\t\t\t<div class=\"elementor-image-box-wrapper\"><figure class=\"elementor-image-box-img\"><img decoding=\"async\" width=\"577\" height=\"577\" src=\"https:\/\/songyehairtools.com\/wp-content\/uploads\/2025\/07\/measurement-repair-maintenance-tool-fix.png\" class=\"attachment-full size-full wp-image-68\" alt=\"\" title=\"\" srcset=\"https:\/\/songyehairtools.com\/wp-content\/uploads\/2025\/07\/measurement-repair-maintenance-tool-fix.png 577w, https:\/\/songyehairtools.com\/wp-content\/uploads\/2025\/07\/measurement-repair-maintenance-tool-fix-300x300.png 300w, https:\/\/songyehairtools.com\/wp-content\/uploads\/2025\/07\/measurement-repair-maintenance-tool-fix-150x150.png 150w\" sizes=\"(max-width: 577px) 100vw, 577px\" \/><\/figure><div class=\"elementor-image-box-content\"><h3 class=\"elementor-image-box-title\">Misi\u00f3n<\/h3><p class=\"elementor-image-box-description\">Fabricar herramientas de alta calidad y proporcionar a los peluqueros herramientas de peluquer\u00eda \"adecuadas, duraderas e innovadoras\".<\/p><\/div><\/div>\t\t\t\t<\/div>\n\t\t\t\t<\/div>\n\t\t<div class=\"elementor-element elementor-element-172cdf0 e-con-full e-flex e-con e-child\" data-id=\"172cdf0\" data-element_type=\"container\" data-e-type=\"container\">\n\t\t\t\t<div class=\"elementor-element elementor-element-319f66d4 elementor-position-left elementor-vertical-align-top elementor-vertical-align-top elementor-widget elementor-widget-image-box\" data-id=\"319f66d4\" data-element_type=\"widget\" data-e-type=\"widget\" data-widget_type=\"image-box.default\">\n\t\t\t\t\t<div class=\"elementor-image-box-wrapper\"><figure class=\"elementor-image-box-img\"><img decoding=\"async\" width=\"577\" height=\"577\" src=\"https:\/\/songyehairtools.com\/wp-content\/uploads\/2025\/07\/tool-repair-maintenance-construction-fix-1.png\" class=\"attachment-full size-full wp-image-70\" alt=\"\" title=\"\" srcset=\"https:\/\/songyehairtools.com\/wp-content\/uploads\/2025\/07\/tool-repair-maintenance-construction-fix-1.png 577w, https:\/\/songyehairtools.com\/wp-content\/uploads\/2025\/07\/tool-repair-maintenance-construction-fix-1-300x300.png 300w, https:\/\/songyehairtools.com\/wp-content\/uploads\/2025\/07\/tool-repair-maintenance-construction-fix-1-150x150.png 150w\" sizes=\"(max-width: 577px) 100vw, 577px\" \/><\/figure><div class=\"elementor-image-box-content\"><h3 class=\"elementor-image-box-title\">Valor<\/h3><p class=\"elementor-image-box-description\">Enfoque en los detalles, innovaci\u00f3n, ganar-ganar, y convertirnos en el \"socio de herramientas m\u00e1s confiable\" en el coraz\u00f3n de los usuarios.<\/p><\/div><\/div>\t\t\t\t<\/div>\n\t\t\t\t<\/div>\n\t\t\t\t<\/div>\n\t\t<div class=\"elementor-element elementor-element-19b44151 e-con-full e-flex e-con e-child\" data-id=\"19b44151\" data-element_type=\"container\" data-e-type=\"container\" data-settings=\"{&quot;background_background&quot;:&quot;classic&quot;}\">\n\t\t\t\t<\/div>\n\t\t\t\t<\/div>\n\t\t\t\t\t<\/div>\n\t\t\t\t<\/div>\n\t\t\t\t<\/div>","protected":false},"excerpt":{"rendered":"<p>About Us About us Songye Electric Appliances Co., Ltd We&#8217;ve been in the industry for over 19 years,specializing in hair dryers, hair straighteners, hair curlers, hair styling brush-es, and hair clippers etc. Our factory in Hunan, China, boasts three automatic-pro-duction lines and a production capacity of 100,000pcs per-month,we have professional R&amp;D team,we welcome OEM\/ODM orders! [&hellip;]<\/p>\n","protected":false},"author":1,"featured_media":0,"parent":0,"menu_order":0,"comment_status":"closed","ping_status":"closed","template":"elementor_header_footer","meta":{"footnotes":""},"class_list":["post-97","page","type-page","status-publish","hentry"],"_links":{"self":[{"href":"https:\/\/songyehairtools.com\/es\/wp-json\/wp\/v2\/pages\/97","targetHints":{"allow":["GET"]}}],"collection":[{"href":"https:\/\/songyehairtools.com\/es\/wp-json\/wp\/v2\/pages"}],"about":[{"href":"https:\/\/songyehairtools.com\/es\/wp-json\/wp\/v2\/types\/page"}],"author":[{"embeddable":true,"href":"https:\/\/songyehairtools.com\/es\/wp-json\/wp\/v2\/users\/1"}],"replies":[{"embeddable":true,"href":"https:\/\/songyehairtools.com\/es\/wp-json\/wp\/v2\/comments?post=97"}],"version-history":[{"count":31,"href":"https:\/\/songyehairtools.com\/es\/wp-json\/wp\/v2\/pages\/97\/revisions"}],"predecessor-version":[{"id":851,"href":"https:\/\/songyehairtools.com\/es\/wp-json\/wp\/v2\/pages\/97\/revisions\/851"}],"wp:attachment":[{"href":"https:\/\/songyehairtools.com\/es\/wp-json\/wp\/v2\/media?parent=97"}],"curies":[{"name":"wp","href":"https:\/\/api.w.org\/{rel}","templated":true}]}}