{"id":415,"date":"2025-07-28T07:48:08","date_gmt":"2025-07-28T07:48:08","guid":{"rendered":"https:\/\/songyehairtools.com\/product\/2000w-bldc-hair-dryer\/"},"modified":"2025-08-11T15:45:22","modified_gmt":"2025-08-11T15:45:22","slug":"secador-de-pelo-hp-6688-2000w-bldc","status":"publish","type":"product","link":"https:\/\/songyehairtools.com\/es\/producto\/secador-de-pelo-hp-6688-2000w-bldc\/","title":{"rendered":"Secador de cabello BLDC HP-6688 2000W"},"content":{"rendered":"<p>Voltaje: 220-240V 50-60Hz 2000W<br \/>\nMotor: motor BLDC de 110000 RPM<br \/>\nVida \u00fatil del motor: M\u00e1s de 3000 horas<br \/>\n3 velocidades \/ 3 niveles de calor, aire fr\u00edo<br \/>\n6 luces LED indican la configuraci\u00f3n de calor y flujo de aire<br \/>\nAccesorios: 2 boquillas con im\u00e1n, 1 difusor<\/p>","protected":false},"excerpt":{"rendered":"<p>Con un dise\u00f1o moderno y elegante en forma de T, disponible en opciones de colores estilizados, combina est\u00e9tica y funcionalidad.<br \/>\nEquipado con un motor BLDC de 10000 RPM, proporciona una velocidad de aire de 21-22 m\/s. Disfruta de 300 millones de iones negativos para un brillo sin encrespamiento y una funci\u00f3n de autolimpieza. Con 4 modos de temperatura, 3 velocidades, 3 niveles de calor y un bot\u00f3n de aire fr\u00edo, se adapta a todas las necesidades de estilizado. 6 luces LED muestran la configuraci\u00f3n de manera clara. Incluye 2 boquillas magn\u00e9ticas y 1 difusor para un estilizado vers\u00e1til.<\/p>","protected":false},"featured_media":492,"comment_status":"open","ping_status":"closed","template":"","meta":[],"product_brand":[],"product_cat":[37],"product_tag":[38,42,40,43],"class_list":{"0":"post-415","1":"product","2":"type-product","3":"status-publish","4":"has-post-thumbnail","6":"product_cat-bldc-hair-dryer","7":"product_tag-best-hair-dryer","8":"product_tag-hair-dryer-factory","9":"product_tag-hair-dryer-like-dyson","10":"product_tag-quiet-hair-dryer","12":"first","13":"instock","14":"shipping-taxable","15":"product-type-simple"},"_links":{"self":[{"href":"https:\/\/songyehairtools.com\/es\/wp-json\/wp\/v2\/product\/415","targetHints":{"allow":["GET"]}}],"collection":[{"href":"https:\/\/songyehairtools.com\/es\/wp-json\/wp\/v2\/product"}],"about":[{"href":"https:\/\/songyehairtools.com\/es\/wp-json\/wp\/v2\/types\/product"}],"replies":[{"embeddable":true,"href":"https:\/\/songyehairtools.com\/es\/wp-json\/wp\/v2\/comments?post=415"}],"wp:featuredmedia":[{"embeddable":true,"href":"https:\/\/songyehairtools.com\/es\/wp-json\/wp\/v2\/media\/492"}],"wp:attachment":[{"href":"https:\/\/songyehairtools.com\/es\/wp-json\/wp\/v2\/media?parent=415"}],"wp:term":[{"taxonomy":"product_brand","embeddable":true,"href":"https:\/\/songyehairtools.com\/es\/wp-json\/wp\/v2\/product_brand?post=415"},{"taxonomy":"product_cat","embeddable":true,"href":"https:\/\/songyehairtools.com\/es\/wp-json\/wp\/v2\/product_cat?post=415"},{"taxonomy":"product_tag","embeddable":true,"href":"https:\/\/songyehairtools.com\/es\/wp-json\/wp\/v2\/product_tag?post=415"}],"curies":[{"name":"wp","href":"https:\/\/api.w.org\/{rel}","templated":true}]}}