{"id":416,"date":"2025-07-28T07:48:08","date_gmt":"2025-07-28T07:48:08","guid":{"rendered":"https:\/\/songyehairtools.com\/product\/2100w-ac-hair-dryer\/"},"modified":"2025-08-11T15:31:00","modified_gmt":"2025-08-11T15:31:00","slug":"secador-de-pelo-ac-hp-6889-2100w","status":"publish","type":"product","link":"https:\/\/songyehairtools.com\/es\/producto\/secador-de-pelo-ac-hp-6889-2100w\/","title":{"rendered":"Secador de cabello AC HP-6889 2100W"},"content":{"rendered":"<p>secador de pelo de acero inoxidable<br \/>\nVoltaje: 220-240V 50-60Hz 2100W<br \/>\nMotor: motor AC profesional<br \/>\n2 velocidades \/ 3 niveles de calor \/ Aire fr\u00edo \/ Longitud del cable: 2,5 m<br \/>\n2 velocidades \/ 3 niveles de calor \/ aire fr\u00edo<br \/>\nLongitud del cable: 2.5 m<br \/>\nSecador de pelo AC HP-8600 2300W<\/p>","protected":false},"excerpt":{"rendered":"<p>Presenta un dise\u00f1o elegante con un<br \/>\ncuerpo de acero inoxidable. Alimentado por un motor profesional de CA (vida \u00fatil superior a 1000 horas), funciona con CA 220-240V, 50-60Hz, 2100W. Con 2 velocidades, 3 niveles de calor y un chorro de aire fr\u00edo, satisface diversas necesidades de estilizado. El cable de 2.5 m y las 2 boquillas a\u00f1aden comodidad, convirti\u00e9ndolo en una excelente opci\u00f3n para un secado del cabello eficiente y con estilo.<\/p>","protected":false},"featured_media":494,"comment_status":"open","ping_status":"closed","template":"","meta":[],"product_brand":[],"product_cat":[44],"product_tag":[38,45,43,46],"class_list":{"0":"post-416","1":"product","2":"type-product","3":"status-publish","4":"has-post-thumbnail","6":"product_cat-ac-hair-dryer","7":"product_tag-best-hair-dryer","8":"product_tag-hair-dryer-manufacturer","9":"product_tag-quiet-hair-dryer","10":"product_tag-salon-hair-dryer","12":"first","13":"instock","14":"shipping-taxable","15":"product-type-simple"},"_links":{"self":[{"href":"https:\/\/songyehairtools.com\/es\/wp-json\/wp\/v2\/product\/416","targetHints":{"allow":["GET"]}}],"collection":[{"href":"https:\/\/songyehairtools.com\/es\/wp-json\/wp\/v2\/product"}],"about":[{"href":"https:\/\/songyehairtools.com\/es\/wp-json\/wp\/v2\/types\/product"}],"replies":[{"embeddable":true,"href":"https:\/\/songyehairtools.com\/es\/wp-json\/wp\/v2\/comments?post=416"}],"wp:featuredmedia":[{"embeddable":true,"href":"https:\/\/songyehairtools.com\/es\/wp-json\/wp\/v2\/media\/494"}],"wp:attachment":[{"href":"https:\/\/songyehairtools.com\/es\/wp-json\/wp\/v2\/media?parent=416"}],"wp:term":[{"taxonomy":"product_brand","embeddable":true,"href":"https:\/\/songyehairtools.com\/es\/wp-json\/wp\/v2\/product_brand?post=416"},{"taxonomy":"product_cat","embeddable":true,"href":"https:\/\/songyehairtools.com\/es\/wp-json\/wp\/v2\/product_cat?post=416"},{"taxonomy":"product_tag","embeddable":true,"href":"https:\/\/songyehairtools.com\/es\/wp-json\/wp\/v2\/product_tag?post=416"}],"curies":[{"name":"wp","href":"https:\/\/api.w.org\/{rel}","templated":true}]}}