{"id":418,"date":"2025-07-28T07:48:08","date_gmt":"2025-07-28T07:48:08","guid":{"rendered":"https:\/\/songyehairtools.com\/product\/2400w-ac-hair-dryer\/"},"modified":"2025-08-11T15:13:24","modified_gmt":"2025-08-11T15:13:24","slug":"secador-de-pelo-ac-hp-x6-2400w","status":"publish","type":"product","link":"https:\/\/songyehairtools.com\/es\/producto\/secador-de-pelo-ac-hp-x6-2400w\/","title":{"rendered":"Secador de cabello AC HP-X6 2400W"},"content":{"rendered":"<p>2400W AC220V-240V 50Hz\/60Hz<br \/>\nMotor profesional AC<br \/>\n2 velocidades, 3 niveles de calor<br \/>\n2 boquillas concentradoras de aire<br \/>\nprotecci\u00f3n contra sobrecalentamiento<br \/>\nLongitud del cable: 2.5 m<\/p>","protected":false},"excerpt":{"rendered":"<p>Conozca el secador de pelo HP-X6, un<br \/>\nimprescindible para un estilo profesional en casa. Equipado con un motor profesional AC de 2400W, ofrece un flujo de aire potente. Con 2 velocidades y 3 ajustes de calor, permite personalizar el secado para distintos tipos de cabello. Sus 2 boquillas concentradoras de aire ayudan a dirigir el flujo para un peinado preciso. Dise\u00f1ado con protecci\u00f3n contra sobrecalentamiento para mayor seguridad, presenta una forma ergon\u00f3mica y elegante para un manejo c\u00f3modo. Un cable de 2.5m brinda gran flexibilidad. \u00a1Mejore su rutina de peinado con el HP-X6!<\/p>","protected":false},"featured_media":498,"comment_status":"open","ping_status":"closed","template":"","meta":[],"product_brand":[],"product_cat":[44],"product_tag":[41,45,47],"class_list":{"0":"post-418","1":"product","2":"type-product","3":"status-publish","4":"has-post-thumbnail","6":"product_cat-ac-hair-dryer","7":"product_tag-best-brush-hair-dryer","8":"product_tag-hair-dryer-manufacturer","9":"product_tag-hair-dryer-supplier","11":"first","12":"instock","13":"shipping-taxable","14":"product-type-simple"},"_links":{"self":[{"href":"https:\/\/songyehairtools.com\/es\/wp-json\/wp\/v2\/product\/418","targetHints":{"allow":["GET"]}}],"collection":[{"href":"https:\/\/songyehairtools.com\/es\/wp-json\/wp\/v2\/product"}],"about":[{"href":"https:\/\/songyehairtools.com\/es\/wp-json\/wp\/v2\/types\/product"}],"replies":[{"embeddable":true,"href":"https:\/\/songyehairtools.com\/es\/wp-json\/wp\/v2\/comments?post=418"}],"wp:featuredmedia":[{"embeddable":true,"href":"https:\/\/songyehairtools.com\/es\/wp-json\/wp\/v2\/media\/498"}],"wp:attachment":[{"href":"https:\/\/songyehairtools.com\/es\/wp-json\/wp\/v2\/media?parent=418"}],"wp:term":[{"taxonomy":"product_brand","embeddable":true,"href":"https:\/\/songyehairtools.com\/es\/wp-json\/wp\/v2\/product_brand?post=418"},{"taxonomy":"product_cat","embeddable":true,"href":"https:\/\/songyehairtools.com\/es\/wp-json\/wp\/v2\/product_cat?post=418"},{"taxonomy":"product_tag","embeddable":true,"href":"https:\/\/songyehairtools.com\/es\/wp-json\/wp\/v2\/product_tag?post=418"}],"curies":[{"name":"wp","href":"https:\/\/api.w.org\/{rel}","templated":true}]}}