{"id":420,"date":"2025-07-28T07:48:08","date_gmt":"2025-07-28T07:48:08","guid":{"rendered":"https:\/\/songyehairtools.com\/product\/1800w-ac-hair-dryer\/"},"modified":"2025-08-11T15:34:34","modified_gmt":"2025-08-11T15:34:34","slug":"secador-de-pelo-ac-hp-3500-1800w-2","status":"publish","type":"product","link":"https:\/\/songyehairtools.com\/es\/producto\/secador-de-pelo-ac-hp-3500-1800w-2\/","title":{"rendered":"Secador de cabello AC HP-3500 1800W"},"content":{"rendered":"<p>CA220-240V 50-60Hz 2100W<br \/>\nMotor: motor profesional de CA<br \/>\nVida \u00fatil del motor: M\u00e1s de 1000 horas<br \/>\n2 velocidades\/3 calores, aire fr\u00edo<br \/>\nLongitud del cable: 2.5 m<br \/>\nAccesorios: 2 boquillas<\/p>","protected":false},"excerpt":{"rendered":"<p>Conozca el secador de pelo HP-3500, su compa\u00f1ero definitivo para el estilizado. Con un elegante dise\u00f1o negro, no solo luce profesional, sino que ofrece un rendimiento de primera categor\u00eda.<br \/>\nImpulsado por un motor profesional de CA de 1800W, ofrece 2 velocidades y 3 ajustes de calor, adem\u00e1s de una funci\u00f3n de aire fr\u00edo para fijar tu estilo. Con un cable largo de 2.5 m para mayor flexibilidad y 2 boquillas para diversas necesidades de estilizado, y una vida \u00fatil del motor superior a 1000 horas, est\u00e1 construido para durar y ayudarte a lograr looks de sal\u00f3n en casa.<\/p>","protected":false},"featured_media":515,"comment_status":"open","ping_status":"closed","template":"","meta":[],"product_brand":[],"product_cat":[44],"product_tag":[45,47,49],"class_list":{"0":"post-420","1":"product","2":"type-product","3":"status-publish","4":"has-post-thumbnail","6":"product_cat-ac-hair-dryer","7":"product_tag-hair-dryer-manufacturer","8":"product_tag-hair-dryer-supplier","9":"product_tag-mini-hair-dryer","11":"first","12":"instock","13":"shipping-taxable","14":"product-type-simple"},"_links":{"self":[{"href":"https:\/\/songyehairtools.com\/es\/wp-json\/wp\/v2\/product\/420","targetHints":{"allow":["GET"]}}],"collection":[{"href":"https:\/\/songyehairtools.com\/es\/wp-json\/wp\/v2\/product"}],"about":[{"href":"https:\/\/songyehairtools.com\/es\/wp-json\/wp\/v2\/types\/product"}],"replies":[{"embeddable":true,"href":"https:\/\/songyehairtools.com\/es\/wp-json\/wp\/v2\/comments?post=420"}],"wp:featuredmedia":[{"embeddable":true,"href":"https:\/\/songyehairtools.com\/es\/wp-json\/wp\/v2\/media\/515"}],"wp:attachment":[{"href":"https:\/\/songyehairtools.com\/es\/wp-json\/wp\/v2\/media?parent=420"}],"wp:term":[{"taxonomy":"product_brand","embeddable":true,"href":"https:\/\/songyehairtools.com\/es\/wp-json\/wp\/v2\/product_brand?post=420"},{"taxonomy":"product_cat","embeddable":true,"href":"https:\/\/songyehairtools.com\/es\/wp-json\/wp\/v2\/product_cat?post=420"},{"taxonomy":"product_tag","embeddable":true,"href":"https:\/\/songyehairtools.com\/es\/wp-json\/wp\/v2\/product_tag?post=420"}],"curies":[{"name":"wp","href":"https:\/\/api.w.org\/{rel}","templated":true}]}}