{"id":422,"date":"2025-07-28T07:48:08","date_gmt":"2025-07-28T07:48:08","guid":{"rendered":"https:\/\/songyehairtools.com\/product\/1800w-bldc-hair-dryer\/"},"modified":"2025-08-11T15:46:20","modified_gmt":"2025-08-11T15:46:20","slug":"secador-de-pelo-hp-1600-1800w-bldc","status":"publish","type":"product","link":"https:\/\/songyehairtools.com\/es\/producto\/secador-de-pelo-hp-1600-1800w-bldc\/","title":{"rendered":"Secador de cabello BLDC HP-1600 1800W"},"content":{"rendered":"<p>220-240V 50-60Hz<br \/>\nPotencia: 1800W<br \/>\nMotor: motor BLDC de 110000 RPM<br \/>\n2 velocidades \/ 3 niveles de calor \/ aire fr\u00edo<br \/>\nLongitud del cable: 1.8m<br \/>\nAccesorios: 2 boquillas, 1 difusor<\/p>","protected":false},"excerpt":{"rendered":"<p>Conozca el secador de pelo HP-1600, su compa\u00f1ero ideal para el peinado.<br \/>\nEquipado con un motor profesional BLDC, funciona a 220-240V, 50-60Hz, con una potencia de 1800W para un secado eficiente. Ofrece 2 velocidades y 3 niveles de calor, adem\u00e1s de una funci\u00f3n de aire fr\u00edo, adapt\u00e1ndose a diversas necesidades de estilizado. Su dise\u00f1o ergon\u00f3mico y elegante se adapta c\u00f3modamente a la mano. Con un cable de 1.8m para mayor flexibilidad, e incluye accesorios con 2 boquillas y 1 difusor, ayud\u00e1ndole a crear desde looks lisos y rectos hasta rizos voluminosos.<\/p>","protected":false},"featured_media":530,"comment_status":"open","ping_status":"closed","template":"","meta":[],"product_brand":[],"product_cat":[37],"product_tag":[38,42,40],"class_list":{"0":"post-422","1":"product","2":"type-product","3":"status-publish","4":"has-post-thumbnail","6":"product_cat-bldc-hair-dryer","7":"product_tag-best-hair-dryer","8":"product_tag-hair-dryer-factory","9":"product_tag-hair-dryer-like-dyson","11":"first","12":"instock","13":"shipping-taxable","14":"product-type-simple"},"_links":{"self":[{"href":"https:\/\/songyehairtools.com\/es\/wp-json\/wp\/v2\/product\/422","targetHints":{"allow":["GET"]}}],"collection":[{"href":"https:\/\/songyehairtools.com\/es\/wp-json\/wp\/v2\/product"}],"about":[{"href":"https:\/\/songyehairtools.com\/es\/wp-json\/wp\/v2\/types\/product"}],"replies":[{"embeddable":true,"href":"https:\/\/songyehairtools.com\/es\/wp-json\/wp\/v2\/comments?post=422"}],"wp:featuredmedia":[{"embeddable":true,"href":"https:\/\/songyehairtools.com\/es\/wp-json\/wp\/v2\/media\/530"}],"wp:attachment":[{"href":"https:\/\/songyehairtools.com\/es\/wp-json\/wp\/v2\/media?parent=422"}],"wp:term":[{"taxonomy":"product_brand","embeddable":true,"href":"https:\/\/songyehairtools.com\/es\/wp-json\/wp\/v2\/product_brand?post=422"},{"taxonomy":"product_cat","embeddable":true,"href":"https:\/\/songyehairtools.com\/es\/wp-json\/wp\/v2\/product_cat?post=422"},{"taxonomy":"product_tag","embeddable":true,"href":"https:\/\/songyehairtools.com\/es\/wp-json\/wp\/v2\/product_tag?post=422"}],"curies":[{"name":"wp","href":"https:\/\/api.w.org\/{rel}","templated":true}]}}