{"id":423,"date":"2025-07-28T07:48:08","date_gmt":"2025-07-28T07:48:08","guid":{"rendered":"https:\/\/songyehairtools.com\/product\/1900w-bldc-hair-dryer\/"},"modified":"2025-08-11T15:47:38","modified_gmt":"2025-08-11T15:47:38","slug":"secador-de-cabello-hp-2046-1900w-con-motor-bldc","status":"publish","type":"product","link":"https:\/\/songyehairtools.com\/es\/producto\/secador-de-cabello-hp-2046-1900w-con-motor-bldc\/","title":{"rendered":"Secador de cabello BLDC HP-2046 1900W"},"content":{"rendered":"<p>220-240V 50-60Hz 1900W<br \/>\nMotor: motor BLDC de 110000 RPM<br \/>\n3 velocidades \/ 3 niveles de calor, chorro de aire fr\u00edo<br \/>\nAccesorios: 1 boquilla, 1 difusor<\/p>","protected":false},"excerpt":{"rendered":"<p>El secador de pelo HP-2046 es un potente dispositivo de estilizado. Funciona a BLDC 220-240V, 50-60Hz, con una potencia de 1900W. Equipado con un motor BLDC de 110000 RPM, proporciona un flujo de aire potente.<br \/>\nCuenta con 3 velocidades y 3 niveles de calor, adem\u00e1s de un chorro de aire fr\u00edo para un estilizado vers\u00e1til. Su dise\u00f1o elegante y compacto facilita su manejo. Incluye 1 boquilla y 1 difusor, que ayudan a crear diversos peinados, ya sea para lograr mechas lisas o rizos con volumen.<\/p>","protected":false},"featured_media":532,"comment_status":"open","ping_status":"closed","template":"","meta":[],"product_brand":[],"product_cat":[37],"product_tag":[42,40,45],"class_list":{"0":"post-423","1":"product","2":"type-product","3":"status-publish","4":"has-post-thumbnail","6":"product_cat-bldc-hair-dryer","7":"product_tag-hair-dryer-factory","8":"product_tag-hair-dryer-like-dyson","9":"product_tag-hair-dryer-manufacturer","11":"first","12":"instock","13":"shipping-taxable","14":"product-type-simple"},"_links":{"self":[{"href":"https:\/\/songyehairtools.com\/es\/wp-json\/wp\/v2\/product\/423","targetHints":{"allow":["GET"]}}],"collection":[{"href":"https:\/\/songyehairtools.com\/es\/wp-json\/wp\/v2\/product"}],"about":[{"href":"https:\/\/songyehairtools.com\/es\/wp-json\/wp\/v2\/types\/product"}],"replies":[{"embeddable":true,"href":"https:\/\/songyehairtools.com\/es\/wp-json\/wp\/v2\/comments?post=423"}],"wp:featuredmedia":[{"embeddable":true,"href":"https:\/\/songyehairtools.com\/es\/wp-json\/wp\/v2\/media\/532"}],"wp:attachment":[{"href":"https:\/\/songyehairtools.com\/es\/wp-json\/wp\/v2\/media?parent=423"}],"wp:term":[{"taxonomy":"product_brand","embeddable":true,"href":"https:\/\/songyehairtools.com\/es\/wp-json\/wp\/v2\/product_brand?post=423"},{"taxonomy":"product_cat","embeddable":true,"href":"https:\/\/songyehairtools.com\/es\/wp-json\/wp\/v2\/product_cat?post=423"},{"taxonomy":"product_tag","embeddable":true,"href":"https:\/\/songyehairtools.com\/es\/wp-json\/wp\/v2\/product_tag?post=423"}],"curies":[{"name":"wp","href":"https:\/\/api.w.org\/{rel}","templated":true}]}}