{"id":432,"date":"2025-07-28T07:48:09","date_gmt":"2025-07-28T07:48:09","guid":{"rendered":"https:\/\/songyehairtools.com\/product\/2000w-ac-hair-dryer-3\/"},"modified":"2025-08-11T15:29:43","modified_gmt":"2025-08-11T15:29:43","slug":"secador-de-pelo-ac-hp-8960-2000w","status":"publish","type":"product","link":"https:\/\/songyehairtools.com\/es\/producto\/secador-de-pelo-ac-hp-8960-2000w\/","title":{"rendered":"Secador de pelo AC HP-8960 2000W"},"content":{"rendered":"<p>AC220-240V 50-60Hz 2000W<br \/>\nMotor profesional AC<br \/>\n2 velocidades \/ 3 niveles de calor \/ aire fr\u00edo<br \/>\nLongitud del cable: 2.5 m<br \/>\nAccesorios: 2 boquillas<\/p>","protected":false},"excerpt":{"rendered":"<p>El HP-8960 es un secador profesional robusto dise\u00f1ado para un uso exigente. Presenta una carcasa pintada con un acabado est\u00e9tico y profesional. Su dise\u00f1o general es novedoso y \u00fanico, con una forma compacta que recuerda a un martillo. Su potente motor profesional AC de 2000W sugiere una construcci\u00f3n s\u00f3lida y probablemente ergon\u00f3mica, t\u00edpica del equipamiento de sal\u00f3n. En cuanto a funcionalidad, ofrece un control vers\u00e1til para el estilizado con dos configuraciones de velocidad para la intensidad del flujo de aire y tres niveles de calor para adaptarse a diferentes tipos de cabello y estilos. Incluye una funci\u00f3n espec\u00edfica de aire fr\u00edo para fijar los estilos y aportar brillo. Para aumentar su utilidad, el secador incluye dos boquillas (probablemente para concentrar el flujo de aire) y un difusor (para un secado m\u00e1s suave y voluminoso), lo que lo hace adaptable a diversas t\u00e9cnicas.<\/p>","protected":false},"featured_media":511,"comment_status":"open","ping_status":"closed","template":"","meta":[],"product_brand":[],"product_cat":[44],"product_tag":[45,39,43],"class_list":{"0":"post-432","1":"product","2":"type-product","3":"status-publish","4":"has-post-thumbnail","6":"product_cat-ac-hair-dryer","7":"product_tag-hair-dryer-manufacturer","8":"product_tag-professional-hair-dryer","9":"product_tag-quiet-hair-dryer","11":"first","12":"instock","13":"shipping-taxable","14":"product-type-simple"},"_links":{"self":[{"href":"https:\/\/songyehairtools.com\/es\/wp-json\/wp\/v2\/product\/432","targetHints":{"allow":["GET"]}}],"collection":[{"href":"https:\/\/songyehairtools.com\/es\/wp-json\/wp\/v2\/product"}],"about":[{"href":"https:\/\/songyehairtools.com\/es\/wp-json\/wp\/v2\/types\/product"}],"replies":[{"embeddable":true,"href":"https:\/\/songyehairtools.com\/es\/wp-json\/wp\/v2\/comments?post=432"}],"wp:featuredmedia":[{"embeddable":true,"href":"https:\/\/songyehairtools.com\/es\/wp-json\/wp\/v2\/media\/511"}],"wp:attachment":[{"href":"https:\/\/songyehairtools.com\/es\/wp-json\/wp\/v2\/media?parent=432"}],"wp:term":[{"taxonomy":"product_brand","embeddable":true,"href":"https:\/\/songyehairtools.com\/es\/wp-json\/wp\/v2\/product_brand?post=432"},{"taxonomy":"product_cat","embeddable":true,"href":"https:\/\/songyehairtools.com\/es\/wp-json\/wp\/v2\/product_cat?post=432"},{"taxonomy":"product_tag","embeddable":true,"href":"https:\/\/songyehairtools.com\/es\/wp-json\/wp\/v2\/product_tag?post=432"}],"curies":[{"name":"wp","href":"https:\/\/api.w.org\/{rel}","templated":true}]}}