{"id":438,"date":"2025-07-28T07:48:09","date_gmt":"2025-07-28T07:48:09","guid":{"rendered":"https:\/\/songyehairtools.com\/product\/1200w-hot-air-brush\/"},"modified":"2025-10-13T15:39:33","modified_gmt":"2025-10-13T15:39:33","slug":"cepillo-de-aire-caliente-hp-2029-1200w","status":"publish","type":"product","link":"https:\/\/songyehairtools.com\/es\/producto\/cepillo-de-aire-caliente-hp-2029-1200w\/","title":{"rendered":"Cepillo de aire caliente HP-2029 1200W"},"content":{"rendered":"<p>AC220-240V 50\/60Hz<br \/>\n1000W\u20141200W<br \/>\n2 velocidades \/ 3 niveles de calor<br \/>\nAire fr\u00edo<br \/>\nLongitud del cable: 2m<\/p>","protected":false},"excerpt":{"rendered":"<p>El set de cepillo de aire caliente HP-2029 incluye dos herramientas de estilizado. Funciona con corriente alterna de 220-240V, 50-60Hz, y una potencia de 1000-1200W. Cuenta con 2 velocidades y 3 niveles de calor, adem\u00e1s de una funci\u00f3n de aire fr\u00edo para fijar el estilo. Un cable de 2m garantiza un uso flexible. Ideal para crear diversos peinados, ya sea que desee cabello liso y suave u ondas delicadas. Compacto y f\u00e1cil de manejar, brinda la comodidad de un estilizado profesional en su hogar.<\/p>","protected":false},"featured_media":537,"comment_status":"open","ping_status":"closed","template":"","meta":[],"product_brand":[],"product_cat":[50],"product_tag":[41,51,53],"class_list":{"0":"post-438","1":"product","2":"type-product","3":"status-publish","4":"has-post-thumbnail","6":"product_cat-hot-air-brush","7":"product_tag-best-brush-hair-dryer","8":"product_tag-hair-dryer-brush","9":"product_tag-hot-air-brush-supplier","11":"first","12":"instock","13":"shipping-taxable","14":"product-type-simple"},"_links":{"self":[{"href":"https:\/\/songyehairtools.com\/es\/wp-json\/wp\/v2\/product\/438","targetHints":{"allow":["GET"]}}],"collection":[{"href":"https:\/\/songyehairtools.com\/es\/wp-json\/wp\/v2\/product"}],"about":[{"href":"https:\/\/songyehairtools.com\/es\/wp-json\/wp\/v2\/types\/product"}],"replies":[{"embeddable":true,"href":"https:\/\/songyehairtools.com\/es\/wp-json\/wp\/v2\/comments?post=438"}],"wp:featuredmedia":[{"embeddable":true,"href":"https:\/\/songyehairtools.com\/es\/wp-json\/wp\/v2\/media\/537"}],"wp:attachment":[{"href":"https:\/\/songyehairtools.com\/es\/wp-json\/wp\/v2\/media?parent=438"}],"wp:term":[{"taxonomy":"product_brand","embeddable":true,"href":"https:\/\/songyehairtools.com\/es\/wp-json\/wp\/v2\/product_brand?post=438"},{"taxonomy":"product_cat","embeddable":true,"href":"https:\/\/songyehairtools.com\/es\/wp-json\/wp\/v2\/product_cat?post=438"},{"taxonomy":"product_tag","embeddable":true,"href":"https:\/\/songyehairtools.com\/es\/wp-json\/wp\/v2\/product_tag?post=438"}],"curies":[{"name":"wp","href":"https:\/\/api.w.org\/{rel}","templated":true}]}}