{"id":439,"date":"2025-07-28T07:48:09","date_gmt":"2025-07-28T07:48:09","guid":{"rendered":"https:\/\/songyehairtools.com\/product\/1000w-hot-air-brush\/"},"modified":"2025-08-11T15:56:22","modified_gmt":"2025-08-11T15:56:22","slug":"cepillo-de-aire-caliente-hp-5250-1000w","status":"publish","type":"product","link":"https:\/\/songyehairtools.com\/es\/producto\/cepillo-de-aire-caliente-hp-5250-1000w\/","title":{"rendered":"Cepillo de aire caliente HP-5250 1000W"},"content":{"rendered":"<p>1000W<br \/>\nAC220-240V 50-60Hz<br \/>\n2 velocidades<br \/>\n3 niveles de calor y funci\u00f3n fr\u00eda<br \/>\nLongitud del cable: 2m<\/p>","protected":false},"excerpt":{"rendered":"<p>Conozca el HP-5250, una herramienta vers\u00e1til para el peinado. Con 1000W de potencia, funciona con AC220-240V, 50-60Hz.<br \/>\nPresenta un dise\u00f1o ergon\u00f3mico y elegante. Su forma de cepillo facilita el agarre. Cuenta con 2 velocidades y 3 niveles de calor m\u00e1s una funci\u00f3n fr\u00eda, permitiendo personalizar el estilo. Un cable de 2m ofrece flexibilidad. Ideal para crear diversos peinados con facilidad.<\/p>","protected":false},"featured_media":539,"comment_status":"open","ping_status":"closed","template":"","meta":[],"product_brand":[],"product_cat":[50],"product_tag":[41,51,52],"class_list":{"0":"post-439","1":"product","2":"type-product","3":"status-publish","4":"has-post-thumbnail","6":"product_cat-hot-air-brush","7":"product_tag-best-brush-hair-dryer","8":"product_tag-hair-dryer-brush","9":"product_tag-hot-air-brush-factory","11":"first","12":"instock","13":"shipping-taxable","14":"product-type-simple"},"_links":{"self":[{"href":"https:\/\/songyehairtools.com\/es\/wp-json\/wp\/v2\/product\/439","targetHints":{"allow":["GET"]}}],"collection":[{"href":"https:\/\/songyehairtools.com\/es\/wp-json\/wp\/v2\/product"}],"about":[{"href":"https:\/\/songyehairtools.com\/es\/wp-json\/wp\/v2\/types\/product"}],"replies":[{"embeddable":true,"href":"https:\/\/songyehairtools.com\/es\/wp-json\/wp\/v2\/comments?post=439"}],"wp:featuredmedia":[{"embeddable":true,"href":"https:\/\/songyehairtools.com\/es\/wp-json\/wp\/v2\/media\/539"}],"wp:attachment":[{"href":"https:\/\/songyehairtools.com\/es\/wp-json\/wp\/v2\/media?parent=439"}],"wp:term":[{"taxonomy":"product_brand","embeddable":true,"href":"https:\/\/songyehairtools.com\/es\/wp-json\/wp\/v2\/product_brand?post=439"},{"taxonomy":"product_cat","embeddable":true,"href":"https:\/\/songyehairtools.com\/es\/wp-json\/wp\/v2\/product_cat?post=439"},{"taxonomy":"product_tag","embeddable":true,"href":"https:\/\/songyehairtools.com\/es\/wp-json\/wp\/v2\/product_tag?post=439"}],"curies":[{"name":"wp","href":"https:\/\/api.w.org\/{rel}","templated":true}]}}