{"id":444,"date":"2025-07-28T07:48:13","date_gmt":"2025-07-28T07:48:13","guid":{"rendered":"https:\/\/songyehairtools.com\/product\/1000w-hot-air-brush-2\/"},"modified":"2025-09-04T14:48:17","modified_gmt":"2025-09-04T14:48:17","slug":"cepillo-de-aire-caliente-hp-2129-1000w","status":"publish","type":"product","link":"https:\/\/songyehairtools.com\/es\/producto\/cepillo-de-aire-caliente-hp-2129-1000w\/","title":{"rendered":"HP-2129 Cepillo de aire caliente 1000W"},"content":{"rendered":"<p>AC220-240V 50-60Hz 1000W<br \/>\nMotor: Motor de corriente continua<br \/>\n2 velocidades \/ 3 niveles de calor \/ aire fr\u00edo<br \/>\nLongitud del cable: 2m<br \/>\nAccesorio: 2 cabezales<\/p>","protected":false},"excerpt":{"rendered":"<p>El HP-2129 es un estilizador de cabello vers\u00e1til. Cuenta con un dise\u00f1o elegante y cuerpo rojo. Equipado con motor de corriente continua, ofrece 2 velocidades, 3 niveles de calor y funci\u00f3n de aire fr\u00edo. Funciona con AC220-240V, 50-60Hz, potencia de 1000W y cable de 2m. Incluye 2 cabezales reemplazables para estilizado rotativo, ideal para crear diversos peinados con facilidad.<\/p>","protected":false},"featured_media":699,"comment_status":"open","ping_status":"closed","template":"","meta":[],"product_brand":[],"product_cat":[50],"product_tag":[51,54,53],"class_list":{"0":"post-444","1":"product","2":"type-product","3":"status-publish","4":"has-post-thumbnail","6":"product_cat-hot-air-brush","7":"product_tag-hair-dryer-brush","8":"product_tag-hot-air-brush-manufacturer","9":"product_tag-hot-air-brush-supplier","11":"first","12":"instock","13":"shipping-taxable","14":"product-type-simple"},"_links":{"self":[{"href":"https:\/\/songyehairtools.com\/es\/wp-json\/wp\/v2\/product\/444","targetHints":{"allow":["GET"]}}],"collection":[{"href":"https:\/\/songyehairtools.com\/es\/wp-json\/wp\/v2\/product"}],"about":[{"href":"https:\/\/songyehairtools.com\/es\/wp-json\/wp\/v2\/types\/product"}],"replies":[{"embeddable":true,"href":"https:\/\/songyehairtools.com\/es\/wp-json\/wp\/v2\/comments?post=444"}],"wp:featuredmedia":[{"embeddable":true,"href":"https:\/\/songyehairtools.com\/es\/wp-json\/wp\/v2\/media\/699"}],"wp:attachment":[{"href":"https:\/\/songyehairtools.com\/es\/wp-json\/wp\/v2\/media?parent=444"}],"wp:term":[{"taxonomy":"product_brand","embeddable":true,"href":"https:\/\/songyehairtools.com\/es\/wp-json\/wp\/v2\/product_brand?post=444"},{"taxonomy":"product_cat","embeddable":true,"href":"https:\/\/songyehairtools.com\/es\/wp-json\/wp\/v2\/product_cat?post=444"},{"taxonomy":"product_tag","embeddable":true,"href":"https:\/\/songyehairtools.com\/es\/wp-json\/wp\/v2\/product_tag?post=444"}],"curies":[{"name":"wp","href":"https:\/\/api.w.org\/{rel}","templated":true}]}}