{"id":449,"date":"2025-07-28T07:48:13","date_gmt":"2025-07-28T07:48:13","guid":{"rendered":"https:\/\/songyehairtools.com\/product\/1000w-hot-air-brush-4\/"},"modified":"2025-09-04T14:52:49","modified_gmt":"2025-09-04T14:52:49","slug":"cepillo-de-aire-caliente-hp-2055-1000w","status":"publish","type":"product","link":"https:\/\/songyehairtools.com\/es\/producto\/cepillo-de-aire-caliente-hp-2055-1000w\/","title":{"rendered":"HP-2055 Cepillo de aire caliente 1000W"},"content":{"rendered":"<p>800-1000W<br \/>\n220-240V CA<br \/>\n50Hz\/60Hz<br \/>\n2 velocidades<br \/>\nAire fr\u00edo<br \/>\n3 cepillos desmontables<br \/>\nBolsa de almacenamiento<br \/>\nLongitud del cable: 2m<\/p>","protected":false},"excerpt":{"rendered":"<p>La HP-2055 es una herramienta vers\u00e1til para el peinado. Con un rango de potencia de 800-1000W, funciona con CA 2200-240V a 50-60Hz. Su elegante dise\u00f1o negro incluye 2 velocidades y un chorro de aire fr\u00edo para mayor flexibilidad en el estilo. Equipada con 3 cepillos desmontables, se adapta a diversas necesidades de peinado. Una bolsa de almacenamiento y un cable de 2m a\u00f1aden comodidad. Perfecta para crear diversos looks con facilidad en casa.<\/p>","protected":false},"featured_media":704,"comment_status":"open","ping_status":"closed","template":"","meta":[],"product_brand":[],"product_cat":[50],"product_tag":[41,51,52],"class_list":{"0":"post-449","1":"product","2":"type-product","3":"status-publish","4":"has-post-thumbnail","6":"product_cat-hot-air-brush","7":"product_tag-best-brush-hair-dryer","8":"product_tag-hair-dryer-brush","9":"product_tag-hot-air-brush-factory","11":"first","12":"instock","13":"shipping-taxable","14":"product-type-simple"},"_links":{"self":[{"href":"https:\/\/songyehairtools.com\/es\/wp-json\/wp\/v2\/product\/449","targetHints":{"allow":["GET"]}}],"collection":[{"href":"https:\/\/songyehairtools.com\/es\/wp-json\/wp\/v2\/product"}],"about":[{"href":"https:\/\/songyehairtools.com\/es\/wp-json\/wp\/v2\/types\/product"}],"replies":[{"embeddable":true,"href":"https:\/\/songyehairtools.com\/es\/wp-json\/wp\/v2\/comments?post=449"}],"wp:featuredmedia":[{"embeddable":true,"href":"https:\/\/songyehairtools.com\/es\/wp-json\/wp\/v2\/media\/704"}],"wp:attachment":[{"href":"https:\/\/songyehairtools.com\/es\/wp-json\/wp\/v2\/media?parent=449"}],"wp:term":[{"taxonomy":"product_brand","embeddable":true,"href":"https:\/\/songyehairtools.com\/es\/wp-json\/wp\/v2\/product_brand?post=449"},{"taxonomy":"product_cat","embeddable":true,"href":"https:\/\/songyehairtools.com\/es\/wp-json\/wp\/v2\/product_cat?post=449"},{"taxonomy":"product_tag","embeddable":true,"href":"https:\/\/songyehairtools.com\/es\/wp-json\/wp\/v2\/product_tag?post=449"}],"curies":[{"name":"wp","href":"https:\/\/api.w.org\/{rel}","templated":true}]}}