{"id":679,"date":"2025-08-25T04:13:27","date_gmt":"2025-08-25T04:13:27","guid":{"rendered":"https:\/\/songyehairtools.com\/?post_type=product&#038;p=679"},"modified":"2025-08-25T04:13:28","modified_gmt":"2025-08-25T04:13:28","slug":"hp-8862-nueva-tecnologia-alisador-de-cabello","status":"publish","type":"product","link":"https:\/\/songyehairtools.com\/es\/producto\/hp-8862-nueva-tecnologia-alisador-de-cabello\/","title":{"rendered":"HP-8862 Alisador de pelo con nueva tecnolog\u00eda"},"content":{"rendered":"<p>AC110V-240V 50\/60Hz 50W<br \/>\nTemperatura: 80-230\u2103 con pantalla LCD<br \/>\nElemento calefactor: PTC\/MCH<br \/>\nPlaca: recubrimiento cer\u00e1mico flotante<br \/>\nMaterial del cuerpo: PET<br \/>\nCable giratorio: 2.5m\/360\u00b0 de rotaci\u00f3n<br \/>\nVoltaje: Doble voltaje, apto para uso mundial<br \/>\nPresione el bot\u00f3n de encendido durante 3 segundos para activar, y se apagar\u00e1 autom\u00e1ticamente despu\u00e9s de 7 horas<br \/>\nCertificaciones: CE, GCC, ROSH, SGS, Aprobaci\u00f3n Norteamericana<\/p>","protected":false},"excerpt":{"rendered":"<p>Voltaje: 110-240V<br \/>\nPotencia: 50W<br \/>\nTemperatura: 80-230\u2103<br \/>\nElemento calefactor: PTC\/MCH<br \/>\nPlaca: flotante 3D<br \/>\nFunci\u00f3n de iones negativos<br \/>\nPlacas de tefl\u00f3n nuevas<br \/>\nOpciones de recubrimiento: titanio, cer\u00e1mica o plateado espejo<\/p>","protected":false},"featured_media":680,"comment_status":"open","ping_status":"closed","template":"","meta":[],"product_brand":[],"product_cat":[57],"product_tag":[58,63],"class_list":{"0":"post-679","1":"product","2":"type-product","3":"status-publish","4":"has-post-thumbnail","6":"product_cat-hair-straightener","7":"product_tag-hair-straightener-factory","8":"product_tag-new-tech-hair-straightener","10":"first","11":"instock","12":"shipping-taxable","13":"product-type-simple"},"_links":{"self":[{"href":"https:\/\/songyehairtools.com\/es\/wp-json\/wp\/v2\/product\/679","targetHints":{"allow":["GET"]}}],"collection":[{"href":"https:\/\/songyehairtools.com\/es\/wp-json\/wp\/v2\/product"}],"about":[{"href":"https:\/\/songyehairtools.com\/es\/wp-json\/wp\/v2\/types\/product"}],"replies":[{"embeddable":true,"href":"https:\/\/songyehairtools.com\/es\/wp-json\/wp\/v2\/comments?post=679"}],"wp:featuredmedia":[{"embeddable":true,"href":"https:\/\/songyehairtools.com\/es\/wp-json\/wp\/v2\/media\/680"}],"wp:attachment":[{"href":"https:\/\/songyehairtools.com\/es\/wp-json\/wp\/v2\/media?parent=679"}],"wp:term":[{"taxonomy":"product_brand","embeddable":true,"href":"https:\/\/songyehairtools.com\/es\/wp-json\/wp\/v2\/product_brand?post=679"},{"taxonomy":"product_cat","embeddable":true,"href":"https:\/\/songyehairtools.com\/es\/wp-json\/wp\/v2\/product_cat?post=679"},{"taxonomy":"product_tag","embeddable":true,"href":"https:\/\/songyehairtools.com\/es\/wp-json\/wp\/v2\/product_tag?post=679"}],"curies":[{"name":"wp","href":"https:\/\/api.w.org\/{rel}","templated":true}]}}