{"id":101,"date":"2025-07-09T01:51:57","date_gmt":"2025-07-09T01:51:57","guid":{"rendered":"https:\/\/hotpink-goldfish-701306.hostingersite.com\/?page_id=101"},"modified":"2025-10-21T07:36:28","modified_gmt":"2025-10-21T07:36:28","slug":"notre-histoire","status":"publish","type":"page","link":"https:\/\/songyehairtools.com\/fr\/notre-histoire\/","title":{"rendered":"Notre histoire"},"content":{"rendered":"<div data-elementor-type=\"wp-page\" data-elementor-id=\"101\" class=\"elementor elementor-101\" data-elementor-post-type=\"page\">\n\t\t\t\t<div class=\"elementor-element elementor-element-4486702 e-flex e-con-boxed e-con e-parent\" data-id=\"4486702\" data-element_type=\"container\" data-e-type=\"container\" data-settings=\"{&quot;background_background&quot;:&quot;classic&quot;,&quot;shape_divider_bottom&quot;:&quot;triangle-asymmetrical&quot;}\">\n\t\t\t\t\t<div class=\"e-con-inner\">\n\t\t\t\t<div class=\"elementor-shape elementor-shape-bottom\" aria-hidden=\"true\" data-negative=\"false\">\n\t\t\t<svg xmlns=\"http:\/\/www.w3.org\/2000\/svg\" viewbox=\"0 0 1000 100\" preserveaspectratio=\"none\">\n\t<path class=\"elementor-shape-fill\" d=\"M738,99l262-93V0H0v5.6L738,99z\"\/>\n<\/svg>\t\t<\/div>\n\t\t<div class=\"elementor-element elementor-element-32f38f2f e-con-full e-flex e-con e-child\" data-id=\"32f38f2f\" data-element_type=\"container\" data-e-type=\"container\">\n\t\t<div class=\"elementor-element elementor-element-20cf01a2 e-con-full e-flex e-con e-child\" data-id=\"20cf01a2\" data-element_type=\"container\" data-e-type=\"container\" data-settings=\"{&quot;background_background&quot;:&quot;classic&quot;}\">\n\t\t\t\t<div class=\"elementor-element elementor-element-33d2ed34 elementor-widget__width-initial elementor-widget elementor-widget-heading\" data-id=\"33d2ed34\" data-element_type=\"widget\" data-e-type=\"widget\" data-settings=\"{&quot;_animation&quot;:&quot;none&quot;}\" data-widget_type=\"heading.default\">\n\t\t\t\t\t<h2 class=\"elementor-heading-title elementor-size-default\">Notre histoire<\/h2>\t\t\t\t<\/div>\n\t\t\t\t<\/div>\n\t\t\t\t<\/div>\n\t\t\t\t\t<\/div>\n\t\t\t\t<\/div>\n\t\t<div class=\"elementor-element elementor-element-6d41ea3f e-flex e-con-boxed e-con e-parent\" data-id=\"6d41ea3f\" data-element_type=\"container\" data-e-type=\"container\">\n\t\t\t\t\t<div class=\"e-con-inner\">\n\t\t<div class=\"elementor-element elementor-element-2d93f51d e-con-full e-flex e-con e-child\" data-id=\"2d93f51d\" data-element_type=\"container\" data-e-type=\"container\">\n\t\t\t\t<div class=\"elementor-element elementor-element-72bc2c79 elementor-widget elementor-widget-heading\" data-id=\"72bc2c79\" data-element_type=\"widget\" data-e-type=\"widget\" data-widget_type=\"heading.default\">\n\t\t\t\t\t<h2 class=\"elementor-heading-title elementor-size-default\">Songye Electric Appliances (SONGYE) : Depuis 19 ans, apportant de la chaleur \u00e0 chaque cheveu dans le monde<\/h2>\t\t\t\t<\/div>\n\t\t\t\t<div class=\"elementor-element elementor-element-1accf7d3 elementor-widget elementor-widget-text-editor\" data-id=\"1accf7d3\" data-element_type=\"widget\" data-e-type=\"widget\" data-widget_type=\"text-editor.default\">\n\t\t\t\t\t\t\t\t\t<p>\u00c0 l'\u00e9t\u00e9 2005, dans une vieille usine du Hunan, quelques jeunes ont accroch\u00e9 une enseigne l\u00e9g\u00e8rement d\u00e9color\u00e9e, et des s\u00e8che-cheveux usag\u00e9s d\u00e9mont\u00e9s \u00e9taient \u00e9parpill\u00e9s sur l'\u00e9tabli. Le fondateur Green Lan a d\u00e9clar\u00e9 avec conviction : \u201c Les outils ne devraient pas avoir la froideur du m\u00e9tal \u2014 ils devraient ressentir la chaleur des cheveux, tout comme nous. \u201d Accroupis dans le salon de coiffure, ils ont observ\u00e9 chaque geste des coiffeurs et rempli trois carnets de notes avec les plaintes des clients : \u2019 Le flux d'air est trop diffus, rendant les boucles difficiles \u00e0 coiffer \u201c, \u201d Les boutons sont trop glissants, il est facile de les toucher accidentellement avec les mains mouill\u00e9es \u201c \u2014 ces d\u00e9sagr\u00e9ments apparemment mineurs sont devenus le premier sch\u00e9ma d'innovation de Songye.<\/p><p>En 2008, lors de l'expansion de la production, Songye a investi r\u00e9solument dans la fabrication automatis\u00e9e de pr\u00e9cision. Les lumi\u00e8res du laboratoire br\u00fblaient souvent tard dans la nuit, tandis que les ing\u00e9nieurs polissaient \u00e0 plusieurs reprises le fil chauffant pour ajuster la temp\u00e9rature de l'air de 0,5\u00b0C, et testaient l'amortissement des boutons \u00e0 l'aide d'un mod\u00e8le de main humaine jusqu'\u00e0 ce que la prise en main soit naturelle. Ce qui semblait \u00e0 l'\u00e9poque une persistance obsessionnelle est finalement devenu cach\u00e9 dans les d\u00e9tails de chaque s\u00e8che-cheveux.<\/p><p>En 2012, le premier lot de produits a \u00e9t\u00e9 exp\u00e9di\u00e9 \u00e0 l'\u00e9tranger. Les coiffeurs europ\u00e9ens ont comment\u00e9 le \u201c bruit de vent plus faible et les boucles plus dociles \u201d, tandis que les utilisateurs nord-am\u00e9ricains ont lou\u00e9 le \u201c non-glissement m\u00eame avec les mains mouill\u00e9es \u201d. Ces retours honn\u00eates sont plus pr\u00e9cieux que toute autre r\u00e9compense. Plus tard, un client du Moyen-Orient s'est plaint que le s\u00e8che-cheveux devenait trop chaud \u00e0 tenir. L'\u00e9quipe a pass\u00e9 trois mois dans une chambre de simulation \u00e0 40\u00b0C \u2014 non pour une certification, mais simplement pour garder les cheveux plus frais, plus frais et encore plus frais.<\/p>\t\t\t\t\t\t\t\t<\/div>\n\t\t<div class=\"elementor-element elementor-element-1b96220b e-con-full e-flex e-con e-child\" data-id=\"1b96220b\" data-element_type=\"container\" data-e-type=\"container\" data-settings=\"{&quot;background_background&quot;:&quot;classic&quot;}\">\n\t\t\t\t<div class=\"elementor-element elementor-element-a3eabb2 elementor-widget elementor-widget-image\" data-id=\"a3eabb2\" data-element_type=\"widget\" data-e-type=\"widget\" data-widget_type=\"image.default\">\n\t\t\t\t\t\t\t\t\t\t\t\t\t\t\t<img fetchpriority=\"high\" decoding=\"async\" width=\"800\" height=\"533\" src=\"https:\/\/songyehairtools.com\/wp-content\/uploads\/2025\/09\/notre-histoire.jpg\" class=\"attachment-large size-large wp-image-710\" alt=\"notre histoire\" srcset=\"\" sizes=\"(max-width: 800px) 100vw, 800px\" title=\"\" data-srcset=\"\">\t\t\t\t\t\t\t\t\t\t\t\t\t\t\t<\/div>\n\t\t\t\t<\/div>\n\t\t<div class=\"elementor-element elementor-element-7607136e e-con-full e-flex e-con e-child\" data-id=\"7607136e\" data-element_type=\"container\" data-e-type=\"container\">\n\t\t\t\t<div class=\"elementor-element elementor-element-6fdf4219 elementor-widget elementor-widget-text-editor\" data-id=\"6fdf4219\" data-element_type=\"widget\" data-e-type=\"widget\" data-widget_type=\"text-editor.default\">\n\t\t\t\t\t\t\t\t\t<p>\u00a0<\/p><p>Aujourd'hui, dans l'usine spacieuse de 5 000 m\u00e8tres carr\u00e9s de Songye, six lignes de production intelligentes fonctionnent sans heurts. La buse magn\u00e9tique tourne \u00e0 360\u00b0 pour \u00e9pouser la courbure des cheveux asiatiques, et la fonction de m\u00e9moire de r\u00e9gulation thermique intelligente d\u00e9coule des besoins des utilisateurs europ\u00e9ens. Le showroom est rempli d'exp\u00e9riences utilisateurs du monde entier : dans un salon parisien, le s\u00e8che-cheveux cr\u00e9e un sentiment de rituel pour une mari\u00e9e ; dans les rues de Tokyo, une fille le brandit pour un selfie, ses cheveux scintillant dans l'air chaud.<\/p><p>\u201c Nous ne fabriquons pas des outils ; nous fabriquons des compagnons \u201d, dit souvent Green Lan. De son premier vieux s\u00e8che-cheveux d\u00e9mont\u00e9 \u00e0 ses ventes mondiales actuelles de millions d'unit\u00e9s, l'histoire de Matsuno au cours de ces dix-neuf ann\u00e9es est rest\u00e9e simple : transformer les \u2019 petites plaintes \u201c des utilisateurs en \u201d grandes surprises \u201c des produits ; avec de la chaleur dans chaque d\u00e9tail, permettre aux outils de vraiment comprendre les gens.<\/p><p>Le sch\u00e9ma pour les dix-neuf prochaines ann\u00e9es est d\u00e9j\u00e0 trac\u00e9 dans le laboratoire. Peut-\u00eatre sera-ce une brise plus douce, peut-\u00eatre un bouton plus confortable \u2014 mais ce qui reste inchang\u00e9, c'est la croyance originelle :<br \/>Faire en sorte que les outils comprennent mieux les gens.<\/p>\t\t\t\t\t\t\t\t<\/div>\n\t\t\t\t<\/div>\n\t\t\t\t<\/div>\n\t\t<div class=\"elementor-element elementor-element-31656ce7 e-con-full e-flex e-con e-child\" data-id=\"31656ce7\" data-element_type=\"container\" data-e-type=\"container\">\n\t\t<div class=\"elementor-element elementor-element-371a28f3 e-con-full e-flex e-con e-child\" data-id=\"371a28f3\" data-element_type=\"container\" data-e-type=\"container\" data-settings=\"{&quot;background_background&quot;:&quot;classic&quot;}\">\n\t\t\t\t<div class=\"elementor-element elementor-element-14d84f79 elementor-widget elementor-widget-heading\" data-id=\"14d84f79\" data-element_type=\"widget\" data-e-type=\"widget\" data-widget_type=\"heading.default\">\n\t\t\t\t\t<h2 class=\"elementor-heading-title elementor-size-default\">Nos Produits :<\/h2>\t\t\t\t<\/div>\n\t\t\t\t<div class=\"elementor-element elementor-element-4137cdfb elementor-icon-list--layout-traditional elementor-list-item-link-full_width elementor-widget elementor-widget-icon-list\" data-id=\"4137cdfb\" data-element_type=\"widget\" data-e-type=\"widget\" data-widget_type=\"icon-list.default\">\n\t\t\t\t\t\t\t<ul class=\"elementor-icon-list-items\">\n\t\t\t\t\t\t\t<li class=\"elementor-icon-list-item\">\n\t\t\t\t\t\t\t\t\t\t\t<a href=\"https:\/\/songyehairtools.com\/fr\/categorie-produit\/seche-cheveux-ac\/\">\n\n\t\t\t\t\t\t\t\t\t\t\t\t<span class=\"elementor-icon-list-icon\">\n\t\t\t\t\t\t\t<svg aria-hidden=\"true\" class=\"e-font-icon-svg e-fas-chevron-right\" viewbox=\"0 0 320 512\" xmlns=\"http:\/\/www.w3.org\/2000\/svg\"><path d=\"M285.476 272.971L91.132 467.314c-9.373 9.373-24.569 9.373-33.941 0l-22.667-22.667c-9.357-9.357-9.375-24.522-.04-33.901L188.505 256 34.484 101.255c-9.335-9.379-9.317-24.544.04-33.901l22.667-22.667c9.373-9.373 24.569-9.373 33.941 0L285.475 239.03c9.373 9.372 9.373 24.568.001 33.941z\"><\/path><\/svg>\t\t\t\t\t\t<\/span>\n\t\t\t\t\t\t\t\t\t\t<span class=\"elementor-icon-list-text\">S\u00e8che-cheveux<\/span>\n\t\t\t\t\t\t\t\t\t\t\t<\/a>\n\t\t\t\t\t\t\t\t\t<\/li>\n\t\t\t\t\t\t\t\t<li class=\"elementor-icon-list-item\">\n\t\t\t\t\t\t\t\t\t\t\t<a href=\"https:\/\/songyehairtools.com\/fr\/categorie-produit\/lisseur-de-cheveux\/\">\n\n\t\t\t\t\t\t\t\t\t\t\t\t<span class=\"elementor-icon-list-icon\">\n\t\t\t\t\t\t\t<svg aria-hidden=\"true\" class=\"e-font-icon-svg e-fas-chevron-right\" viewbox=\"0 0 320 512\" xmlns=\"http:\/\/www.w3.org\/2000\/svg\"><path d=\"M285.476 272.971L91.132 467.314c-9.373 9.373-24.569 9.373-33.941 0l-22.667-22.667c-9.357-9.357-9.375-24.522-.04-33.901L188.505 256 34.484 101.255c-9.335-9.379-9.317-24.544.04-33.901l22.667-22.667c9.373-9.373 24.569-9.373 33.941 0L285.475 239.03c9.373 9.372 9.373 24.568.001 33.941z\"><\/path><\/svg>\t\t\t\t\t\t<\/span>\n\t\t\t\t\t\t\t\t\t\t<span class=\"elementor-icon-list-text\">Lisseur de cheveux<\/span>\n\t\t\t\t\t\t\t\t\t\t\t<\/a>\n\t\t\t\t\t\t\t\t\t<\/li>\n\t\t\t\t\t\t\t\t<li class=\"elementor-icon-list-item\">\n\t\t\t\t\t\t\t\t\t\t\t<a href=\"https:\/\/songyehairtools.com\/fr\/categorie-produit\/brosse-a-air-chaud\/\">\n\n\t\t\t\t\t\t\t\t\t\t\t\t<span class=\"elementor-icon-list-icon\">\n\t\t\t\t\t\t\t<svg aria-hidden=\"true\" class=\"e-font-icon-svg e-fas-chevron-right\" viewbox=\"0 0 320 512\" xmlns=\"http:\/\/www.w3.org\/2000\/svg\"><path d=\"M285.476 272.971L91.132 467.314c-9.373 9.373-24.569 9.373-33.941 0l-22.667-22.667c-9.357-9.357-9.375-24.522-.04-33.901L188.505 256 34.484 101.255c-9.335-9.379-9.317-24.544.04-33.901l22.667-22.667c9.373-9.373 24.569-9.373 33.941 0L285.475 239.03c9.373 9.372 9.373 24.568.001 33.941z\"><\/path><\/svg>\t\t\t\t\t\t<\/span>\n\t\t\t\t\t\t\t\t\t\t<span class=\"elementor-icon-list-text\">Brosse chauffante<\/span>\n\t\t\t\t\t\t\t\t\t\t\t<\/a>\n\t\t\t\t\t\t\t\t\t<\/li>\n\t\t\t\t\t\t\t\t<li class=\"elementor-icon-list-item\">\n\t\t\t\t\t\t\t\t\t\t\t<span class=\"elementor-icon-list-icon\">\n\t\t\t\t\t\t\t<svg aria-hidden=\"true\" class=\"e-font-icon-svg e-fas-chevron-right\" viewbox=\"0 0 320 512\" xmlns=\"http:\/\/www.w3.org\/2000\/svg\"><path d=\"M285.476 272.971L91.132 467.314c-9.373 9.373-24.569 9.373-33.941 0l-22.667-22.667c-9.357-9.357-9.375-24.522-.04-33.901L188.505 256 34.484 101.255c-9.335-9.379-9.317-24.544.04-33.901l22.667-22.667c9.373-9.373 24.569-9.373 33.941 0L285.475 239.03c9.373 9.372 9.373 24.568.001 33.941z\"><\/path><\/svg>\t\t\t\t\t\t<\/span>\n\t\t\t\t\t\t\t\t\t\t<span class=\"elementor-icon-list-text\">Fer \u00e0 boucler<\/span>\n\t\t\t\t\t\t\t\t\t<\/li>\n\t\t\t\t\t\t\t\t<li class=\"elementor-icon-list-item\">\n\t\t\t\t\t\t\t\t\t\t\t<span class=\"elementor-icon-list-icon\">\n\t\t\t\t\t\t\t<svg aria-hidden=\"true\" class=\"e-font-icon-svg e-fas-chevron-right\" viewbox=\"0 0 320 512\" xmlns=\"http:\/\/www.w3.org\/2000\/svg\"><path d=\"M285.476 272.971L91.132 467.314c-9.373 9.373-24.569 9.373-33.941 0l-22.667-22.667c-9.357-9.357-9.375-24.522-.04-33.901L188.505 256 34.484 101.255c-9.335-9.379-9.317-24.544.04-33.901l22.667-22.667c9.373-9.373 24.569-9.373 33.941 0L285.475 239.03c9.373 9.372 9.373 24.568.001 33.941z\"><\/path><\/svg>\t\t\t\t\t\t<\/span>\n\t\t\t\t\t\t\t\t\t\t<span class=\"elementor-icon-list-text\">Tondeuse \u00e9lectrique<\/span>\n\t\t\t\t\t\t\t\t\t<\/li>\n\t\t\t\t\t\t<\/ul>\n\t\t\t\t\t\t<\/div>\n\t\t\t\t<\/div>\n\t\t<div class=\"elementor-element elementor-element-61e8392c e-con-full e-flex e-con e-child\" data-id=\"61e8392c\" data-element_type=\"container\" data-e-type=\"container\" data-settings=\"{&quot;background_background&quot;:&quot;classic&quot;}\">\n\t\t\t\t<div class=\"elementor-element elementor-element-7bc873ac elementor-widget elementor-widget-heading\" data-id=\"7bc873ac\" data-element_type=\"widget\" data-e-type=\"widget\" data-widget_type=\"heading.default\">\n\t\t\t\t\t<h2 class=\"elementor-heading-title elementor-size-default\">Contactez-nous<\/h2>\t\t\t\t<\/div>\n\t\t\t\t<div class=\"elementor-element elementor-element-6f1a7c10 elementor-widget__width-initial elementor-widget elementor-widget-text-editor\" data-id=\"6f1a7c10\" data-element_type=\"widget\" data-e-type=\"widget\" data-widget_type=\"text-editor.default\">\n\t\t\t\t\t\t\t\t\t<p>Si vous avez des questions, n'h\u00e9sitez pas \u00e0 nous contacter pour obtenir de l'aide. Nous vous fournirons \u00e9galement le dernier devis.<\/p>\t\t\t\t\t\t\t\t<\/div>\n\t\t\t\t<div class=\"elementor-element elementor-element-5b6dea59 elementor-widget elementor-widget-button\" data-id=\"5b6dea59\" data-element_type=\"widget\" data-e-type=\"widget\" data-widget_type=\"button.default\">\n\t\t\t\t\t\t\t\t\t\t<a class=\"elementor-button elementor-button-link elementor-size-sm\" href=\"https:\/\/songyehairtools.com\/fr\/contact\/\">\n\t\t\t\t\t\t<span class=\"elementor-button-content-wrapper\">\n\t\t\t\t\t\t\t\t\t<span class=\"elementor-button-text\">Contactez-nous<\/span>\n\t\t\t\t\t<\/span>\n\t\t\t\t\t<\/a>\n\t\t\t\t\t\t\t\t<\/div>\n\t\t\t\t<\/div>\n\t\t\t\t<\/div>\n\t\t\t\t\t<\/div>\n\t\t\t\t<\/div>\n\t\t\t\t<\/div>","protected":false},"excerpt":{"rendered":"<p>Our Story Songye Electric Appliances (SONGYE): For 19 Years, Bringing Warmth to Every Hair Around the World In the summer of 2005, in an old factory building in Hunan, a few young people hung a slightly faded sign, and disassembled old hair dryers were scattered on the workbench. Founder Green Lan firmly stated, &#8220;Tools shouldn&#8217;t [&hellip;]<\/p>\n","protected":false},"author":1,"featured_media":0,"parent":0,"menu_order":0,"comment_status":"closed","ping_status":"closed","template":"elementor_header_footer","meta":{"footnotes":""},"class_list":["post-101","page","type-page","status-publish","hentry"],"_links":{"self":[{"href":"https:\/\/songyehairtools.com\/fr\/wp-json\/wp\/v2\/pages\/101","targetHints":{"allow":["GET"]}}],"collection":[{"href":"https:\/\/songyehairtools.com\/fr\/wp-json\/wp\/v2\/pages"}],"about":[{"href":"https:\/\/songyehairtools.com\/fr\/wp-json\/wp\/v2\/types\/page"}],"author":[{"embeddable":true,"href":"https:\/\/songyehairtools.com\/fr\/wp-json\/wp\/v2\/users\/1"}],"replies":[{"embeddable":true,"href":"https:\/\/songyehairtools.com\/fr\/wp-json\/wp\/v2\/comments?post=101"}],"version-history":[{"count":43,"href":"https:\/\/songyehairtools.com\/fr\/wp-json\/wp\/v2\/pages\/101\/revisions"}],"predecessor-version":[{"id":860,"href":"https:\/\/songyehairtools.com\/fr\/wp-json\/wp\/v2\/pages\/101\/revisions\/860"}],"wp:attachment":[{"href":"https:\/\/songyehairtools.com\/fr\/wp-json\/wp\/v2\/media?parent=101"}],"curies":[{"name":"wp","href":"https:\/\/api.w.org\/{rel}","templated":true}]}}