{"id":414,"date":"2025-07-28T07:48:08","date_gmt":"2025-07-28T07:48:08","guid":{"rendered":"https:\/\/songyehairtools.com\/product\/1600w-bldc-hair-dryer\/"},"modified":"2025-08-11T15:44:48","modified_gmt":"2025-08-11T15:44:48","slug":"seche-cheveux-hp-2050-1600w-a-moteur-bldc","status":"publish","type":"product","link":"https:\/\/songyehairtools.com\/fr\/produit\/seche-cheveux-hp-2050-1600w-a-moteur-bldc\/","title":{"rendered":"S\u00e8che-cheveux BLDC 1600W HP-2050"},"content":{"rendered":"<p>220-240V 50-60Hz<br \/>\nPuissance : 1600W<br \/>\nMoteur : Moteur BLDC 110 000 tr\/min<br \/>\n2 vitesses \/ 3 niveaux de chaleur avec indicateur LED<br \/>\nAccessoire : 1 embout<\/p>","protected":false},"excerpt":{"rendered":"<p>Il fonctionne sous 220-240V, 50-60Hz, avec une puissance de sortie de 1600W. \u00c9quip\u00e9 d'un moteur BLDC de 110 000 tr\/min, il offre des performances efficaces. Disposant de 2 vitesses et 3 r\u00e9glages de chaleur, clairement indiqu\u00e9s par des voyants LED, il r\u00e9pond \u00e0 divers besoins de coiffage. Livr\u00e9 avec 1 accessoire de buse. Id\u00e9al pour un s\u00e9chage et un coiffage rapides et pr\u00e9cis.<\/p>","protected":false},"featured_media":491,"comment_status":"open","ping_status":"closed","template":"","meta":[],"product_brand":[],"product_cat":[37],"product_tag":[41,38,40,39],"class_list":{"0":"post-414","1":"product","2":"type-product","3":"status-publish","4":"has-post-thumbnail","6":"product_cat-bldc-hair-dryer","7":"product_tag-best-brush-hair-dryer","8":"product_tag-best-hair-dryer","9":"product_tag-hair-dryer-like-dyson","10":"product_tag-professional-hair-dryer","12":"first","13":"instock","14":"shipping-taxable","15":"product-type-simple"},"_links":{"self":[{"href":"https:\/\/songyehairtools.com\/fr\/wp-json\/wp\/v2\/product\/414","targetHints":{"allow":["GET"]}}],"collection":[{"href":"https:\/\/songyehairtools.com\/fr\/wp-json\/wp\/v2\/product"}],"about":[{"href":"https:\/\/songyehairtools.com\/fr\/wp-json\/wp\/v2\/types\/product"}],"replies":[{"embeddable":true,"href":"https:\/\/songyehairtools.com\/fr\/wp-json\/wp\/v2\/comments?post=414"}],"wp:featuredmedia":[{"embeddable":true,"href":"https:\/\/songyehairtools.com\/fr\/wp-json\/wp\/v2\/media\/491"}],"wp:attachment":[{"href":"https:\/\/songyehairtools.com\/fr\/wp-json\/wp\/v2\/media?parent=414"}],"wp:term":[{"taxonomy":"product_brand","embeddable":true,"href":"https:\/\/songyehairtools.com\/fr\/wp-json\/wp\/v2\/product_brand?post=414"},{"taxonomy":"product_cat","embeddable":true,"href":"https:\/\/songyehairtools.com\/fr\/wp-json\/wp\/v2\/product_cat?post=414"},{"taxonomy":"product_tag","embeddable":true,"href":"https:\/\/songyehairtools.com\/fr\/wp-json\/wp\/v2\/product_tag?post=414"}],"curies":[{"name":"wp","href":"https:\/\/api.w.org\/{rel}","templated":true}]}}