{"id":415,"date":"2025-07-28T07:48:08","date_gmt":"2025-07-28T07:48:08","guid":{"rendered":"https:\/\/songyehairtools.com\/product\/2000w-bldc-hair-dryer\/"},"modified":"2025-08-11T15:45:22","modified_gmt":"2025-08-11T15:45:22","slug":"hp-6688-2000w-bldc-seche-cheveux","status":"publish","type":"product","link":"https:\/\/songyehairtools.com\/fr\/produit\/hp-6688-2000w-bldc-seche-cheveux\/","title":{"rendered":"S\u00e8che-cheveux BLDC 2000W HP-6688"},"content":{"rendered":"<p>Tension : 220-240V 50-60Hz 2000W<br \/>\nMoteur : Moteur BLDC 110000 tr\/min<br \/>\nDur\u00e9e de vie du moteur : Plus de 3000 heures<br \/>\n3 vitesses \/ 3 niveaux de chaleur, air froid<br \/>\n6 LED indiquent les r\u00e9glages de chaleur et de d\u00e9bit d'air<br \/>\nAccessoires : 2 embouts magn\u00e9tiques, 1 diffuseur<\/p>","protected":false},"excerpt":{"rendered":"<p>Dot\u00e9 d'un design moderne et \u00e9l\u00e9gant en forme de T avec des options de couleurs styl\u00e9es, il allie esth\u00e9tique et fonctionnalit\u00e9.<br \/>\nPropuls\u00e9 par un moteur BLDC de 10000 tr\/min, il offre une vitesse d'air de 21-22 m\/s. Profitez de 300 millions d'ions n\u00e9gatifs pour des cheveux brillants sans frisottis et d'une fonction d'auto-nettoyage. Avec 4 modes de temp\u00e9rature, 3 vitesses, 3 niveaux de chaleur et un bouton d'air froid, il r\u00e9pond \u00e0 tous les besoins de coiffage. 6 LED affichent clairement les r\u00e9glages. Livr\u00e9 avec 2 embouts magn\u00e9tiques et 1 diffuseur pour un coiffage polyvalent.<\/p>","protected":false},"featured_media":492,"comment_status":"open","ping_status":"closed","template":"","meta":[],"product_brand":[],"product_cat":[37],"product_tag":[38,42,40,43],"class_list":{"0":"post-415","1":"product","2":"type-product","3":"status-publish","4":"has-post-thumbnail","6":"product_cat-bldc-hair-dryer","7":"product_tag-best-hair-dryer","8":"product_tag-hair-dryer-factory","9":"product_tag-hair-dryer-like-dyson","10":"product_tag-quiet-hair-dryer","12":"first","13":"instock","14":"shipping-taxable","15":"product-type-simple"},"_links":{"self":[{"href":"https:\/\/songyehairtools.com\/fr\/wp-json\/wp\/v2\/product\/415","targetHints":{"allow":["GET"]}}],"collection":[{"href":"https:\/\/songyehairtools.com\/fr\/wp-json\/wp\/v2\/product"}],"about":[{"href":"https:\/\/songyehairtools.com\/fr\/wp-json\/wp\/v2\/types\/product"}],"replies":[{"embeddable":true,"href":"https:\/\/songyehairtools.com\/fr\/wp-json\/wp\/v2\/comments?post=415"}],"wp:featuredmedia":[{"embeddable":true,"href":"https:\/\/songyehairtools.com\/fr\/wp-json\/wp\/v2\/media\/492"}],"wp:attachment":[{"href":"https:\/\/songyehairtools.com\/fr\/wp-json\/wp\/v2\/media?parent=415"}],"wp:term":[{"taxonomy":"product_brand","embeddable":true,"href":"https:\/\/songyehairtools.com\/fr\/wp-json\/wp\/v2\/product_brand?post=415"},{"taxonomy":"product_cat","embeddable":true,"href":"https:\/\/songyehairtools.com\/fr\/wp-json\/wp\/v2\/product_cat?post=415"},{"taxonomy":"product_tag","embeddable":true,"href":"https:\/\/songyehairtools.com\/fr\/wp-json\/wp\/v2\/product_tag?post=415"}],"curies":[{"name":"wp","href":"https:\/\/api.w.org\/{rel}","templated":true}]}}