{"id":416,"date":"2025-07-28T07:48:08","date_gmt":"2025-07-28T07:48:08","guid":{"rendered":"https:\/\/songyehairtools.com\/product\/2100w-ac-hair-dryer\/"},"modified":"2025-08-11T15:31:00","modified_gmt":"2025-08-11T15:31:00","slug":"hp-6889-seche-cheveux-2100w-ac","status":"publish","type":"product","link":"https:\/\/songyehairtools.com\/fr\/produit\/hp-6889-seche-cheveux-2100w-ac\/","title":{"rendered":"S\u00e8che-cheveux AC 2100W HP-6889"},"content":{"rendered":"<p>s\u00e8che-cheveux en acier inoxydable<br \/>\nTension : 220-240V 50-60Hz 2100W<br \/>\nMoteur : moteur AC professionnel<br \/>\n2 vitesses \/ 3 chaleurs \/ Souffle froid \/ Longueur du c\u00e2ble : 2,5 m<br \/>\n2 vitesses \/ 3 temp\u00e9ratures \/ air froid<br \/>\nLongueur du c\u00e2ble : 2,5 m<br \/>\nS\u00e8che-cheveux AC HP-3500 1800W 1<\/p>","protected":false},"excerpt":{"rendered":"<p>Il arbore un design \u00e9l\u00e9gant avec un<br \/>\ncorps en acier inoxydable. Aliment\u00e9 par un moteur AC professionnel (dur\u00e9e de vie sup\u00e9rieure \u00e0 1000 heures), il fonctionne sur AC 220-240V, 50-60Hz, 2100W. Avec 2 vitesses, 3 niveaux de chaleur et une fonction air froid, il r\u00e9pond \u00e0 divers besoins de coiffage. Le c\u00e2ble de 2,5 m et les 2 embouts ajoutent du confort, en faisant un excellent choix pour un s\u00e9chage capillaire efficace et styl\u00e9.<\/p>","protected":false},"featured_media":494,"comment_status":"open","ping_status":"closed","template":"","meta":[],"product_brand":[],"product_cat":[44],"product_tag":[38,45,43,46],"class_list":{"0":"post-416","1":"product","2":"type-product","3":"status-publish","4":"has-post-thumbnail","6":"product_cat-ac-hair-dryer","7":"product_tag-best-hair-dryer","8":"product_tag-hair-dryer-manufacturer","9":"product_tag-quiet-hair-dryer","10":"product_tag-salon-hair-dryer","12":"first","13":"instock","14":"shipping-taxable","15":"product-type-simple"},"_links":{"self":[{"href":"https:\/\/songyehairtools.com\/fr\/wp-json\/wp\/v2\/product\/416","targetHints":{"allow":["GET"]}}],"collection":[{"href":"https:\/\/songyehairtools.com\/fr\/wp-json\/wp\/v2\/product"}],"about":[{"href":"https:\/\/songyehairtools.com\/fr\/wp-json\/wp\/v2\/types\/product"}],"replies":[{"embeddable":true,"href":"https:\/\/songyehairtools.com\/fr\/wp-json\/wp\/v2\/comments?post=416"}],"wp:featuredmedia":[{"embeddable":true,"href":"https:\/\/songyehairtools.com\/fr\/wp-json\/wp\/v2\/media\/494"}],"wp:attachment":[{"href":"https:\/\/songyehairtools.com\/fr\/wp-json\/wp\/v2\/media?parent=416"}],"wp:term":[{"taxonomy":"product_brand","embeddable":true,"href":"https:\/\/songyehairtools.com\/fr\/wp-json\/wp\/v2\/product_brand?post=416"},{"taxonomy":"product_cat","embeddable":true,"href":"https:\/\/songyehairtools.com\/fr\/wp-json\/wp\/v2\/product_cat?post=416"},{"taxonomy":"product_tag","embeddable":true,"href":"https:\/\/songyehairtools.com\/fr\/wp-json\/wp\/v2\/product_tag?post=416"}],"curies":[{"name":"wp","href":"https:\/\/api.w.org\/{rel}","templated":true}]}}