{"id":417,"date":"2025-07-28T07:48:08","date_gmt":"2025-07-28T07:48:08","guid":{"rendered":"https:\/\/songyehairtools.com\/product\/2200w-ac-hair-dryer\/"},"modified":"2025-08-11T15:19:23","modified_gmt":"2025-08-11T15:19:23","slug":"hp-3200b-2200w-ac-seche-cheveux","status":"publish","type":"product","link":"https:\/\/songyehairtools.com\/fr\/produit\/hp-3200b-2200w-ac-seche-cheveux\/","title":{"rendered":"S\u00e8che-cheveux AC 2200W HP-3200B"},"content":{"rendered":"<p>AC220-240V 50-60Hz 2200W<br \/>\nMoteur AC professionnel<br \/>\n2 vitesses \/ 3 temp\u00e9ratures \/ air froid<br \/>\nLongueur du c\u00e2ble : 2,5 m<br \/>\nAccessoires : 2 buses<\/p>","protected":false},"excerpt":{"rendered":"<p>Le s\u00e8che-cheveux HP-3200B, au design \u00e9l\u00e9gant, allie puissance et polyvalence. Il fonctionne sur AC220-240V et dispose d'un moteur professionnel AC de 2200W. Avec 2 vitesses et 3 r\u00e9glages de temp\u00e9rature ainsi qu'une fonction air froid, il r\u00e9pond \u00e0 divers besoins de coiffure. Son c\u00e2ble de 2,5 m assure une grande flexibilit\u00e9, et les 2 embouts inclus permettent de personnaliser le flux d'air. Id\u00e9al pour des r\u00e9sultats salon \u00e0 domicile.<\/p>","protected":false},"featured_media":496,"comment_status":"open","ping_status":"closed","template":"","meta":[],"product_brand":[],"product_cat":[44],"product_tag":[48,47,43],"class_list":{"0":"post-417","1":"product","2":"type-product","3":"status-publish","4":"has-post-thumbnail","6":"product_cat-ac-hair-dryer","7":"product_tag-best-hair-dryersalon-hair-dryer","8":"product_tag-hair-dryer-supplier","9":"product_tag-quiet-hair-dryer","11":"first","12":"instock","13":"shipping-taxable","14":"product-type-simple"},"_links":{"self":[{"href":"https:\/\/songyehairtools.com\/fr\/wp-json\/wp\/v2\/product\/417","targetHints":{"allow":["GET"]}}],"collection":[{"href":"https:\/\/songyehairtools.com\/fr\/wp-json\/wp\/v2\/product"}],"about":[{"href":"https:\/\/songyehairtools.com\/fr\/wp-json\/wp\/v2\/types\/product"}],"replies":[{"embeddable":true,"href":"https:\/\/songyehairtools.com\/fr\/wp-json\/wp\/v2\/comments?post=417"}],"wp:featuredmedia":[{"embeddable":true,"href":"https:\/\/songyehairtools.com\/fr\/wp-json\/wp\/v2\/media\/496"}],"wp:attachment":[{"href":"https:\/\/songyehairtools.com\/fr\/wp-json\/wp\/v2\/media?parent=417"}],"wp:term":[{"taxonomy":"product_brand","embeddable":true,"href":"https:\/\/songyehairtools.com\/fr\/wp-json\/wp\/v2\/product_brand?post=417"},{"taxonomy":"product_cat","embeddable":true,"href":"https:\/\/songyehairtools.com\/fr\/wp-json\/wp\/v2\/product_cat?post=417"},{"taxonomy":"product_tag","embeddable":true,"href":"https:\/\/songyehairtools.com\/fr\/wp-json\/wp\/v2\/product_tag?post=417"}],"curies":[{"name":"wp","href":"https:\/\/api.w.org\/{rel}","templated":true}]}}