{"id":418,"date":"2025-07-28T07:48:08","date_gmt":"2025-07-28T07:48:08","guid":{"rendered":"https:\/\/songyehairtools.com\/product\/2400w-ac-hair-dryer\/"},"modified":"2025-08-11T15:13:24","modified_gmt":"2025-08-11T15:13:24","slug":"seche-cheveux-ac-hp-x6-2400w","status":"publish","type":"product","link":"https:\/\/songyehairtools.com\/fr\/produit\/seche-cheveux-ac-hp-x6-2400w\/","title":{"rendered":"S\u00e8che-cheveux AC 2400W HP-X6"},"content":{"rendered":"<p>2400W AC220V-240V 50Hz\/60Hz<br \/>\nMoteur AC professionnel<br \/>\n2 vitesses, 3 temp\u00e9ratures<br \/>\n2 embouts concentreurs d'air<br \/>\nprotection contre la surchauffe<br \/>\nLongueur du c\u00e2ble : 2,5 m<\/p>","protected":false},"excerpt":{"rendered":"<p>D\u00e9couvrez le s\u00e8che-cheveux HP-X6, un<br \/>\nindispensable pour un coiffage professionnel \u00e0 domicile. Dot\u00e9 d'un moteur professionnel AC 2400W, il offre un flux d'air puissant. Avec 2 vitesses et 3 r\u00e9glages de temp\u00e9rature, vous pouvez personnaliser le s\u00e9chage pour diff\u00e9rents types de cheveux. Les 2 embouts concentreurs d'air aident \u00e0 canaliser le flux pour un coiffage pr\u00e9cis. Con\u00e7u avec une protection contre la surchauffe pour plus de s\u00e9curit\u00e9, il pr\u00e9sente une forme ergonomique et \u00e9l\u00e9gante pour une prise en main facile. Un c\u00e2ble de 2,5 m offre une grande flexibilit\u00e9. \u00c9levez votre jeu de coiffure avec le HP-X6 !<\/p>","protected":false},"featured_media":498,"comment_status":"open","ping_status":"closed","template":"","meta":[],"product_brand":[],"product_cat":[44],"product_tag":[41,45,47],"class_list":{"0":"post-418","1":"product","2":"type-product","3":"status-publish","4":"has-post-thumbnail","6":"product_cat-ac-hair-dryer","7":"product_tag-best-brush-hair-dryer","8":"product_tag-hair-dryer-manufacturer","9":"product_tag-hair-dryer-supplier","11":"first","12":"instock","13":"shipping-taxable","14":"product-type-simple"},"_links":{"self":[{"href":"https:\/\/songyehairtools.com\/fr\/wp-json\/wp\/v2\/product\/418","targetHints":{"allow":["GET"]}}],"collection":[{"href":"https:\/\/songyehairtools.com\/fr\/wp-json\/wp\/v2\/product"}],"about":[{"href":"https:\/\/songyehairtools.com\/fr\/wp-json\/wp\/v2\/types\/product"}],"replies":[{"embeddable":true,"href":"https:\/\/songyehairtools.com\/fr\/wp-json\/wp\/v2\/comments?post=418"}],"wp:featuredmedia":[{"embeddable":true,"href":"https:\/\/songyehairtools.com\/fr\/wp-json\/wp\/v2\/media\/498"}],"wp:attachment":[{"href":"https:\/\/songyehairtools.com\/fr\/wp-json\/wp\/v2\/media?parent=418"}],"wp:term":[{"taxonomy":"product_brand","embeddable":true,"href":"https:\/\/songyehairtools.com\/fr\/wp-json\/wp\/v2\/product_brand?post=418"},{"taxonomy":"product_cat","embeddable":true,"href":"https:\/\/songyehairtools.com\/fr\/wp-json\/wp\/v2\/product_cat?post=418"},{"taxonomy":"product_tag","embeddable":true,"href":"https:\/\/songyehairtools.com\/fr\/wp-json\/wp\/v2\/product_tag?post=418"}],"curies":[{"name":"wp","href":"https:\/\/api.w.org\/{rel}","templated":true}]}}