{"id":420,"date":"2025-07-28T07:48:08","date_gmt":"2025-07-28T07:48:08","guid":{"rendered":"https:\/\/songyehairtools.com\/product\/1800w-ac-hair-dryer\/"},"modified":"2025-08-11T15:34:34","modified_gmt":"2025-08-11T15:34:34","slug":"hp-3500-1800w-ac-hair-dryer-2","status":"publish","type":"product","link":"https:\/\/songyehairtools.com\/fr\/produit\/hp-3500-1800w-ac-hair-dryer-2\/","title":{"rendered":"HP-3500 S\u00e8che-cheveux AC 1800 W"},"content":{"rendered":"<p>AC 220-240 V 50-60 Hz 2100 W<br \/>\nMoteur : moteur alternatif professionnel<br \/>\nDur\u00e9e de vie du moteur : plus de 1000 heures<br \/>\n2 vitesses \/ 3 temp\u00e9ratures \/ air froid<br \/>\nLongueur du c\u00e2ble : 2,5 m<br \/>\nAccessoires : 2 buses<\/p>","protected":false},"excerpt":{"rendered":"<p>D\u00e9couvrez le s\u00e8che-cheveux HP-3500, votre compagnon de coiffure ultime. Avec son design noir \u00e9l\u00e9gant, il allie apparence professionnelle et performances de premier ordre.<br \/>\nDot\u00e9 d'un moteur professionnel alternatif de 1800 W, il propose 2 vitesses et 3 r\u00e9glages de temp\u00e9rature, ainsi qu'une fonction air froid pour fixer votre coiffure. Son c\u00e2ble de 2,5 m offre une grande libert\u00e9 de mouvement, tandis que ses 2 embouts r\u00e9pondent \u00e0 divers besoins de stylisme. Avec une dur\u00e9e de vie du moteur d\u00e9passant 1000 heures, il est con\u00e7u pour durer et vous aider \u00e0 obtenir des r\u00e9sultats dignes d'un salon \u00e0 domicile.<\/p>","protected":false},"featured_media":515,"comment_status":"open","ping_status":"closed","template":"","meta":[],"product_brand":[],"product_cat":[44],"product_tag":[45,47,49],"class_list":{"0":"post-420","1":"product","2":"type-product","3":"status-publish","4":"has-post-thumbnail","6":"product_cat-ac-hair-dryer","7":"product_tag-hair-dryer-manufacturer","8":"product_tag-hair-dryer-supplier","9":"product_tag-mini-hair-dryer","11":"first","12":"instock","13":"shipping-taxable","14":"product-type-simple"},"_links":{"self":[{"href":"https:\/\/songyehairtools.com\/fr\/wp-json\/wp\/v2\/product\/420","targetHints":{"allow":["GET"]}}],"collection":[{"href":"https:\/\/songyehairtools.com\/fr\/wp-json\/wp\/v2\/product"}],"about":[{"href":"https:\/\/songyehairtools.com\/fr\/wp-json\/wp\/v2\/types\/product"}],"replies":[{"embeddable":true,"href":"https:\/\/songyehairtools.com\/fr\/wp-json\/wp\/v2\/comments?post=420"}],"wp:featuredmedia":[{"embeddable":true,"href":"https:\/\/songyehairtools.com\/fr\/wp-json\/wp\/v2\/media\/515"}],"wp:attachment":[{"href":"https:\/\/songyehairtools.com\/fr\/wp-json\/wp\/v2\/media?parent=420"}],"wp:term":[{"taxonomy":"product_brand","embeddable":true,"href":"https:\/\/songyehairtools.com\/fr\/wp-json\/wp\/v2\/product_brand?post=420"},{"taxonomy":"product_cat","embeddable":true,"href":"https:\/\/songyehairtools.com\/fr\/wp-json\/wp\/v2\/product_cat?post=420"},{"taxonomy":"product_tag","embeddable":true,"href":"https:\/\/songyehairtools.com\/fr\/wp-json\/wp\/v2\/product_tag?post=420"}],"curies":[{"name":"wp","href":"https:\/\/api.w.org\/{rel}","templated":true}]}}