{"id":421,"date":"2025-07-28T07:48:08","date_gmt":"2025-07-28T07:48:08","guid":{"rendered":"https:\/\/songyehairtools.com\/product\/1900w-ac-hair-dryer\/"},"modified":"2025-08-11T15:35:38","modified_gmt":"2025-08-11T15:35:38","slug":"hp-1970-1900w-ac-hair-dryer","status":"publish","type":"product","link":"https:\/\/songyehairtools.com\/fr\/produit\/hp-1970-1900w-ac-hair-dryer\/","title":{"rendered":"S\u00e8che-cheveux AC 1900W HP-1970"},"content":{"rendered":"<p>AC220-240V 50-60Hz 2400W<br \/>\nMoteur AC professionnel<br \/>\n2 vitesses \/ 3 temp\u00e9ratures \/ air froid<br \/>\nLongueur du c\u00e2ble : 2,5 m<br \/>\nAccessoires : 2 buses<\/p>","protected":false},"excerpt":{"rendered":"<p>Le s\u00e8che-cheveux HP-1970 est un<br \/>\noutil de coiffage puissant. Il pr\u00e9sente<br \/>\nun design \u00e9l\u00e9gant et compact en blanc<br \/>\navec des accents noirs. \u00c9quip\u00e9 d'un<br \/>\nmoteur AC professionnel, il<br \/>\nfonctionne sur AC220-240V, 50-60Hz,<br \/>\net offre une puissance de 1900 W.<br \/>\nIl propose 2 vitesses et 3 niveaux de chaleur, ainsi qu'une fonction air froid pour fixer les coiffures. Avec un c\u00e2ble de 2,5 m pour une grande libert\u00e9 de mouvement et 2 embouts pour personnaliser le flux d'air, il est id\u00e9al pour des r\u00e9sultats salon \u00e0 domicile.<\/p>","protected":false},"featured_media":517,"comment_status":"open","ping_status":"closed","template":"","meta":[],"product_brand":[],"product_cat":[44],"product_tag":[38,42,49,46],"class_list":{"0":"post-421","1":"product","2":"type-product","3":"status-publish","4":"has-post-thumbnail","6":"product_cat-ac-hair-dryer","7":"product_tag-best-hair-dryer","8":"product_tag-hair-dryer-factory","9":"product_tag-mini-hair-dryer","10":"product_tag-salon-hair-dryer","12":"first","13":"instock","14":"shipping-taxable","15":"product-type-simple"},"_links":{"self":[{"href":"https:\/\/songyehairtools.com\/fr\/wp-json\/wp\/v2\/product\/421","targetHints":{"allow":["GET"]}}],"collection":[{"href":"https:\/\/songyehairtools.com\/fr\/wp-json\/wp\/v2\/product"}],"about":[{"href":"https:\/\/songyehairtools.com\/fr\/wp-json\/wp\/v2\/types\/product"}],"replies":[{"embeddable":true,"href":"https:\/\/songyehairtools.com\/fr\/wp-json\/wp\/v2\/comments?post=421"}],"wp:featuredmedia":[{"embeddable":true,"href":"https:\/\/songyehairtools.com\/fr\/wp-json\/wp\/v2\/media\/517"}],"wp:attachment":[{"href":"https:\/\/songyehairtools.com\/fr\/wp-json\/wp\/v2\/media?parent=421"}],"wp:term":[{"taxonomy":"product_brand","embeddable":true,"href":"https:\/\/songyehairtools.com\/fr\/wp-json\/wp\/v2\/product_brand?post=421"},{"taxonomy":"product_cat","embeddable":true,"href":"https:\/\/songyehairtools.com\/fr\/wp-json\/wp\/v2\/product_cat?post=421"},{"taxonomy":"product_tag","embeddable":true,"href":"https:\/\/songyehairtools.com\/fr\/wp-json\/wp\/v2\/product_tag?post=421"}],"curies":[{"name":"wp","href":"https:\/\/api.w.org\/{rel}","templated":true}]}}