{"id":424,"date":"2025-07-28T07:48:08","date_gmt":"2025-07-28T07:48:08","guid":{"rendered":"https:\/\/songyehairtools.com\/product\/2000w-ac-hair-dryer\/"},"modified":"2025-08-11T15:36:39","modified_gmt":"2025-08-11T15:36:39","slug":"hp-2200-2000w-ac-seche-cheveux","status":"publish","type":"product","link":"https:\/\/songyehairtools.com\/fr\/produit\/hp-2200-2000w-ac-seche-cheveux\/","title":{"rendered":"S\u00e8che-cheveux AC 2000W HP-2200"},"content":{"rendered":"<p>AC220-240V 50-60Hz 2000W<br \/>\nMoteur : moteur AC professionnel<br \/>\n2 vitesses \/ 3 temp\u00e9ratures \/ air froid<br \/>\nAccessoire : 1 embout<br \/>\nLongueur du c\u00e2ble : 2,5 m<\/p>","protected":false},"excerpt":{"rendered":"<p>Le s\u00e8che-cheveux HP-2200, dot\u00e9 d'une puissance de 2000 W, produit un flux d'air puissant pour un s\u00e9chage rapide.<br \/>\nSon design \u00e9l\u00e9gant tout en noir est non seulement styl\u00e9, mais aussi ergonomique, pour une prise en main confortable. Gr\u00e2ce \u00e0 des commandes intuitives, il vous permet de r\u00e9gler le d\u00e9bit d'air et la temp\u00e9rature en fonction des diff\u00e9rents types de cheveux. Que vous souhaitiez obtenir une coiffure lisse et droite ou ajouter du volume, ce s\u00e8che-cheveux vous aide \u00e0 atteindre des r\u00e9sultats professionnels \u00e0 domicile.<\/p>","protected":false},"featured_media":518,"comment_status":"open","ping_status":"closed","template":"","meta":[],"product_brand":[],"product_cat":[44],"product_tag":[41,45,47],"class_list":{"0":"post-424","1":"product","2":"type-product","3":"status-publish","4":"has-post-thumbnail","6":"product_cat-ac-hair-dryer","7":"product_tag-best-brush-hair-dryer","8":"product_tag-hair-dryer-manufacturer","9":"product_tag-hair-dryer-supplier","11":"first","12":"instock","13":"shipping-taxable","14":"product-type-simple"},"_links":{"self":[{"href":"https:\/\/songyehairtools.com\/fr\/wp-json\/wp\/v2\/product\/424","targetHints":{"allow":["GET"]}}],"collection":[{"href":"https:\/\/songyehairtools.com\/fr\/wp-json\/wp\/v2\/product"}],"about":[{"href":"https:\/\/songyehairtools.com\/fr\/wp-json\/wp\/v2\/types\/product"}],"replies":[{"embeddable":true,"href":"https:\/\/songyehairtools.com\/fr\/wp-json\/wp\/v2\/comments?post=424"}],"wp:featuredmedia":[{"embeddable":true,"href":"https:\/\/songyehairtools.com\/fr\/wp-json\/wp\/v2\/media\/518"}],"wp:attachment":[{"href":"https:\/\/songyehairtools.com\/fr\/wp-json\/wp\/v2\/media?parent=424"}],"wp:term":[{"taxonomy":"product_brand","embeddable":true,"href":"https:\/\/songyehairtools.com\/fr\/wp-json\/wp\/v2\/product_brand?post=424"},{"taxonomy":"product_cat","embeddable":true,"href":"https:\/\/songyehairtools.com\/fr\/wp-json\/wp\/v2\/product_cat?post=424"},{"taxonomy":"product_tag","embeddable":true,"href":"https:\/\/songyehairtools.com\/fr\/wp-json\/wp\/v2\/product_tag?post=424"}],"curies":[{"name":"wp","href":"https:\/\/api.w.org\/{rel}","templated":true}]}}