{"id":426,"date":"2025-07-28T07:48:08","date_gmt":"2025-07-28T07:48:08","guid":{"rendered":"https:\/\/songyehairtools.com\/product\/1700w-ac-hair-dryer\/"},"modified":"2025-08-11T15:40:10","modified_gmt":"2025-08-11T15:40:10","slug":"hp-2800-1700w-ac-seche-cheveux","status":"publish","type":"product","link":"https:\/\/songyehairtools.com\/fr\/produit\/hp-2800-1700w-ac-seche-cheveux\/","title":{"rendered":"HP-2800 S\u00e8che-cheveux AC 1700 W"},"content":{"rendered":"<p>AC 220-240 V 50-60 Hz 1700 W<br \/>\nMoteur AC professionnel<br \/>\n2 vitesses \/ 3 temp\u00e9ratures \/ air froid<br \/>\nLongueur du c\u00e2ble : 2,5 m<br \/>\nAccessoires : 2 buses<\/p>","protected":false},"excerpt":{"rendered":"<p>Le s\u00e8che-cheveux HP-2800 est un appareil de coiffure professionnel. Il fonctionne sur courant alternatif 220-240V, 50-60Hz, avec une puissance de 1700W, entra\u00een\u00e9 par un moteur alternatif professionnel. Il offre 2 vitesses et 3 r\u00e9glages de chaleur, ainsi qu'une fonction d'air froid pour fixer la coiffure. Son design \u00e9l\u00e9gant noir avec une touche de rouge est styl\u00e9. Un c\u00e2ble de 2,5m offre une grande flexibilit\u00e9. Il est livr\u00e9 avec 2 embouts pour un flux d'air cibl\u00e9, id\u00e9al pour cr\u00e9er diverses coiffures, des looks lisses et droits aux boucles volumineuses.<\/p>","protected":false},"featured_media":524,"comment_status":"open","ping_status":"closed","template":"","meta":[],"product_brand":[],"product_cat":[44],"product_tag":[38,39,43,46],"class_list":{"0":"post-426","1":"product","2":"type-product","3":"status-publish","4":"has-post-thumbnail","6":"product_cat-ac-hair-dryer","7":"product_tag-best-hair-dryer","8":"product_tag-professional-hair-dryer","9":"product_tag-quiet-hair-dryer","10":"product_tag-salon-hair-dryer","12":"first","13":"instock","14":"shipping-taxable","15":"product-type-simple"},"_links":{"self":[{"href":"https:\/\/songyehairtools.com\/fr\/wp-json\/wp\/v2\/product\/426","targetHints":{"allow":["GET"]}}],"collection":[{"href":"https:\/\/songyehairtools.com\/fr\/wp-json\/wp\/v2\/product"}],"about":[{"href":"https:\/\/songyehairtools.com\/fr\/wp-json\/wp\/v2\/types\/product"}],"replies":[{"embeddable":true,"href":"https:\/\/songyehairtools.com\/fr\/wp-json\/wp\/v2\/comments?post=426"}],"wp:featuredmedia":[{"embeddable":true,"href":"https:\/\/songyehairtools.com\/fr\/wp-json\/wp\/v2\/media\/524"}],"wp:attachment":[{"href":"https:\/\/songyehairtools.com\/fr\/wp-json\/wp\/v2\/media?parent=426"}],"wp:term":[{"taxonomy":"product_brand","embeddable":true,"href":"https:\/\/songyehairtools.com\/fr\/wp-json\/wp\/v2\/product_brand?post=426"},{"taxonomy":"product_cat","embeddable":true,"href":"https:\/\/songyehairtools.com\/fr\/wp-json\/wp\/v2\/product_cat?post=426"},{"taxonomy":"product_tag","embeddable":true,"href":"https:\/\/songyehairtools.com\/fr\/wp-json\/wp\/v2\/product_tag?post=426"}],"curies":[{"name":"wp","href":"https:\/\/api.w.org\/{rel}","templated":true}]}}