{"id":429,"date":"2025-07-28T07:48:09","date_gmt":"2025-07-28T07:48:09","guid":{"rendered":"https:\/\/songyehairtools.com\/product\/2400w-ac-hair-dryer-2\/"},"modified":"2025-08-11T15:26:10","modified_gmt":"2025-08-11T15:26:10","slug":"hp-8829-2400w-ac-hair-dryer","status":"publish","type":"product","link":"https:\/\/songyehairtools.com\/fr\/produit\/hp-8829-2400w-ac-hair-dryer\/","title":{"rendered":"HP-8829 S\u00e8che-cheveux AC 2400 W"},"content":{"rendered":"<p>AC220-240V 50-60Hz 2400W<br \/>\nMoteur AC professionnel<br \/>\n2 vitesses \/ 3 temp\u00e9ratures \/ air froid<br \/>\nLongueur du c\u00e2ble : 2,5 m<br \/>\nAccessoires : 2 buses<\/p>","protected":false},"excerpt":{"rendered":"<p>Le s\u00e8che-cheveux HP-8829 est un choix remarquable. Avec son design \u00e9l\u00e9gant aux tons noir et rose, il est esth\u00e9tiquement attrayant. \u00c9quip\u00e9 d'un moteur AC professionnel, il fonctionne sur 220-240V AC, 50-60Hz, et d\u00e9livre une puissance de 2400W.<br \/>\nIl dispose d'une fonction infrarouge lointain pour un s\u00e9chage plus doux. Avec 2 vitesses et 3 r\u00e9glages de temp\u00e9rature, ainsi qu'une fonction air froid pour fixer la coiffure, il est polyvalent. Le c\u00e2ble de 2,5m offre une grande libert\u00e9 de mouvement, et 2 embouts permettent de personnaliser le flux d'air. Id\u00e9al pour obtenir des r\u00e9sultats salon \u00e0 domicile.<\/p>","protected":false},"featured_media":506,"comment_status":"open","ping_status":"closed","template":"","meta":[],"product_brand":[],"product_cat":[44],"product_tag":[42,45,49],"class_list":{"0":"post-429","1":"product","2":"type-product","3":"status-publish","4":"has-post-thumbnail","6":"product_cat-ac-hair-dryer","7":"product_tag-hair-dryer-factory","8":"product_tag-hair-dryer-manufacturer","9":"product_tag-mini-hair-dryer","11":"first","12":"instock","13":"shipping-taxable","14":"product-type-simple"},"_links":{"self":[{"href":"https:\/\/songyehairtools.com\/fr\/wp-json\/wp\/v2\/product\/429","targetHints":{"allow":["GET"]}}],"collection":[{"href":"https:\/\/songyehairtools.com\/fr\/wp-json\/wp\/v2\/product"}],"about":[{"href":"https:\/\/songyehairtools.com\/fr\/wp-json\/wp\/v2\/types\/product"}],"replies":[{"embeddable":true,"href":"https:\/\/songyehairtools.com\/fr\/wp-json\/wp\/v2\/comments?post=429"}],"wp:featuredmedia":[{"embeddable":true,"href":"https:\/\/songyehairtools.com\/fr\/wp-json\/wp\/v2\/media\/506"}],"wp:attachment":[{"href":"https:\/\/songyehairtools.com\/fr\/wp-json\/wp\/v2\/media?parent=429"}],"wp:term":[{"taxonomy":"product_brand","embeddable":true,"href":"https:\/\/songyehairtools.com\/fr\/wp-json\/wp\/v2\/product_brand?post=429"},{"taxonomy":"product_cat","embeddable":true,"href":"https:\/\/songyehairtools.com\/fr\/wp-json\/wp\/v2\/product_cat?post=429"},{"taxonomy":"product_tag","embeddable":true,"href":"https:\/\/songyehairtools.com\/fr\/wp-json\/wp\/v2\/product_tag?post=429"}],"curies":[{"name":"wp","href":"https:\/\/api.w.org\/{rel}","templated":true}]}}