{"id":430,"date":"2025-07-28T07:48:09","date_gmt":"2025-07-28T07:48:09","guid":{"rendered":"https:\/\/songyehairtools.com\/product\/2400w-ac-hair-dryer-3\/"},"modified":"2025-08-11T15:27:15","modified_gmt":"2025-08-11T15:27:15","slug":"hp-8839-2400w-ac-hair-dryer","status":"publish","type":"product","link":"https:\/\/songyehairtools.com\/fr\/produit\/hp-8839-2400w-ac-hair-dryer\/","title":{"rendered":"HP-8839 S\u00e8che-cheveux AC 2400 W"},"content":{"rendered":"<p>AC220-240V 50-60Hz 2400W<br \/>\nMoteur AC professionnel<br \/>\n2 vitesses \/ 3 temp\u00e9ratures \/ air froid<br \/>\nLongueur du c\u00e2ble : 2,5 m<br \/>\nAccessoires : 2 buses<\/p>","protected":false},"excerpt":{"rendered":"<p>Le s\u00e8che-cheveux HP-8839 est un outil de coiffure haute performance. Son design \u00e9pur\u00e9 noir \u00e9voque le professionnalisme. Fonctionnant sur AC220-240V, 50-60Hz, avec un moteur AC professionnel de 2400W, il produit un flux d'air puissant.<br \/>\nIl propose 2 vitesses et 3 r\u00e9glages de temp\u00e9rature, ainsi qu'une fonction air froid pour fixer la coiffure. Son c\u00e2ble de 2,5m assure une grande flexibilit\u00e9. \u00c9quip\u00e9 de 2 embouts, il permet une personnalisation du style. Id\u00e9al pour un usage domestique ou en salon, il allie puissance et pr\u00e9cision pour des r\u00e9sultats de coiffure impeccables.<\/p>","protected":false},"featured_media":509,"comment_status":"open","ping_status":"closed","template":"","meta":[],"product_brand":[],"product_cat":[44],"product_tag":[38,42,46],"class_list":{"0":"post-430","1":"product","2":"type-product","3":"status-publish","4":"has-post-thumbnail","6":"product_cat-ac-hair-dryer","7":"product_tag-best-hair-dryer","8":"product_tag-hair-dryer-factory","9":"product_tag-salon-hair-dryer","11":"first","12":"instock","13":"shipping-taxable","14":"product-type-simple"},"_links":{"self":[{"href":"https:\/\/songyehairtools.com\/fr\/wp-json\/wp\/v2\/product\/430","targetHints":{"allow":["GET"]}}],"collection":[{"href":"https:\/\/songyehairtools.com\/fr\/wp-json\/wp\/v2\/product"}],"about":[{"href":"https:\/\/songyehairtools.com\/fr\/wp-json\/wp\/v2\/types\/product"}],"replies":[{"embeddable":true,"href":"https:\/\/songyehairtools.com\/fr\/wp-json\/wp\/v2\/comments?post=430"}],"wp:featuredmedia":[{"embeddable":true,"href":"https:\/\/songyehairtools.com\/fr\/wp-json\/wp\/v2\/media\/509"}],"wp:attachment":[{"href":"https:\/\/songyehairtools.com\/fr\/wp-json\/wp\/v2\/media?parent=430"}],"wp:term":[{"taxonomy":"product_brand","embeddable":true,"href":"https:\/\/songyehairtools.com\/fr\/wp-json\/wp\/v2\/product_brand?post=430"},{"taxonomy":"product_cat","embeddable":true,"href":"https:\/\/songyehairtools.com\/fr\/wp-json\/wp\/v2\/product_cat?post=430"},{"taxonomy":"product_tag","embeddable":true,"href":"https:\/\/songyehairtools.com\/fr\/wp-json\/wp\/v2\/product_tag?post=430"}],"curies":[{"name":"wp","href":"https:\/\/api.w.org\/{rel}","templated":true}]}}