{"id":438,"date":"2025-07-28T07:48:09","date_gmt":"2025-07-28T07:48:09","guid":{"rendered":"https:\/\/songyehairtools.com\/product\/1200w-hot-air-brush\/"},"modified":"2025-10-13T15:39:33","modified_gmt":"2025-10-13T15:39:33","slug":"hp-2029-1200w-brosse-a-air-chaud","status":"publish","type":"product","link":"https:\/\/songyehairtools.com\/fr\/produit\/hp-2029-1200w-brosse-a-air-chaud\/","title":{"rendered":"HP-2029 Brosse \u00e0 air chaud 1200 W"},"content":{"rendered":"<p>AC220-240V 50\/60Hz<br \/>\n1000W\u20141200W<br \/>\n2 vitesses \/ 3 temp\u00e9ratures<br \/>\nAir froid<br \/>\nLongueur du c\u00e2ble : 2m<\/p>","protected":false},"excerpt":{"rendered":"<p>Le set de brosses \u00e0 air chaud HP-2029 propose deux outils de coiffage. Fonctionnant sur courant alternatif 220-240V, 50-60Hz, avec une puissance de 1000-1200W. Ils disposent de 2 vitesses et 3 r\u00e9glages de temp\u00e9rature, ainsi que d'une fonction air froid pour fixer la coiffure. Un c\u00e2ble de 2m assure une utilisation flexible. Id\u00e9al pour cr\u00e9er diverses coiffures, que vous souhaitiez des cheveux lisses et droits ou des ondulations douces. Compact et facile \u00e0 manipuler, ils apportent \u00e0 votre domicile le confort d'un coiffage professionnel.<\/p>","protected":false},"featured_media":537,"comment_status":"open","ping_status":"closed","template":"","meta":[],"product_brand":[],"product_cat":[50],"product_tag":[41,51,53],"class_list":{"0":"post-438","1":"product","2":"type-product","3":"status-publish","4":"has-post-thumbnail","6":"product_cat-hot-air-brush","7":"product_tag-best-brush-hair-dryer","8":"product_tag-hair-dryer-brush","9":"product_tag-hot-air-brush-supplier","11":"first","12":"instock","13":"shipping-taxable","14":"product-type-simple"},"_links":{"self":[{"href":"https:\/\/songyehairtools.com\/fr\/wp-json\/wp\/v2\/product\/438","targetHints":{"allow":["GET"]}}],"collection":[{"href":"https:\/\/songyehairtools.com\/fr\/wp-json\/wp\/v2\/product"}],"about":[{"href":"https:\/\/songyehairtools.com\/fr\/wp-json\/wp\/v2\/types\/product"}],"replies":[{"embeddable":true,"href":"https:\/\/songyehairtools.com\/fr\/wp-json\/wp\/v2\/comments?post=438"}],"wp:featuredmedia":[{"embeddable":true,"href":"https:\/\/songyehairtools.com\/fr\/wp-json\/wp\/v2\/media\/537"}],"wp:attachment":[{"href":"https:\/\/songyehairtools.com\/fr\/wp-json\/wp\/v2\/media?parent=438"}],"wp:term":[{"taxonomy":"product_brand","embeddable":true,"href":"https:\/\/songyehairtools.com\/fr\/wp-json\/wp\/v2\/product_brand?post=438"},{"taxonomy":"product_cat","embeddable":true,"href":"https:\/\/songyehairtools.com\/fr\/wp-json\/wp\/v2\/product_cat?post=438"},{"taxonomy":"product_tag","embeddable":true,"href":"https:\/\/songyehairtools.com\/fr\/wp-json\/wp\/v2\/product_tag?post=438"}],"curies":[{"name":"wp","href":"https:\/\/api.w.org\/{rel}","templated":true}]}}