{"id":443,"date":"2025-07-28T07:48:09","date_gmt":"2025-07-28T07:48:09","guid":{"rendered":"https:\/\/songyehairtools.com\/product\/1200w-hot-air-brush-2\/"},"modified":"2025-10-13T15:40:07","modified_gmt":"2025-10-13T15:40:07","slug":"hp-2032-1200w-brosse-a-air-chaud","status":"publish","type":"product","link":"https:\/\/songyehairtools.com\/fr\/produit\/hp-2032-1200w-brosse-a-air-chaud\/","title":{"rendered":"HP-2032 Brosse \u00e0 air chaud 1200 W"},"content":{"rendered":"<p>AC220-240V 50-60Hz 1200W<br \/>\nMoteur : Moteur 67500 tr\/min<br \/>\nLongueur du c\u00e2ble : 2m<br \/>\nVitesse d'air 10-12 m\/s<\/p>","protected":false},"excerpt":{"rendered":"<p>D\u00e9couvrez la brosse \u00e0 air chaud HP-2032 ! Elle arbore un design \u00e9l\u00e9gant et moderne avec un corps blanc aux reflets cuivr\u00e9s. Cette merveille 6-en-1 fonctionne \u00e0 la fois comme un s\u00e8che-cheveux et un styler. Dot\u00e9e d'un moteur de 67500 tr\/min, elle offre un flux d'air puissant (10-12 m\/s). Avec une tension de 220-240V CA, 50-60 Hz et une puissance de 1200 W, ainsi qu'un c\u00e2ble de 2 m pour une grande flexibilit\u00e9, elle vous aide \u00e0 cr\u00e9er facilement diverses coiffures, alliant fonctionnalit\u00e9 et style.<\/p>","protected":false},"featured_media":709,"comment_status":"open","ping_status":"closed","template":"","meta":[],"product_brand":[],"product_cat":[50],"product_tag":[51,52,43],"class_list":{"0":"post-443","1":"product","2":"type-product","3":"status-publish","4":"has-post-thumbnail","6":"product_cat-hot-air-brush","7":"product_tag-hair-dryer-brush","8":"product_tag-hot-air-brush-factory","9":"product_tag-quiet-hair-dryer","11":"first","12":"instock","13":"shipping-taxable","14":"product-type-simple"},"_links":{"self":[{"href":"https:\/\/songyehairtools.com\/fr\/wp-json\/wp\/v2\/product\/443","targetHints":{"allow":["GET"]}}],"collection":[{"href":"https:\/\/songyehairtools.com\/fr\/wp-json\/wp\/v2\/product"}],"about":[{"href":"https:\/\/songyehairtools.com\/fr\/wp-json\/wp\/v2\/types\/product"}],"replies":[{"embeddable":true,"href":"https:\/\/songyehairtools.com\/fr\/wp-json\/wp\/v2\/comments?post=443"}],"wp:featuredmedia":[{"embeddable":true,"href":"https:\/\/songyehairtools.com\/fr\/wp-json\/wp\/v2\/media\/709"}],"wp:attachment":[{"href":"https:\/\/songyehairtools.com\/fr\/wp-json\/wp\/v2\/media?parent=443"}],"wp:term":[{"taxonomy":"product_brand","embeddable":true,"href":"https:\/\/songyehairtools.com\/fr\/wp-json\/wp\/v2\/product_brand?post=443"},{"taxonomy":"product_cat","embeddable":true,"href":"https:\/\/songyehairtools.com\/fr\/wp-json\/wp\/v2\/product_cat?post=443"},{"taxonomy":"product_tag","embeddable":true,"href":"https:\/\/songyehairtools.com\/fr\/wp-json\/wp\/v2\/product_tag?post=443"}],"curies":[{"name":"wp","href":"https:\/\/api.w.org\/{rel}","templated":true}]}}