{"id":448,"date":"2025-07-28T07:48:13","date_gmt":"2025-07-28T07:48:13","guid":{"rendered":"https:\/\/songyehairtools.com\/product\/1200w-hot-air-brush-4\/"},"modified":"2025-09-04T14:51:44","modified_gmt":"2025-09-04T14:51:44","slug":"hp-2027-1200w-brosse-a-air-chaud","status":"publish","type":"product","link":"https:\/\/songyehairtools.com\/fr\/produit\/hp-2027-1200w-brosse-a-air-chaud\/","title":{"rendered":"Brosse soufflante HP-2027 1200W"},"content":{"rendered":"<p>AC220-240V 50-60Hz<br \/>\nMoteur 1000W-1200W : Moteur \u00e0 courant continu<br \/>\n2 vitesses \/ 3 temp\u00e9ratures \/ air froid<br \/>\nLongueur du c\u00e2ble : 2m<br \/>\n4 accessoires<\/p>","protected":false},"excerpt":{"rendered":"<p>D\u00e9couvrez le HP-2027, un incontournable pour le coiffage. Il pr\u00e9sente un design \u00e9l\u00e9gant et moderne, compl\u00e9t\u00e9 par 4 accessoires pratiques. Aliment\u00e9 par un moteur \u00e0 courant continu, il fonctionne sur AC220-240V, 50-60Hz, avec une puissance de sortie de 1000 \u00e0 1200W. Avec 2 vitesses, 3 r\u00e9glages de temp\u00e9rature et une fonction air froid, il r\u00e9pond \u00e0 divers besoins de coiffage. Le c\u00e2ble de 2m assure une grande flexibilit\u00e9. Cr\u00e9ez facilement diff\u00e9rentes looks, des cheveux lisses et droits aux boucles dynamiques !<\/p>","protected":false},"featured_media":703,"comment_status":"open","ping_status":"closed","template":"","meta":[],"product_brand":[],"product_cat":[50],"product_tag":[41,51,53],"class_list":{"0":"post-448","1":"product","2":"type-product","3":"status-publish","4":"has-post-thumbnail","6":"product_cat-hot-air-brush","7":"product_tag-best-brush-hair-dryer","8":"product_tag-hair-dryer-brush","9":"product_tag-hot-air-brush-supplier","11":"first","12":"instock","13":"shipping-taxable","14":"product-type-simple"},"_links":{"self":[{"href":"https:\/\/songyehairtools.com\/fr\/wp-json\/wp\/v2\/product\/448","targetHints":{"allow":["GET"]}}],"collection":[{"href":"https:\/\/songyehairtools.com\/fr\/wp-json\/wp\/v2\/product"}],"about":[{"href":"https:\/\/songyehairtools.com\/fr\/wp-json\/wp\/v2\/types\/product"}],"replies":[{"embeddable":true,"href":"https:\/\/songyehairtools.com\/fr\/wp-json\/wp\/v2\/comments?post=448"}],"wp:featuredmedia":[{"embeddable":true,"href":"https:\/\/songyehairtools.com\/fr\/wp-json\/wp\/v2\/media\/703"}],"wp:attachment":[{"href":"https:\/\/songyehairtools.com\/fr\/wp-json\/wp\/v2\/media?parent=448"}],"wp:term":[{"taxonomy":"product_brand","embeddable":true,"href":"https:\/\/songyehairtools.com\/fr\/wp-json\/wp\/v2\/product_brand?post=448"},{"taxonomy":"product_cat","embeddable":true,"href":"https:\/\/songyehairtools.com\/fr\/wp-json\/wp\/v2\/product_cat?post=448"},{"taxonomy":"product_tag","embeddable":true,"href":"https:\/\/songyehairtools.com\/fr\/wp-json\/wp\/v2\/product_tag?post=448"}],"curies":[{"name":"wp","href":"https:\/\/api.w.org\/{rel}","templated":true}]}}