{"id":691,"date":"2025-08-25T04:21:22","date_gmt":"2025-08-25T04:21:22","guid":{"rendered":"https:\/\/songyehairtools.com\/?post_type=product&#038;p=691"},"modified":"2025-09-11T14:46:26","modified_gmt":"2025-09-11T14:46:26","slug":"hp-8821-fer-a-lisser-ajustable-en-temperature","status":"publish","type":"product","link":"https:\/\/songyehairtools.com\/fr\/produit\/hp-8821-fer-a-lisser-ajustable-en-temperature\/","title":{"rendered":"Lisseur HP-8821 \u00e0 temp\u00e9rature r\u00e9glable"},"content":{"rendered":"<p>AC 110-240 V 50\/60 Hz 50 W<br \/>\nTemp\u00e9rature : 120-230 \u00b0C avec affichage LCD<br \/>\n\u00c9l\u00e9ment chauffant : PTC<br \/>\nPlaque : Rev\u00eatement flottant 3D<br \/>\nMat\u00e9riau du corps : PET<br \/>\nCordon pivotant : cordon de 2 m \/ rotation \u00e0 360\u00b0<br \/>\nTension : double tension, adapt\u00e9e \u00e0 une utilisation mondiale<br \/>\nAppuyer sur le bouton d'alimentation pendant 3 secondes pour allumer, arr\u00eat automatique apr\u00e8s 1 heure<br \/>\nCertifications : CE, GCC, ROSH, SGS, homologation Am\u00e9rique du Nord<\/p>","protected":false},"excerpt":{"rendered":"<p>Tension : 110-240 V<br \/>\nPuissance : 50 W<br \/>\nTemp\u00e9rature : 120-230 \u00b0C<br \/>\n\u00c9l\u00e9ment chauffant : PTC<br \/>\nPlaques : flottantes 3D<br \/>\nFinition optionnelle : titane, c\u00e9ramique ou placage miroir<\/p>","protected":false},"featured_media":692,"comment_status":"open","ping_status":"closed","template":"","meta":[],"product_brand":[],"product_cat":[57],"product_tag":[59,58,62],"class_list":{"0":"post-691","1":"product","2":"type-product","3":"status-publish","4":"has-post-thumbnail","6":"product_cat-hair-straightener","7":"product_tag-best-hair-straightener","8":"product_tag-hair-straightener-factory","9":"product_tag-hair-straightener-supplier","11":"first","12":"instock","13":"downloadable","14":"shipping-taxable","15":"product-type-simple"},"_links":{"self":[{"href":"https:\/\/songyehairtools.com\/fr\/wp-json\/wp\/v2\/product\/691","targetHints":{"allow":["GET"]}}],"collection":[{"href":"https:\/\/songyehairtools.com\/fr\/wp-json\/wp\/v2\/product"}],"about":[{"href":"https:\/\/songyehairtools.com\/fr\/wp-json\/wp\/v2\/types\/product"}],"replies":[{"embeddable":true,"href":"https:\/\/songyehairtools.com\/fr\/wp-json\/wp\/v2\/comments?post=691"}],"wp:featuredmedia":[{"embeddable":true,"href":"https:\/\/songyehairtools.com\/fr\/wp-json\/wp\/v2\/media\/692"}],"wp:attachment":[{"href":"https:\/\/songyehairtools.com\/fr\/wp-json\/wp\/v2\/media?parent=691"}],"wp:term":[{"taxonomy":"product_brand","embeddable":true,"href":"https:\/\/songyehairtools.com\/fr\/wp-json\/wp\/v2\/product_brand?post=691"},{"taxonomy":"product_cat","embeddable":true,"href":"https:\/\/songyehairtools.com\/fr\/wp-json\/wp\/v2\/product_cat?post=691"},{"taxonomy":"product_tag","embeddable":true,"href":"https:\/\/songyehairtools.com\/fr\/wp-json\/wp\/v2\/product_tag?post=691"}],"curies":[{"name":"wp","href":"https:\/\/api.w.org\/{rel}","templated":true}]}}