{"id":414,"date":"2025-07-28T07:48:08","date_gmt":"2025-07-28T07:48:08","guid":{"rendered":"https:\/\/songyehairtools.com\/product\/1600w-bldc-hair-dryer\/"},"modified":"2025-08-11T15:44:48","modified_gmt":"2025-08-11T15:44:48","slug":"secador-de-cabelo-hp-2050-1600w-bldc","status":"publish","type":"product","link":"https:\/\/songyehairtools.com\/pt\/produto\/secador-de-cabelo-hp-2050-1600w-bldc\/","title":{"rendered":"HP-2050 Secador de cabelo BLDC 1600W"},"content":{"rendered":"<p>220-240V 50-60Hz<br \/>\nPot\u00eancia: 1600W<br \/>\nMotor: Motor BLDC 110.000 RPM<br \/>\n2 velocidades \/ 3 temperaturas com indicador LED<br \/>\nAcess\u00f3rio: 1 bico difusor<\/p>","protected":false},"excerpt":{"rendered":"<p>Opera a 220-240V, 50-60Hz, com uma pot\u00eancia de sa\u00edda de 1600W. Equipado com um motor BLDC de 110000 RPM, oferece desempenho eficiente. Com 2 velocidades e 3 configura\u00e7\u00f5es de calor, claramente indicadas por LEDs, atende a diversas necessidades de styling. Inclui 1 acess\u00f3rio bocal. Ideal para secagem e modelagem de cabelo r\u00e1pida e precisa.<\/p>","protected":false},"featured_media":491,"comment_status":"open","ping_status":"closed","template":"","meta":[],"product_brand":[],"product_cat":[37],"product_tag":[41,38,40,39],"class_list":{"0":"post-414","1":"product","2":"type-product","3":"status-publish","4":"has-post-thumbnail","6":"product_cat-bldc-hair-dryer","7":"product_tag-best-brush-hair-dryer","8":"product_tag-best-hair-dryer","9":"product_tag-hair-dryer-like-dyson","10":"product_tag-professional-hair-dryer","12":"first","13":"instock","14":"shipping-taxable","15":"product-type-simple"},"_links":{"self":[{"href":"https:\/\/songyehairtools.com\/pt\/wp-json\/wp\/v2\/product\/414","targetHints":{"allow":["GET"]}}],"collection":[{"href":"https:\/\/songyehairtools.com\/pt\/wp-json\/wp\/v2\/product"}],"about":[{"href":"https:\/\/songyehairtools.com\/pt\/wp-json\/wp\/v2\/types\/product"}],"replies":[{"embeddable":true,"href":"https:\/\/songyehairtools.com\/pt\/wp-json\/wp\/v2\/comments?post=414"}],"wp:featuredmedia":[{"embeddable":true,"href":"https:\/\/songyehairtools.com\/pt\/wp-json\/wp\/v2\/media\/491"}],"wp:attachment":[{"href":"https:\/\/songyehairtools.com\/pt\/wp-json\/wp\/v2\/media?parent=414"}],"wp:term":[{"taxonomy":"product_brand","embeddable":true,"href":"https:\/\/songyehairtools.com\/pt\/wp-json\/wp\/v2\/product_brand?post=414"},{"taxonomy":"product_cat","embeddable":true,"href":"https:\/\/songyehairtools.com\/pt\/wp-json\/wp\/v2\/product_cat?post=414"},{"taxonomy":"product_tag","embeddable":true,"href":"https:\/\/songyehairtools.com\/pt\/wp-json\/wp\/v2\/product_tag?post=414"}],"curies":[{"name":"wp","href":"https:\/\/api.w.org\/{rel}","templated":true}]}}