{"id":415,"date":"2025-07-28T07:48:08","date_gmt":"2025-07-28T07:48:08","guid":{"rendered":"https:\/\/songyehairtools.com\/product\/2000w-bldc-hair-dryer\/"},"modified":"2025-08-11T15:45:22","modified_gmt":"2025-08-11T15:45:22","slug":"secador-de-cabelo-hp-6688-2000w-bldc","status":"publish","type":"product","link":"https:\/\/songyehairtools.com\/pt\/produto\/secador-de-cabelo-hp-6688-2000w-bldc\/","title":{"rendered":"HP-6688 Secador de cabelo BLDC 2000W"},"content":{"rendered":"<p>Tens\u00e3o: 220-240V 50-60Hz 2000W<br \/>\nMotor: Motor BLDC de 110000 RPM<br \/>\nVida \u00fatil do motor: Mais de 3000 horas<br \/>\n3 velocidades \/ 3 n\u00edveis de calor, jato frio<br \/>\n6 luzes LED indicam as configura\u00e7\u00f5es de calor e fluxo de ar<br \/>\nAcess\u00f3rios: 2 bicos magn\u00e9ticos, 1 difusor<\/p>","protected":false},"excerpt":{"rendered":"<p>Com um design elegante e moderno em formato de T, dispon\u00edvel em op\u00e7\u00f5es de cores estilosas, combina est\u00e9tica e funcionalidade.<br \/>\nAlimentado por um motor BLDC de 10000 RPM, proporciona uma velocidade do ar de 21-22 m\/s. Oferece 300 milh\u00f5es de \u00edons negativos para brilho sem frizz e fun\u00e7\u00e3o de autolimpeza. Com 4 modos de temperatura, 3 velocidades, 3 n\u00edveis de calor e um bot\u00e3o de jato frio, atende a todas as necessidades de styling. 6 luzes LED mostram as configura\u00e7\u00f5es com clareza. Inclui 2 bicos magn\u00e9ticos e 1 difusor para styling vers\u00e1til.<\/p>","protected":false},"featured_media":492,"comment_status":"open","ping_status":"closed","template":"","meta":[],"product_brand":[],"product_cat":[37],"product_tag":[38,42,40,43],"class_list":{"0":"post-415","1":"product","2":"type-product","3":"status-publish","4":"has-post-thumbnail","6":"product_cat-bldc-hair-dryer","7":"product_tag-best-hair-dryer","8":"product_tag-hair-dryer-factory","9":"product_tag-hair-dryer-like-dyson","10":"product_tag-quiet-hair-dryer","12":"first","13":"instock","14":"shipping-taxable","15":"product-type-simple"},"_links":{"self":[{"href":"https:\/\/songyehairtools.com\/pt\/wp-json\/wp\/v2\/product\/415","targetHints":{"allow":["GET"]}}],"collection":[{"href":"https:\/\/songyehairtools.com\/pt\/wp-json\/wp\/v2\/product"}],"about":[{"href":"https:\/\/songyehairtools.com\/pt\/wp-json\/wp\/v2\/types\/product"}],"replies":[{"embeddable":true,"href":"https:\/\/songyehairtools.com\/pt\/wp-json\/wp\/v2\/comments?post=415"}],"wp:featuredmedia":[{"embeddable":true,"href":"https:\/\/songyehairtools.com\/pt\/wp-json\/wp\/v2\/media\/492"}],"wp:attachment":[{"href":"https:\/\/songyehairtools.com\/pt\/wp-json\/wp\/v2\/media?parent=415"}],"wp:term":[{"taxonomy":"product_brand","embeddable":true,"href":"https:\/\/songyehairtools.com\/pt\/wp-json\/wp\/v2\/product_brand?post=415"},{"taxonomy":"product_cat","embeddable":true,"href":"https:\/\/songyehairtools.com\/pt\/wp-json\/wp\/v2\/product_cat?post=415"},{"taxonomy":"product_tag","embeddable":true,"href":"https:\/\/songyehairtools.com\/pt\/wp-json\/wp\/v2\/product_tag?post=415"}],"curies":[{"name":"wp","href":"https:\/\/api.w.org\/{rel}","templated":true}]}}