{"id":416,"date":"2025-07-28T07:48:08","date_gmt":"2025-07-28T07:48:08","guid":{"rendered":"https:\/\/songyehairtools.com\/product\/2100w-ac-hair-dryer\/"},"modified":"2025-08-11T15:31:00","modified_gmt":"2025-08-11T15:31:00","slug":"secador-de-cabelo-ac-hp-6889-2100w","status":"publish","type":"product","link":"https:\/\/songyehairtools.com\/pt\/produto\/secador-de-cabelo-ac-hp-6889-2100w\/","title":{"rendered":"HP-6889 Secador de cabelo AC 2100W"},"content":{"rendered":"<p>secador de cabelo em a\u00e7o inoxid\u00e1vel<br \/>\nTens\u00e3o: 220-240V 50-60Hz 2100W<br \/>\nMotor: motor AC profissional<br \/>\n2 velocidades \/ 3 n\u00edveis de calor \/ jato frio \/ Comprimento do cabo: 2,5 m<br \/>\n2 velocidades\/3 n\u00edveis de calor com jato frio<br \/>\nComprimento do cabo: 2,5m<br \/>\nAttachment: 2 nozzles<\/p>","protected":false},"excerpt":{"rendered":"<p>Apresenta um design elegante com<br \/>\ncorpo em a\u00e7o inoxid\u00e1vel. Alimentado por um motor AC profissional (vida \u00fatil superior a 1000 horas), opera em 220-240V AC, 50-60Hz, 2100W. Com 2 velocidades, 3 temperaturas e fun\u00e7\u00e3o ar frio, atende a diversas necessidades de styling. O cabo de 2,5m e os 2 bicos oferecem conveni\u00eancia, tornando-o uma excelente escolha para secagem capilar eficiente e estilosa.<\/p>","protected":false},"featured_media":494,"comment_status":"open","ping_status":"closed","template":"","meta":[],"product_brand":[],"product_cat":[44],"product_tag":[38,45,43,46],"class_list":{"0":"post-416","1":"product","2":"type-product","3":"status-publish","4":"has-post-thumbnail","6":"product_cat-ac-hair-dryer","7":"product_tag-best-hair-dryer","8":"product_tag-hair-dryer-manufacturer","9":"product_tag-quiet-hair-dryer","10":"product_tag-salon-hair-dryer","12":"first","13":"instock","14":"shipping-taxable","15":"product-type-simple"},"_links":{"self":[{"href":"https:\/\/songyehairtools.com\/pt\/wp-json\/wp\/v2\/product\/416","targetHints":{"allow":["GET"]}}],"collection":[{"href":"https:\/\/songyehairtools.com\/pt\/wp-json\/wp\/v2\/product"}],"about":[{"href":"https:\/\/songyehairtools.com\/pt\/wp-json\/wp\/v2\/types\/product"}],"replies":[{"embeddable":true,"href":"https:\/\/songyehairtools.com\/pt\/wp-json\/wp\/v2\/comments?post=416"}],"wp:featuredmedia":[{"embeddable":true,"href":"https:\/\/songyehairtools.com\/pt\/wp-json\/wp\/v2\/media\/494"}],"wp:attachment":[{"href":"https:\/\/songyehairtools.com\/pt\/wp-json\/wp\/v2\/media?parent=416"}],"wp:term":[{"taxonomy":"product_brand","embeddable":true,"href":"https:\/\/songyehairtools.com\/pt\/wp-json\/wp\/v2\/product_brand?post=416"},{"taxonomy":"product_cat","embeddable":true,"href":"https:\/\/songyehairtools.com\/pt\/wp-json\/wp\/v2\/product_cat?post=416"},{"taxonomy":"product_tag","embeddable":true,"href":"https:\/\/songyehairtools.com\/pt\/wp-json\/wp\/v2\/product_tag?post=416"}],"curies":[{"name":"wp","href":"https:\/\/api.w.org\/{rel}","templated":true}]}}