{"id":420,"date":"2025-07-28T07:48:08","date_gmt":"2025-07-28T07:48:08","guid":{"rendered":"https:\/\/songyehairtools.com\/product\/1800w-ac-hair-dryer\/"},"modified":"2025-08-11T15:34:34","modified_gmt":"2025-08-11T15:34:34","slug":"secador-de-cabelo-ac-hp-3500-1800w-2","status":"publish","type":"product","link":"https:\/\/songyehairtools.com\/pt\/produto\/secador-de-cabelo-ac-hp-3500-1800w-2\/","title":{"rendered":"HP-3500 Secador de cabelo AC 1800W"},"content":{"rendered":"<p>AC220-240V 50-60Hz 2100W<br \/>\nMotor: motor profissional AC<br \/>\nVida \u00fatil do motor: Mais de 1000 horas<br \/>\n2 velocidades \/ 3 temperaturas \/ jato de ar frio<br \/>\nComprimento do cabo: 2,5m<br \/>\nAcess\u00f3rios: 2 bicos<\/p>","protected":false},"excerpt":{"rendered":"<p>Conhe\u00e7a o secador de cabelo HP-3500, seu companheiro definitivo para styling. Com um design elegante em preto, n\u00e3o apenas possui apar\u00eancia profissional, mas oferece desempenho de primeira linha.<br \/>\nAlimentado por um motor profissional AC de 1800W, oferece 2 velocidades e 3 configura\u00e7\u00f5es de calor, al\u00e9m da fun\u00e7\u00e3o jato de ar frio para fixar o estilo. Com um cabo longo de 2,5m para maior flexibilidade e 2 bicos para diversas necessidades de styling, e uma vida \u00fatil do motor superior a 1000 horas, \u00e9 constru\u00eddo para durar e ajud\u00e1-lo a alcan\u00e7ar looks de sal\u00e3o em casa.<\/p>","protected":false},"featured_media":515,"comment_status":"open","ping_status":"closed","template":"","meta":[],"product_brand":[],"product_cat":[44],"product_tag":[45,47,49],"class_list":{"0":"post-420","1":"product","2":"type-product","3":"status-publish","4":"has-post-thumbnail","6":"product_cat-ac-hair-dryer","7":"product_tag-hair-dryer-manufacturer","8":"product_tag-hair-dryer-supplier","9":"product_tag-mini-hair-dryer","11":"first","12":"instock","13":"shipping-taxable","14":"product-type-simple"},"_links":{"self":[{"href":"https:\/\/songyehairtools.com\/pt\/wp-json\/wp\/v2\/product\/420","targetHints":{"allow":["GET"]}}],"collection":[{"href":"https:\/\/songyehairtools.com\/pt\/wp-json\/wp\/v2\/product"}],"about":[{"href":"https:\/\/songyehairtools.com\/pt\/wp-json\/wp\/v2\/types\/product"}],"replies":[{"embeddable":true,"href":"https:\/\/songyehairtools.com\/pt\/wp-json\/wp\/v2\/comments?post=420"}],"wp:featuredmedia":[{"embeddable":true,"href":"https:\/\/songyehairtools.com\/pt\/wp-json\/wp\/v2\/media\/515"}],"wp:attachment":[{"href":"https:\/\/songyehairtools.com\/pt\/wp-json\/wp\/v2\/media?parent=420"}],"wp:term":[{"taxonomy":"product_brand","embeddable":true,"href":"https:\/\/songyehairtools.com\/pt\/wp-json\/wp\/v2\/product_brand?post=420"},{"taxonomy":"product_cat","embeddable":true,"href":"https:\/\/songyehairtools.com\/pt\/wp-json\/wp\/v2\/product_cat?post=420"},{"taxonomy":"product_tag","embeddable":true,"href":"https:\/\/songyehairtools.com\/pt\/wp-json\/wp\/v2\/product_tag?post=420"}],"curies":[{"name":"wp","href":"https:\/\/api.w.org\/{rel}","templated":true}]}}