{"id":421,"date":"2025-07-28T07:48:08","date_gmt":"2025-07-28T07:48:08","guid":{"rendered":"https:\/\/songyehairtools.com\/product\/1900w-ac-hair-dryer\/"},"modified":"2025-08-11T15:35:38","modified_gmt":"2025-08-11T15:35:38","slug":"secador-de-cabelo-ac-hp-1970-1900w","status":"publish","type":"product","link":"https:\/\/songyehairtools.com\/pt\/produto\/secador-de-cabelo-ac-hp-1970-1900w\/","title":{"rendered":"HP-1970 Secador de cabelo AC 1900W"},"content":{"rendered":"<p>AC220-240V 50-60Hz 2400W<br \/>\nmotor profissional AC<br \/>\n2 velocidades\/3 n\u00edveis de calor com jato frio<br \/>\nComprimento do cabo: 2,5m<br \/>\nAcess\u00f3rios: 2 bicos<\/p>","protected":false},"excerpt":{"rendered":"<p>O secador de cabelo HP-1970 \u00e9 uma<br \/>\nferramenta de styling potente. Apresenta<br \/>\num design elegante e compacto na cor branca<br \/>\ncom detalhes em preto. Alimentado por um<br \/>\nmotor AC profissional, ele<br \/>\nopera em 220-240V AC, 50-60Hz,<br \/>\ne possui uma pot\u00eancia de 1900W.<br \/>\nOferece 2 configura\u00e7\u00f5es de velocidade e 3 n\u00edveis de calor, al\u00e9m de uma fun\u00e7\u00e3o de jato de ar frio para fixar os estilos. Com um cabo de 2,5m para maior flexibilidade e 2 bicos para personalizar o fluxo de ar, \u00e9 ideal para styling de qualidade profissional em casa.<\/p>","protected":false},"featured_media":517,"comment_status":"open","ping_status":"closed","template":"","meta":[],"product_brand":[],"product_cat":[44],"product_tag":[38,42,49,46],"class_list":{"0":"post-421","1":"product","2":"type-product","3":"status-publish","4":"has-post-thumbnail","6":"product_cat-ac-hair-dryer","7":"product_tag-best-hair-dryer","8":"product_tag-hair-dryer-factory","9":"product_tag-mini-hair-dryer","10":"product_tag-salon-hair-dryer","12":"first","13":"instock","14":"shipping-taxable","15":"product-type-simple"},"_links":{"self":[{"href":"https:\/\/songyehairtools.com\/pt\/wp-json\/wp\/v2\/product\/421","targetHints":{"allow":["GET"]}}],"collection":[{"href":"https:\/\/songyehairtools.com\/pt\/wp-json\/wp\/v2\/product"}],"about":[{"href":"https:\/\/songyehairtools.com\/pt\/wp-json\/wp\/v2\/types\/product"}],"replies":[{"embeddable":true,"href":"https:\/\/songyehairtools.com\/pt\/wp-json\/wp\/v2\/comments?post=421"}],"wp:featuredmedia":[{"embeddable":true,"href":"https:\/\/songyehairtools.com\/pt\/wp-json\/wp\/v2\/media\/517"}],"wp:attachment":[{"href":"https:\/\/songyehairtools.com\/pt\/wp-json\/wp\/v2\/media?parent=421"}],"wp:term":[{"taxonomy":"product_brand","embeddable":true,"href":"https:\/\/songyehairtools.com\/pt\/wp-json\/wp\/v2\/product_brand?post=421"},{"taxonomy":"product_cat","embeddable":true,"href":"https:\/\/songyehairtools.com\/pt\/wp-json\/wp\/v2\/product_cat?post=421"},{"taxonomy":"product_tag","embeddable":true,"href":"https:\/\/songyehairtools.com\/pt\/wp-json\/wp\/v2\/product_tag?post=421"}],"curies":[{"name":"wp","href":"https:\/\/api.w.org\/{rel}","templated":true}]}}