{"id":424,"date":"2025-07-28T07:48:08","date_gmt":"2025-07-28T07:48:08","guid":{"rendered":"https:\/\/songyehairtools.com\/product\/2000w-ac-hair-dryer\/"},"modified":"2025-08-11T15:36:39","modified_gmt":"2025-08-11T15:36:39","slug":"secador-de-cabelo-ac-hp-2200-2000w","status":"publish","type":"product","link":"https:\/\/songyehairtools.com\/pt\/produto\/secador-de-cabelo-ac-hp-2200-2000w\/","title":{"rendered":"HP-2200 Secador de cabelo AC 2000W"},"content":{"rendered":"<p>AC220-240V 50-60Hz 2000W<br \/>\nMotor: motor AC profissional<br \/>\n2 velocidades \/ 3 temperaturas \/ jato de ar frio<br \/>\nAcess\u00f3rio: 1 bocal concentrador<br \/>\nComprimento do cabo: 2,5m<\/p>","protected":false},"excerpt":{"rendered":"<p>O secador de cabelo HP-2200, com pot\u00eancia de 2000W, proporciona um fluxo de ar intenso para secagem r\u00e1pida.<br \/>\nSeu design elegante e totalmente preto n\u00e3o apenas \u00e9 estiloso, mas tamb\u00e9m ergon\u00f4mico, ajustando-se confortavelmente \u00e0 m\u00e3o. Com controles de f\u00e1cil utiliza\u00e7\u00e3o, permite ajustar o fluxo de ar e a temperatura para diferentes tipos de cabelo. Seja para criar looks lisos e alinhados ou adicionar volume, este secador ajuda a alcan\u00e7ar resultados profissionais em casa.<\/p>","protected":false},"featured_media":518,"comment_status":"open","ping_status":"closed","template":"","meta":[],"product_brand":[],"product_cat":[44],"product_tag":[41,45,47],"class_list":{"0":"post-424","1":"product","2":"type-product","3":"status-publish","4":"has-post-thumbnail","6":"product_cat-ac-hair-dryer","7":"product_tag-best-brush-hair-dryer","8":"product_tag-hair-dryer-manufacturer","9":"product_tag-hair-dryer-supplier","11":"first","12":"instock","13":"shipping-taxable","14":"product-type-simple"},"_links":{"self":[{"href":"https:\/\/songyehairtools.com\/pt\/wp-json\/wp\/v2\/product\/424","targetHints":{"allow":["GET"]}}],"collection":[{"href":"https:\/\/songyehairtools.com\/pt\/wp-json\/wp\/v2\/product"}],"about":[{"href":"https:\/\/songyehairtools.com\/pt\/wp-json\/wp\/v2\/types\/product"}],"replies":[{"embeddable":true,"href":"https:\/\/songyehairtools.com\/pt\/wp-json\/wp\/v2\/comments?post=424"}],"wp:featuredmedia":[{"embeddable":true,"href":"https:\/\/songyehairtools.com\/pt\/wp-json\/wp\/v2\/media\/518"}],"wp:attachment":[{"href":"https:\/\/songyehairtools.com\/pt\/wp-json\/wp\/v2\/media?parent=424"}],"wp:term":[{"taxonomy":"product_brand","embeddable":true,"href":"https:\/\/songyehairtools.com\/pt\/wp-json\/wp\/v2\/product_brand?post=424"},{"taxonomy":"product_cat","embeddable":true,"href":"https:\/\/songyehairtools.com\/pt\/wp-json\/wp\/v2\/product_cat?post=424"},{"taxonomy":"product_tag","embeddable":true,"href":"https:\/\/songyehairtools.com\/pt\/wp-json\/wp\/v2\/product_tag?post=424"}],"curies":[{"name":"wp","href":"https:\/\/api.w.org\/{rel}","templated":true}]}}