{"id":434,"date":"2025-07-28T07:48:09","date_gmt":"2025-07-28T07:48:09","guid":{"rendered":"https:\/\/songyehairtools.com\/product\/2100w-bldc-hair-dryer\/"},"modified":"2025-08-25T03:17:21","modified_gmt":"2025-08-25T03:17:21","slug":"secador-de-cabelo-hp-8898-2100w-bldc","status":"publish","type":"product","link":"https:\/\/songyehairtools.com\/pt\/produto\/secador-de-cabelo-hp-8898-2100w-bldc\/","title":{"rendered":"Secador de cabelo HP-8898 2100W com motor BLDC"},"content":{"rendered":"<p>secador de cabelo em a\u00e7o inoxid\u00e1vel<br \/>\nTens\u00e3o: 220-240V 50-60Hz 2100W<br \/>\nMotor: motor AC profissional<br \/>\n2 velocidades \/ 3 n\u00edveis de calor \/ jato frio \/ Comprimento do cabo: 2,5 m<br \/>\n2 velocidades\/3 n\u00edveis de calor com jato frio<br \/>\nComprimento do cabo: 2,5m<br \/>\nAttachment: 2 nozzles<\/p>","protected":false},"excerpt":{"rendered":"<p>Apresenta um design elegante com<br \/>\ncorpo em a\u00e7o inoxid\u00e1vel. Alimentado por um motor AC profissional (vida \u00fatil superior a 1000 horas), opera em 220-240V AC, 50-60Hz, 2100W. Com 2 velocidades, 3 temperaturas e fun\u00e7\u00e3o ar frio, atende a diversas necessidades de styling. O cabo de 2,5m e os 2 bicos oferecem conveni\u00eancia, tornando-o uma excelente escolha para secagem capilar eficiente e estilosa.<\/p>","protected":false},"featured_media":500,"comment_status":"open","ping_status":"closed","template":"","meta":[],"product_brand":[],"product_cat":[37],"product_tag":[45,47,49],"class_list":{"0":"post-434","1":"product","2":"type-product","3":"status-publish","4":"has-post-thumbnail","6":"product_cat-bldc-hair-dryer","7":"product_tag-hair-dryer-manufacturer","8":"product_tag-hair-dryer-supplier","9":"product_tag-mini-hair-dryer","11":"first","12":"instock","13":"shipping-taxable","14":"product-type-simple"},"_links":{"self":[{"href":"https:\/\/songyehairtools.com\/pt\/wp-json\/wp\/v2\/product\/434","targetHints":{"allow":["GET"]}}],"collection":[{"href":"https:\/\/songyehairtools.com\/pt\/wp-json\/wp\/v2\/product"}],"about":[{"href":"https:\/\/songyehairtools.com\/pt\/wp-json\/wp\/v2\/types\/product"}],"replies":[{"embeddable":true,"href":"https:\/\/songyehairtools.com\/pt\/wp-json\/wp\/v2\/comments?post=434"}],"wp:featuredmedia":[{"embeddable":true,"href":"https:\/\/songyehairtools.com\/pt\/wp-json\/wp\/v2\/media\/500"}],"wp:attachment":[{"href":"https:\/\/songyehairtools.com\/pt\/wp-json\/wp\/v2\/media?parent=434"}],"wp:term":[{"taxonomy":"product_brand","embeddable":true,"href":"https:\/\/songyehairtools.com\/pt\/wp-json\/wp\/v2\/product_brand?post=434"},{"taxonomy":"product_cat","embeddable":true,"href":"https:\/\/songyehairtools.com\/pt\/wp-json\/wp\/v2\/product_cat?post=434"},{"taxonomy":"product_tag","embeddable":true,"href":"https:\/\/songyehairtools.com\/pt\/wp-json\/wp\/v2\/product_tag?post=434"}],"curies":[{"name":"wp","href":"https:\/\/api.w.org\/{rel}","templated":true}]}}