{"id":437,"date":"2025-07-28T07:48:09","date_gmt":"2025-07-28T07:48:09","guid":{"rendered":"https:\/\/songyehairtools.com\/product\/2200w-hot-air-brush\/"},"modified":"2025-10-13T15:39:01","modified_gmt":"2025-10-13T15:39:01","slug":"escova-de-ar-quente-hp-2028-2200w","status":"publish","type":"product","link":"https:\/\/songyehairtools.com\/pt\/produto\/escova-de-ar-quente-hp-2028-2200w\/","title":{"rendered":"Escova de ar quente HP-2028 2200W"},"content":{"rendered":"<p>AC220-240V 50\/60HZ 2200W<br \/>\nMotor potente 110.000 RPM<br \/>\n3 velocidades\/3 temperaturas Comprimento do cabo: 2m<\/p>","protected":false},"excerpt":{"rendered":"<p>A escova de ar quente HP-2028, uma ferramenta de modelagem<br \/>\nmultifuncional 6 em 1.<br \/>\nCom um design elegante em azul,<br \/>\npossui um motor potente de 110.000 RPM<br \/>\ne libera 200 milh\u00f5es<br \/>\nde \u00edons negativos.<br \/>\nOferece 2 velocidades, 3 temperaturas e<br \/>\njato de ar frio. A fun\u00e7\u00e3o de mem\u00f3ria<br \/>\ne os acess\u00f3rios de encaixe \u00fanico<br \/>\naumentam a conveni\u00eancia, enquanto<br \/>\ncontrole inteligente de calor<br \/>\nprotegem os cabelos. Alimentada por 2200W,<br \/>\n,inclui diversos bicos<br \/>\npara modelagem completa.<\/p>","protected":false},"featured_media":536,"comment_status":"open","ping_status":"closed","template":"","meta":[],"product_brand":[],"product_cat":[50],"product_tag":[41,51,52],"class_list":{"0":"post-437","1":"product","2":"type-product","3":"status-publish","4":"has-post-thumbnail","6":"product_cat-hot-air-brush","7":"product_tag-best-brush-hair-dryer","8":"product_tag-hair-dryer-brush","9":"product_tag-hot-air-brush-factory","11":"first","12":"instock","13":"shipping-taxable","14":"product-type-simple"},"_links":{"self":[{"href":"https:\/\/songyehairtools.com\/pt\/wp-json\/wp\/v2\/product\/437","targetHints":{"allow":["GET"]}}],"collection":[{"href":"https:\/\/songyehairtools.com\/pt\/wp-json\/wp\/v2\/product"}],"about":[{"href":"https:\/\/songyehairtools.com\/pt\/wp-json\/wp\/v2\/types\/product"}],"replies":[{"embeddable":true,"href":"https:\/\/songyehairtools.com\/pt\/wp-json\/wp\/v2\/comments?post=437"}],"wp:featuredmedia":[{"embeddable":true,"href":"https:\/\/songyehairtools.com\/pt\/wp-json\/wp\/v2\/media\/536"}],"wp:attachment":[{"href":"https:\/\/songyehairtools.com\/pt\/wp-json\/wp\/v2\/media?parent=437"}],"wp:term":[{"taxonomy":"product_brand","embeddable":true,"href":"https:\/\/songyehairtools.com\/pt\/wp-json\/wp\/v2\/product_brand?post=437"},{"taxonomy":"product_cat","embeddable":true,"href":"https:\/\/songyehairtools.com\/pt\/wp-json\/wp\/v2\/product_cat?post=437"},{"taxonomy":"product_tag","embeddable":true,"href":"https:\/\/songyehairtools.com\/pt\/wp-json\/wp\/v2\/product_tag?post=437"}],"curies":[{"name":"wp","href":"https:\/\/api.w.org\/{rel}","templated":true}]}}