{"id":441,"date":"2025-07-28T07:48:09","date_gmt":"2025-07-28T07:48:09","guid":{"rendered":"https:\/\/songyehairtools.com\/product\/2200w-hot-air-brush-2\/"},"modified":"2025-10-27T03:59:02","modified_gmt":"2025-10-27T03:59:02","slug":"escova-de-ar-quente-hp-2030-1200w","status":"publish","type":"product","link":"https:\/\/songyehairtools.com\/pt\/produto\/escova-de-ar-quente-hp-2030-1200w\/","title":{"rendered":"Escova de ar quente HP-2030 1200W"},"content":{"rendered":"<p>1. Tens\u00e3o: AC 100-110V\/220V-240V, 50\/60Hz<br \/>\n2. Pot\u00eancia: 1000-1200W<br \/>\n3. Escova de ar quente intercambi\u00e1vel 5 em 1<br \/>\n4. 5 cabe\u00e7as de escova funcionais diferentes para atender \u00e0s suas necessidades de alisamento, ondula\u00e7\u00e3o, styling e secagem.<br \/>\n5. Novo design da resist\u00eancia, temperatura de aquecimento de 60\u00b0C a 120\u00b0C<br \/>\n6. Tr\u00eas configura\u00e7\u00f5es de calor e duas de velocidade para oferecer flexibilidade na secagem e styling do cabelo<br \/>\n7. Design de cabe\u00e7a de escova remov\u00edvel, conveniente para transporte. Cabo ergon\u00f4mico, f\u00e1cil de usar.<br \/>\n8. Motor potente e silencioso, facilita a fixa\u00e7\u00e3o do estilo. Secagem r\u00e1pida.<br \/>\n9. Cabo de 2m, plugue pode ser configurado conforme diferentes pa\u00edses<\/p>","protected":false},"excerpt":{"rendered":"<p>A escova de ar quente HP-2030 5 em 1<\/p>\n<p>Com um potente motor de 42000 RPM, proporciona fluxo de ar eficiente.<\/p>\n<p>Com controle inteligente de calor, protege o cabelo contra danos t\u00e9rmicos.<\/p>\n<p>O design moderno e elegante em prata e rosa chama a aten\u00e7\u00e3o.<\/p>\n<p>Inclui m\u00faltiplas escovas destac\u00e1veis, adequando-se a diversas necessidades de styling.<\/p>\n<p>Funciona em AC-220V, 50-60Hz, 1200W, \u00e9 um item essencial para penteados perfeitos.<\/p>","protected":false},"featured_media":707,"comment_status":"open","ping_status":"closed","template":"","meta":[],"product_brand":[],"product_cat":[50],"product_tag":[51,52,43],"class_list":{"0":"post-441","1":"product","2":"type-product","3":"status-publish","4":"has-post-thumbnail","6":"product_cat-hot-air-brush","7":"product_tag-hair-dryer-brush","8":"product_tag-hot-air-brush-factory","9":"product_tag-quiet-hair-dryer","11":"first","12":"instock","13":"shipping-taxable","14":"product-type-simple"},"_links":{"self":[{"href":"https:\/\/songyehairtools.com\/pt\/wp-json\/wp\/v2\/product\/441","targetHints":{"allow":["GET"]}}],"collection":[{"href":"https:\/\/songyehairtools.com\/pt\/wp-json\/wp\/v2\/product"}],"about":[{"href":"https:\/\/songyehairtools.com\/pt\/wp-json\/wp\/v2\/types\/product"}],"replies":[{"embeddable":true,"href":"https:\/\/songyehairtools.com\/pt\/wp-json\/wp\/v2\/comments?post=441"}],"wp:featuredmedia":[{"embeddable":true,"href":"https:\/\/songyehairtools.com\/pt\/wp-json\/wp\/v2\/media\/707"}],"wp:attachment":[{"href":"https:\/\/songyehairtools.com\/pt\/wp-json\/wp\/v2\/media?parent=441"}],"wp:term":[{"taxonomy":"product_brand","embeddable":true,"href":"https:\/\/songyehairtools.com\/pt\/wp-json\/wp\/v2\/product_brand?post=441"},{"taxonomy":"product_cat","embeddable":true,"href":"https:\/\/songyehairtools.com\/pt\/wp-json\/wp\/v2\/product_cat?post=441"},{"taxonomy":"product_tag","embeddable":true,"href":"https:\/\/songyehairtools.com\/pt\/wp-json\/wp\/v2\/product_tag?post=441"}],"curies":[{"name":"wp","href":"https:\/\/api.w.org\/{rel}","templated":true}]}}