{"id":445,"date":"2025-07-28T07:48:13","date_gmt":"2025-07-28T07:48:13","guid":{"rendered":"https:\/\/songyehairtools.com\/product\/800w-hot-air-brush\/"},"modified":"2025-09-04T14:49:00","modified_gmt":"2025-09-04T14:49:00","slug":"escova-de-ar-quente-hp-2025-800w","status":"publish","type":"product","link":"https:\/\/songyehairtools.com\/pt\/produto\/escova-de-ar-quente-hp-2025-800w\/","title":{"rendered":"HP-2025 Escova modeladora 800W"},"content":{"rendered":"<p>800-1000W<br \/>\nAC220V-240V<br \/>\n50Hz\/60Hz<br \/>\n2 configura\u00e7\u00f5es de velocidade<br \/>\nJato de ar frio<br \/>\n2 escovas destac\u00e1veis<br \/>\nComprimento do cabo: 2m<\/p>","protected":false},"excerpt":{"rendered":"<p>A escova de ar quente HP-2025 \u00e9 um instrumento de estiliza\u00e7\u00e3o capilar elegante e funcional. Com um design moderno nas cores roxo e branco, oferece pot\u00eancia de 800-1000W, operando em 220-240V CA, 50-60Hz. Possui 2 configura\u00e7\u00f5es de velocidade e fun\u00e7\u00e3o de ar frio para estiliza\u00e7\u00e3o vers\u00e1til. Al\u00e9m disso, 2 escovas destac\u00e1veis permitem alterar o visual com facilidade. O cabo de 2m garante uso flex\u00edvel, tornando-a ideal para criar diversos penteados em casa.<\/p>","protected":false},"featured_media":700,"comment_status":"open","ping_status":"closed","template":"","meta":[],"product_brand":[],"product_cat":[50],"product_tag":[41,51,52],"class_list":{"0":"post-445","1":"product","2":"type-product","3":"status-publish","4":"has-post-thumbnail","6":"product_cat-hot-air-brush","7":"product_tag-best-brush-hair-dryer","8":"product_tag-hair-dryer-brush","9":"product_tag-hot-air-brush-factory","11":"first","12":"instock","13":"shipping-taxable","14":"product-type-simple"},"_links":{"self":[{"href":"https:\/\/songyehairtools.com\/pt\/wp-json\/wp\/v2\/product\/445","targetHints":{"allow":["GET"]}}],"collection":[{"href":"https:\/\/songyehairtools.com\/pt\/wp-json\/wp\/v2\/product"}],"about":[{"href":"https:\/\/songyehairtools.com\/pt\/wp-json\/wp\/v2\/types\/product"}],"replies":[{"embeddable":true,"href":"https:\/\/songyehairtools.com\/pt\/wp-json\/wp\/v2\/comments?post=445"}],"wp:featuredmedia":[{"embeddable":true,"href":"https:\/\/songyehairtools.com\/pt\/wp-json\/wp\/v2\/media\/700"}],"wp:attachment":[{"href":"https:\/\/songyehairtools.com\/pt\/wp-json\/wp\/v2\/media?parent=445"}],"wp:term":[{"taxonomy":"product_brand","embeddable":true,"href":"https:\/\/songyehairtools.com\/pt\/wp-json\/wp\/v2\/product_brand?post=445"},{"taxonomy":"product_cat","embeddable":true,"href":"https:\/\/songyehairtools.com\/pt\/wp-json\/wp\/v2\/product_cat?post=445"},{"taxonomy":"product_tag","embeddable":true,"href":"https:\/\/songyehairtools.com\/pt\/wp-json\/wp\/v2\/product_tag?post=445"}],"curies":[{"name":"wp","href":"https:\/\/api.w.org\/{rel}","templated":true}]}}