{"id":447,"date":"2025-07-28T07:48:13","date_gmt":"2025-07-28T07:48:13","guid":{"rendered":"https:\/\/songyehairtools.com\/product\/1000w-hot-air-brush-3\/"},"modified":"2025-09-04T14:50:55","modified_gmt":"2025-09-04T14:50:55","slug":"escova-de-ar-quente-hp-5253-1000w","status":"publish","type":"product","link":"https:\/\/songyehairtools.com\/pt\/produto\/escova-de-ar-quente-hp-5253-1000w\/","title":{"rendered":"HP-5253 Escova modeladora 1000W"},"content":{"rendered":"<p>AC220-240V 50\/60Hz<br \/>\n1000W \u20141100W<br \/>\n2 velocidades\/3 temperaturas<br \/>\nJato de ar frio<br \/>\nComprimento do cabo\uff1a2m<\/p>","protected":false},"excerpt":{"rendered":"<p>A escova de ar quente HP-5253 \u00e9 revolucion\u00e1ria para o styling capilar. Com um design elegante em preto e dourado, \u00e9 t\u00e3o estilosa quanto funcional. Esta ferramenta 5 em 1 funciona como secador, modelador de cachos. Opera em AC220-240V, 50-60Hz, com pot\u00eancia de 1000-1200W, possui 2 velocidades e 2 n\u00edveis de calor, al\u00e9m de jato de ar frio. O cabo de 2m oferece flexibilidade. Alcance diversos looks com facilidade!<\/p>","protected":false},"featured_media":702,"comment_status":"open","ping_status":"closed","template":"","meta":[],"product_brand":[],"product_cat":[50],"product_tag":[51,52,54],"class_list":{"0":"post-447","1":"product","2":"type-product","3":"status-publish","4":"has-post-thumbnail","6":"product_cat-hot-air-brush","7":"product_tag-hair-dryer-brush","8":"product_tag-hot-air-brush-factory","9":"product_tag-hot-air-brush-manufacturer","11":"first","12":"instock","13":"shipping-taxable","14":"product-type-simple"},"_links":{"self":[{"href":"https:\/\/songyehairtools.com\/pt\/wp-json\/wp\/v2\/product\/447","targetHints":{"allow":["GET"]}}],"collection":[{"href":"https:\/\/songyehairtools.com\/pt\/wp-json\/wp\/v2\/product"}],"about":[{"href":"https:\/\/songyehairtools.com\/pt\/wp-json\/wp\/v2\/types\/product"}],"replies":[{"embeddable":true,"href":"https:\/\/songyehairtools.com\/pt\/wp-json\/wp\/v2\/comments?post=447"}],"wp:featuredmedia":[{"embeddable":true,"href":"https:\/\/songyehairtools.com\/pt\/wp-json\/wp\/v2\/media\/702"}],"wp:attachment":[{"href":"https:\/\/songyehairtools.com\/pt\/wp-json\/wp\/v2\/media?parent=447"}],"wp:term":[{"taxonomy":"product_brand","embeddable":true,"href":"https:\/\/songyehairtools.com\/pt\/wp-json\/wp\/v2\/product_brand?post=447"},{"taxonomy":"product_cat","embeddable":true,"href":"https:\/\/songyehairtools.com\/pt\/wp-json\/wp\/v2\/product_cat?post=447"},{"taxonomy":"product_tag","embeddable":true,"href":"https:\/\/songyehairtools.com\/pt\/wp-json\/wp\/v2\/product_tag?post=447"}],"curies":[{"name":"wp","href":"https:\/\/api.w.org\/{rel}","templated":true}]}}