{"id":659,"date":"2025-08-25T03:38:06","date_gmt":"2025-08-25T03:38:06","guid":{"rendered":"https:\/\/songyehairtools.com\/?post_type=product&#038;p=659"},"modified":"2025-08-25T03:38:06","modified_gmt":"2025-08-25T03:38:06","slug":"alisador-de-cabelo-infravermelho-distante-hp-816s","status":"publish","type":"product","link":"https:\/\/songyehairtools.com\/pt\/produto\/alisador-de-cabelo-infravermelho-distante-hp-816s\/","title":{"rendered":"HP-816S Chapinha com infravermelho"},"content":{"rendered":"<p>AC110V-240V 50\/60Hz 50W<br \/>\nTemperatura: 120-230\u00b0C com display LCD<br \/>\nElemento de aquecimento: PTC<br \/>\nPlaca: revestimento cer\u00e2mico flutuante<br \/>\nMaterial do corpo: PET<br \/>\nCabo girat\u00f3rio: 2,5m\/cabo girat\u00f3rio 360\u00b0<br \/>\nTens\u00e3o: Dupla tens\u00e3o, adequado para uso global<br \/>\nPressione o bot\u00e3o de energia por 3 segundos para ligar, desligamento autom\u00e1tico ap\u00f3s 1 hora<br \/>\nCE, GCC, ROSH, SGS, Aprova\u00e7\u00e3o Norte-Americana<\/p>","protected":false},"excerpt":{"rendered":"<p>Tens\u00e3o: 110-240V<br \/>\nPot\u00eancia: 65W<br \/>\nTemperatura: 120-230\u00b0C com LCD<br \/>\nElemento de aquecimento: PTC<br \/>\nPlaca: flutuante 3D<br \/>\nFun\u00e7\u00e3o de infravermelho long\u00ednquo<br \/>\nTit\u00e2nio, cer\u00e2mica, revestimento espelhado opcional<\/p>","protected":false},"featured_media":660,"comment_status":"open","ping_status":"closed","template":"","meta":[],"product_brand":[],"product_cat":[57],"product_tag":[58],"class_list":{"0":"post-659","1":"product","2":"type-product","3":"status-publish","4":"has-post-thumbnail","6":"product_cat-hair-straightener","7":"product_tag-hair-straightener-factory","9":"first","10":"instock","11":"shipping-taxable","12":"product-type-simple"},"_links":{"self":[{"href":"https:\/\/songyehairtools.com\/pt\/wp-json\/wp\/v2\/product\/659","targetHints":{"allow":["GET"]}}],"collection":[{"href":"https:\/\/songyehairtools.com\/pt\/wp-json\/wp\/v2\/product"}],"about":[{"href":"https:\/\/songyehairtools.com\/pt\/wp-json\/wp\/v2\/types\/product"}],"replies":[{"embeddable":true,"href":"https:\/\/songyehairtools.com\/pt\/wp-json\/wp\/v2\/comments?post=659"}],"wp:featuredmedia":[{"embeddable":true,"href":"https:\/\/songyehairtools.com\/pt\/wp-json\/wp\/v2\/media\/660"}],"wp:attachment":[{"href":"https:\/\/songyehairtools.com\/pt\/wp-json\/wp\/v2\/media?parent=659"}],"wp:term":[{"taxonomy":"product_brand","embeddable":true,"href":"https:\/\/songyehairtools.com\/pt\/wp-json\/wp\/v2\/product_brand?post=659"},{"taxonomy":"product_cat","embeddable":true,"href":"https:\/\/songyehairtools.com\/pt\/wp-json\/wp\/v2\/product_cat?post=659"},{"taxonomy":"product_tag","embeddable":true,"href":"https:\/\/songyehairtools.com\/pt\/wp-json\/wp\/v2\/product_tag?post=659"}],"curies":[{"name":"wp","href":"https:\/\/api.w.org\/{rel}","templated":true}]}}